{"id":661,"date":"2018-03-11T20:13:29","date_gmt":"2018-03-11T19:13:29","guid":{"rendered":"https:\/\/www.racingmotorsportparts.com\/?post_type=product&#038;p=661"},"modified":"2023-04-15T14:32:16","modified_gmt":"2023-04-15T12:32:16","slug":"kit-distribution-subaru-impreza-wrx-sti-2003-2018","status":"publish","type":"product","link":"https:\/\/www.racingmotorsportparts.com\/indexphp\/boutique\/engine\/timing_belt\/kit-distribution-subaru-impreza-wrx-sti-2003-2018\/","title":{"rendered":"Kit Distribution &#8211; Subaru Impreza WRX \/ STI 2003 &#8211; 2018"},"content":{"rendered":"<p>Kit courroie de distribution pour :<\/p>\n<p>SUBARU Impreza WRX et STI de 2003 \u00e0 2018<\/p>\n<p>Subaru impreza 2.0l r de 2007 a 2011<\/p>\n<p>Subaru forester 2.5 xt turbo sh9<\/p>\n<p>Nous avons s\u00e9lectionn\u00e9 les meilleurs galets pour la composition de notre kit courroie de distribution<\/p>\n<p>Contrairement aux kits que vous trouverez dans le commerce, chez votre grossiste, ou fabricant avec des probl\u00e8mes comme les courroies sans marquages ou marquage de la courroie \u00e0 l&rsquo;envers, roulement de galet pas assez large avec un jeu excessif dans le futur, ou encore le petit galet qui ne correspond pas \u00e0 l&rsquo;ann\u00e9e du v\u00e9hicule.<\/p>\n<p>Nous avons choisi les meilleurs galets pour la composition de notre  kit  courroie de distribution (NSK identique au constructeur ,NTN, KOYO), ainsi que l&rsquo;affectation exacte pour chaque ann\u00e9e de fabrication<\/p>\n<p>Nous proposons aussi le kit avec une variante de courroie renforc\u00e9e pour les Subaru Impreza avec de grosses puissances <\/p>\n<p>Livr\u00e9 dans un emballage sp\u00e9cifique.<\/p>\n","protected":false},"excerpt":{"rendered":"<div class=\"mh-excerpt\"><p>Kit courroie de distribution pour : SUBARU Impreza WRX et STI de 2003 \u00e0 2018 Subaru impreza 2.0l r de 2007 a 2011 Subaru forester <a class=\"mh-excerpt-more\" href=\"https:\/\/www.racingmotorsportparts.com\/indexphp\/boutique\/engine\/timing_belt\/kit-distribution-subaru-impreza-wrx-sti-2003-2018\/\" title=\"Kit Distribution &#8211; Subaru Impreza WRX \/ STI 2003 &#8211; 2018\">[&#8230;]<\/a><\/p>\n<\/div>","protected":false},"featured_media":0,"comment_status":"open","ping_status":"closed","template":"","meta":[],"product_brand":[],"product_cat":[149,412],"product_tag":[],"class_list":{"0":"post-661","1":"product","2":"type-product","3":"status-publish","5":"product_cat-timing_belt","6":"product_cat-brand-sd","8":"first","9":"onbackorder","10":"taxable","11":"shipping-taxable","12":"purchasable","13":"product-type-simple"},"yoast_head":"<!-- This site is optimized with the Yoast SEO plugin v27.1.1 - https:\/\/yoast.com\/product\/yoast-seo-wordpress\/ -->\n<title>Kit Distribution - Subaru Impreza WRX \/ STI 2003 - 2018 - Racing Motorsport Parts<\/title>\n<meta name=\"robots\" content=\"index, follow, max-snippet:-1, max-image-preview:large, max-video-preview:-1\" \/>\n<link rel=\"canonical\" href=\"https:\/\/www.racingmotorsportparts.com\/indexphp\/boutique\/engine\/timing_belt\/kit-distribution-subaru-impreza-wrx-sti-2003-2018\/\" \/>\n<meta property=\"og:locale\" content=\"fr_FR\" \/>\n<meta property=\"og:type\" content=\"article\" \/>\n<meta property=\"og:title\" content=\"Kit Distribution - Subaru Impreza WRX \/ STI 2003 - 2018 - Racing Motorsport Parts\" \/>\n<meta property=\"og:description\" content=\"Kit courroie de distribution pour : SUBARU Impreza WRX et STI de 2003 \u00e0 2018 Subaru impreza 2.0l r de 2007 a 2011 Subaru forester [...]\" \/>\n<meta property=\"og:url\" content=\"https:\/\/www.racingmotorsportparts.com\/indexphp\/boutique\/engine\/timing_belt\/kit-distribution-subaru-impreza-wrx-sti-2003-2018\/\" \/>\n<meta property=\"og:site_name\" content=\"Racing Motorsport Parts\" \/>\n<meta property=\"article:publisher\" content=\"https:\/\/www.facebook.com\/RacingMotorsportParts\" \/>\n<meta property=\"article:modified_time\" content=\"2023-04-15T12:32:16+00:00\" \/>\n<meta name=\"twitter:card\" content=\"summary_large_image\" \/>\n<meta name=\"twitter:label1\" content=\"Dur\u00e9e de lecture estim\u00e9e\" \/>\n\t<meta name=\"twitter:data1\" content=\"1 minute\" \/>\n<script type=\"application\/ld+json\" class=\"yoast-schema-graph\">{\"@context\":\"https:\/\/schema.org\",\"@graph\":[{\"@type\":\"WebPage\",\"@id\":\"https:\/\/www.racingmotorsportparts.com\/indexphp\/boutique\/engine\/timing_belt\/kit-distribution-subaru-impreza-wrx-sti-2003-2018\/\",\"url\":\"https:\/\/www.racingmotorsportparts.com\/indexphp\/boutique\/engine\/timing_belt\/kit-distribution-subaru-impreza-wrx-sti-2003-2018\/\",\"name\":\"Kit Distribution - Subaru Impreza WRX \/ STI 2003 - 2018 - Racing Motorsport Parts\",\"isPartOf\":{\"@id\":\"https:\/\/www.racingmotorsportparts.com\/#website\"},\"datePublished\":\"2018-03-11T19:13:29+00:00\",\"dateModified\":\"2023-04-15T12:32:16+00:00\",\"breadcrumb\":{\"@id\":\"https:\/\/www.racingmotorsportparts.com\/indexphp\/boutique\/engine\/timing_belt\/kit-distribution-subaru-impreza-wrx-sti-2003-2018\/#breadcrumb\"},\"inLanguage\":\"fr-FR\",\"potentialAction\":[{\"@type\":\"ReadAction\",\"target\":[\"https:\/\/www.racingmotorsportparts.com\/indexphp\/boutique\/engine\/timing_belt\/kit-distribution-subaru-impreza-wrx-sti-2003-2018\/\"]}]},{\"@type\":\"BreadcrumbList\",\"@id\":\"https:\/\/www.racingmotorsportparts.com\/indexphp\/boutique\/engine\/timing_belt\/kit-distribution-subaru-impreza-wrx-sti-2003-2018\/#breadcrumb\",\"itemListElement\":[{\"@type\":\"ListItem\",\"position\":1,\"name\":\"Accueil\",\"item\":\"https:\/\/www.racingmotorsportparts.com\/\"},{\"@type\":\"ListItem\",\"position\":2,\"name\":\"Boutique\",\"item\":\"https:\/\/www.racingmotorsportparts.com\/index.php\/boutique\/\"},{\"@type\":\"ListItem\",\"position\":3,\"name\":\"Kit Distribution &#8211; Subaru Impreza WRX \/ STI 2003 &#8211; 2018\"}]},{\"@type\":\"WebSite\",\"@id\":\"https:\/\/www.racingmotorsportparts.com\/#website\",\"url\":\"https:\/\/www.racingmotorsportparts.com\/\",\"name\":\"Racing Motorsport Parts\",\"description\":\"Reprogrammateur et distributeur de pi\u00e8ces\",\"publisher\":{\"@id\":\"https:\/\/www.racingmotorsportparts.com\/#organization\"},\"potentialAction\":[{\"@type\":\"SearchAction\",\"target\":{\"@type\":\"EntryPoint\",\"urlTemplate\":\"https:\/\/www.racingmotorsportparts.com\/?s={search_term_string}\"},\"query-input\":{\"@type\":\"PropertyValueSpecification\",\"valueRequired\":true,\"valueName\":\"search_term_string\"}}],\"inLanguage\":\"fr-FR\"},{\"@type\":\"Organization\",\"@id\":\"https:\/\/www.racingmotorsportparts.com\/#organization\",\"name\":\"Racing Motorsport Parts\",\"url\":\"https:\/\/www.racingmotorsportparts.com\/\",\"logo\":{\"@type\":\"ImageObject\",\"inLanguage\":\"fr-FR\",\"@id\":\"https:\/\/www.racingmotorsportparts.com\/#\/schema\/logo\/image\/\",\"url\":\"https:\/\/www.racingmotorsportparts.com\/wp-content\/uploads\/2022\/09\/cropped-RMP.png\",\"contentUrl\":\"https:\/\/www.racingmotorsportparts.com\/wp-content\/uploads\/2022\/09\/cropped-RMP.png\",\"width\":1624,\"height\":542,\"caption\":\"Racing Motorsport Parts\"},\"image\":{\"@id\":\"https:\/\/www.racingmotorsportparts.com\/#\/schema\/logo\/image\/\"},\"sameAs\":[\"https:\/\/www.facebook.com\/RacingMotorsportParts\",\"https:\/\/www.instagram.com\/RacingMotorsportParts\"]}]}<\/script>\n<!-- \/ Yoast SEO plugin. -->","yoast_head_json":{"title":"Kit Distribution - Subaru Impreza WRX \/ STI 2003 - 2018 - Racing Motorsport Parts","robots":{"index":"index","follow":"follow","max-snippet":"max-snippet:-1","max-image-preview":"max-image-preview:large","max-video-preview":"max-video-preview:-1"},"canonical":"https:\/\/www.racingmotorsportparts.com\/indexphp\/boutique\/engine\/timing_belt\/kit-distribution-subaru-impreza-wrx-sti-2003-2018\/","og_locale":"fr_FR","og_type":"article","og_title":"Kit Distribution - Subaru Impreza WRX \/ STI 2003 - 2018 - Racing Motorsport Parts","og_description":"Kit courroie de distribution pour : SUBARU Impreza WRX et STI de 2003 \u00e0 2018 Subaru impreza 2.0l r de 2007 a 2011 Subaru forester [...]","og_url":"https:\/\/www.racingmotorsportparts.com\/indexphp\/boutique\/engine\/timing_belt\/kit-distribution-subaru-impreza-wrx-sti-2003-2018\/","og_site_name":"Racing Motorsport Parts","article_publisher":"https:\/\/www.facebook.com\/RacingMotorsportParts","article_modified_time":"2023-04-15T12:32:16+00:00","twitter_card":"summary_large_image","twitter_misc":{"Dur\u00e9e de lecture estim\u00e9e":"1 minute"},"schema":{"@context":"https:\/\/schema.org","@graph":[{"@type":"WebPage","@id":"https:\/\/www.racingmotorsportparts.com\/indexphp\/boutique\/engine\/timing_belt\/kit-distribution-subaru-impreza-wrx-sti-2003-2018\/","url":"https:\/\/www.racingmotorsportparts.com\/indexphp\/boutique\/engine\/timing_belt\/kit-distribution-subaru-impreza-wrx-sti-2003-2018\/","name":"Kit Distribution - Subaru Impreza WRX \/ STI 2003 - 2018 - Racing Motorsport Parts","isPartOf":{"@id":"https:\/\/www.racingmotorsportparts.com\/#website"},"datePublished":"2018-03-11T19:13:29+00:00","dateModified":"2023-04-15T12:32:16+00:00","breadcrumb":{"@id":"https:\/\/www.racingmotorsportparts.com\/indexphp\/boutique\/engine\/timing_belt\/kit-distribution-subaru-impreza-wrx-sti-2003-2018\/#breadcrumb"},"inLanguage":"fr-FR","potentialAction":[{"@type":"ReadAction","target":["https:\/\/www.racingmotorsportparts.com\/indexphp\/boutique\/engine\/timing_belt\/kit-distribution-subaru-impreza-wrx-sti-2003-2018\/"]}]},{"@type":"BreadcrumbList","@id":"https:\/\/www.racingmotorsportparts.com\/indexphp\/boutique\/engine\/timing_belt\/kit-distribution-subaru-impreza-wrx-sti-2003-2018\/#breadcrumb","itemListElement":[{"@type":"ListItem","position":1,"name":"Accueil","item":"https:\/\/www.racingmotorsportparts.com\/"},{"@type":"ListItem","position":2,"name":"Boutique","item":"https:\/\/www.racingmotorsportparts.com\/index.php\/boutique\/"},{"@type":"ListItem","position":3,"name":"Kit Distribution &#8211; Subaru Impreza WRX \/ STI 2003 &#8211; 2018"}]},{"@type":"WebSite","@id":"https:\/\/www.racingmotorsportparts.com\/#website","url":"https:\/\/www.racingmotorsportparts.com\/","name":"Racing Motorsport Parts","description":"Reprogrammateur et distributeur de pi\u00e8ces","publisher":{"@id":"https:\/\/www.racingmotorsportparts.com\/#organization"},"potentialAction":[{"@type":"SearchAction","target":{"@type":"EntryPoint","urlTemplate":"https:\/\/www.racingmotorsportparts.com\/?s={search_term_string}"},"query-input":{"@type":"PropertyValueSpecification","valueRequired":true,"valueName":"search_term_string"}}],"inLanguage":"fr-FR"},{"@type":"Organization","@id":"https:\/\/www.racingmotorsportparts.com\/#organization","name":"Racing Motorsport Parts","url":"https:\/\/www.racingmotorsportparts.com\/","logo":{"@type":"ImageObject","inLanguage":"fr-FR","@id":"https:\/\/www.racingmotorsportparts.com\/#\/schema\/logo\/image\/","url":"https:\/\/www.racingmotorsportparts.com\/wp-content\/uploads\/2022\/09\/cropped-RMP.png","contentUrl":"https:\/\/www.racingmotorsportparts.com\/wp-content\/uploads\/2022\/09\/cropped-RMP.png","width":1624,"height":542,"caption":"Racing Motorsport Parts"},"image":{"@id":"https:\/\/www.racingmotorsportparts.com\/#\/schema\/logo\/image\/"},"sameAs":["https:\/\/www.facebook.com\/RacingMotorsportParts","https:\/\/www.instagram.com\/RacingMotorsportParts"]}]}},"_links":{"self":[{"href":"https:\/\/www.racingmotorsportparts.com\/index.php\/wp-json\/wp\/v2\/product\/661","targetHints":{"allow":["GET"]}}],"collection":[{"href":"https:\/\/www.racingmotorsportparts.com\/index.php\/wp-json\/wp\/v2\/product"}],"about":[{"href":"https:\/\/www.racingmotorsportparts.com\/index.php\/wp-json\/wp\/v2\/types\/product"}],"replies":[{"embeddable":true,"href":"https:\/\/www.racingmotorsportparts.com\/index.php\/wp-json\/wp\/v2\/comments?post=661"}],"wp:attachment":[{"href":"https:\/\/www.racingmotorsportparts.com\/index.php\/wp-json\/wp\/v2\/media?parent=661"}],"wp:term":[{"taxonomy":"product_brand","embeddable":true,"href":"https:\/\/www.racingmotorsportparts.com\/index.php\/wp-json\/wp\/v2\/product_brand?post=661"},{"taxonomy":"product_cat","embeddable":true,"href":"https:\/\/www.racingmotorsportparts.com\/index.php\/wp-json\/wp\/v2\/product_cat?post=661"},{"taxonomy":"product_tag","embeddable":true,"href":"https:\/\/www.racingmotorsportparts.com\/index.php\/wp-json\/wp\/v2\/product_tag?post=661"}],"curies":[{"name":"wp","href":"https:\/\/api.w.org\/{rel}","templated":true}]}}