{"id":592,"date":"2018-02-12T01:13:19","date_gmt":"2018-02-12T00:13:19","guid":{"rendered":"https:\/\/www.racingmotorsportparts.com\/?post_type=product&#038;p=592"},"modified":"2022-12-30T22:55:05","modified_gmt":"2022-12-30T20:55:05","slug":"bougie-denso-iridium-power-ik22","status":"publish","type":"product","link":"https:\/\/www.racingmotorsportparts.com\/index.php\/boutique\/ignition\/spark-plug\/denso\/bougie-denso-iridium-power-ik22\/","title":{"rendered":"Bougie Denso iridium power IK22"},"content":{"rendered":"<p>Bougie Denso iridium power IK22 pour :<br \/>\n&#8211; GT de 1993 \u00e0 2000<br \/>\n&#8211; WRX et STI 2001 \u00e0 2005<\/p>\n<p>Vendue \u00e0 l&rsquo;unit\u00e9<\/p>\n","protected":false},"excerpt":{"rendered":"<div class=\"mh-excerpt\"><p>Bougie Denso iridium power IK22 pour : &#8211; GT de 1993 \u00e0 2000 &#8211; WRX et STI 2001 \u00e0 2005 Vendue \u00e0 l&rsquo;unit\u00e9<\/p>\n<\/div>","protected":false},"featured_media":1209,"comment_status":"open","ping_status":"closed","template":"","meta":[],"product_brand":[],"product_cat":[124,412],"product_tag":[414],"class_list":{"0":"post-592","1":"product","2":"type-product","3":"status-publish","4":"has-post-thumbnail","6":"product_cat-denso","7":"product_cat-brand-sd","8":"product_tag-denso","10":"first","11":"instock","12":"taxable","13":"shipping-taxable","14":"purchasable","15":"product-type-simple"},"yoast_head":"<!-- This site is optimized with the Yoast SEO plugin v27.1.1 - https:\/\/yoast.com\/product\/yoast-seo-wordpress\/ -->\n<title>Bougie Denso iridium power IK22 - Racing Motorsport Parts<\/title>\n<meta name=\"robots\" content=\"index, follow, max-snippet:-1, max-image-preview:large, max-video-preview:-1\" \/>\n<link rel=\"canonical\" href=\"https:\/\/www.racingmotorsportparts.com\/index.php\/boutique\/ignition\/spark-plug\/denso\/bougie-denso-iridium-power-ik22\/\" \/>\n<meta property=\"og:locale\" content=\"fr_FR\" \/>\n<meta property=\"og:type\" content=\"article\" \/>\n<meta property=\"og:title\" content=\"Bougie Denso iridium power IK22 - Racing Motorsport Parts\" \/>\n<meta property=\"og:description\" content=\"Bougie Denso iridium power IK22 pour : &#8211; GT de 1993 \u00e0 2000 &#8211; WRX et STI 2001 \u00e0 2005 Vendue \u00e0 l&rsquo;unit\u00e9\" \/>\n<meta property=\"og:url\" content=\"https:\/\/www.racingmotorsportparts.com\/index.php\/boutique\/ignition\/spark-plug\/denso\/bougie-denso-iridium-power-ik22\/\" \/>\n<meta property=\"og:site_name\" content=\"Racing Motorsport Parts\" \/>\n<meta property=\"article:publisher\" content=\"https:\/\/www.facebook.com\/RacingMotorsportParts\" \/>\n<meta property=\"article:modified_time\" content=\"2022-12-30T20:55:05+00:00\" \/>\n<meta property=\"og:image\" content=\"https:\/\/www.racingmotorsportparts.com\/wp-content\/uploads\/2018\/10\/denso_sparkplugs.jpg\" \/>\n\t<meta property=\"og:image:width\" content=\"458\" \/>\n\t<meta property=\"og:image:height\" content=\"458\" \/>\n\t<meta property=\"og:image:type\" content=\"image\/jpeg\" \/>\n<meta name=\"twitter:card\" content=\"summary_large_image\" \/>\n<meta name=\"twitter:label1\" content=\"Dur\u00e9e de lecture estim\u00e9e\" \/>\n\t<meta name=\"twitter:data1\" content=\"1 minute\" \/>\n<script type=\"application\/ld+json\" class=\"yoast-schema-graph\">{\"@context\":\"https:\/\/schema.org\",\"@graph\":[{\"@type\":\"WebPage\",\"@id\":\"https:\/\/www.racingmotorsportparts.com\/index.php\/boutique\/ignition\/spark-plug\/denso\/bougie-denso-iridium-power-ik22\/\",\"url\":\"https:\/\/www.racingmotorsportparts.com\/index.php\/boutique\/ignition\/spark-plug\/denso\/bougie-denso-iridium-power-ik22\/\",\"name\":\"Bougie Denso iridium power IK22 - Racing Motorsport Parts\",\"isPartOf\":{\"@id\":\"https:\/\/www.racingmotorsportparts.com\/#website\"},\"primaryImageOfPage\":{\"@id\":\"https:\/\/www.racingmotorsportparts.com\/index.php\/boutique\/ignition\/spark-plug\/denso\/bougie-denso-iridium-power-ik22\/#primaryimage\"},\"image\":{\"@id\":\"https:\/\/www.racingmotorsportparts.com\/index.php\/boutique\/ignition\/spark-plug\/denso\/bougie-denso-iridium-power-ik22\/#primaryimage\"},\"thumbnailUrl\":\"https:\/\/www.racingmotorsportparts.com\/wp-content\/uploads\/2018\/10\/denso_sparkplugs.jpg\",\"datePublished\":\"2018-02-12T00:13:19+00:00\",\"dateModified\":\"2022-12-30T20:55:05+00:00\",\"breadcrumb\":{\"@id\":\"https:\/\/www.racingmotorsportparts.com\/index.php\/boutique\/ignition\/spark-plug\/denso\/bougie-denso-iridium-power-ik22\/#breadcrumb\"},\"inLanguage\":\"fr-FR\",\"potentialAction\":[{\"@type\":\"ReadAction\",\"target\":[\"https:\/\/www.racingmotorsportparts.com\/index.php\/boutique\/ignition\/spark-plug\/denso\/bougie-denso-iridium-power-ik22\/\"]}]},{\"@type\":\"ImageObject\",\"inLanguage\":\"fr-FR\",\"@id\":\"https:\/\/www.racingmotorsportparts.com\/index.php\/boutique\/ignition\/spark-plug\/denso\/bougie-denso-iridium-power-ik22\/#primaryimage\",\"url\":\"https:\/\/www.racingmotorsportparts.com\/wp-content\/uploads\/2018\/10\/denso_sparkplugs.jpg\",\"contentUrl\":\"https:\/\/www.racingmotorsportparts.com\/wp-content\/uploads\/2018\/10\/denso_sparkplugs.jpg\",\"width\":458,\"height\":458},{\"@type\":\"BreadcrumbList\",\"@id\":\"https:\/\/www.racingmotorsportparts.com\/index.php\/boutique\/ignition\/spark-plug\/denso\/bougie-denso-iridium-power-ik22\/#breadcrumb\",\"itemListElement\":[{\"@type\":\"ListItem\",\"position\":1,\"name\":\"Accueil\",\"item\":\"https:\/\/www.racingmotorsportparts.com\/\"},{\"@type\":\"ListItem\",\"position\":2,\"name\":\"Boutique\",\"item\":\"https:\/\/www.racingmotorsportparts.com\/index.php\/boutique\/\"},{\"@type\":\"ListItem\",\"position\":3,\"name\":\"Bougie Denso iridium power IK22\"}]},{\"@type\":\"WebSite\",\"@id\":\"https:\/\/www.racingmotorsportparts.com\/#website\",\"url\":\"https:\/\/www.racingmotorsportparts.com\/\",\"name\":\"Racing Motorsport Parts\",\"description\":\"Reprogrammateur et distributeur de pi\u00e8ces\",\"publisher\":{\"@id\":\"https:\/\/www.racingmotorsportparts.com\/#organization\"},\"potentialAction\":[{\"@type\":\"SearchAction\",\"target\":{\"@type\":\"EntryPoint\",\"urlTemplate\":\"https:\/\/www.racingmotorsportparts.com\/?s={search_term_string}\"},\"query-input\":{\"@type\":\"PropertyValueSpecification\",\"valueRequired\":true,\"valueName\":\"search_term_string\"}}],\"inLanguage\":\"fr-FR\"},{\"@type\":\"Organization\",\"@id\":\"https:\/\/www.racingmotorsportparts.com\/#organization\",\"name\":\"Racing Motorsport Parts\",\"url\":\"https:\/\/www.racingmotorsportparts.com\/\",\"logo\":{\"@type\":\"ImageObject\",\"inLanguage\":\"fr-FR\",\"@id\":\"https:\/\/www.racingmotorsportparts.com\/#\/schema\/logo\/image\/\",\"url\":\"https:\/\/www.racingmotorsportparts.com\/wp-content\/uploads\/2022\/09\/cropped-RMP.png\",\"contentUrl\":\"https:\/\/www.racingmotorsportparts.com\/wp-content\/uploads\/2022\/09\/cropped-RMP.png\",\"width\":1624,\"height\":542,\"caption\":\"Racing Motorsport Parts\"},\"image\":{\"@id\":\"https:\/\/www.racingmotorsportparts.com\/#\/schema\/logo\/image\/\"},\"sameAs\":[\"https:\/\/www.facebook.com\/RacingMotorsportParts\",\"https:\/\/www.instagram.com\/RacingMotorsportParts\"]}]}<\/script>\n<!-- \/ Yoast SEO plugin. -->","yoast_head_json":{"title":"Bougie Denso iridium power IK22 - Racing Motorsport Parts","robots":{"index":"index","follow":"follow","max-snippet":"max-snippet:-1","max-image-preview":"max-image-preview:large","max-video-preview":"max-video-preview:-1"},"canonical":"https:\/\/www.racingmotorsportparts.com\/index.php\/boutique\/ignition\/spark-plug\/denso\/bougie-denso-iridium-power-ik22\/","og_locale":"fr_FR","og_type":"article","og_title":"Bougie Denso iridium power IK22 - Racing Motorsport Parts","og_description":"Bougie Denso iridium power IK22 pour : &#8211; GT de 1993 \u00e0 2000 &#8211; WRX et STI 2001 \u00e0 2005 Vendue \u00e0 l&rsquo;unit\u00e9","og_url":"https:\/\/www.racingmotorsportparts.com\/index.php\/boutique\/ignition\/spark-plug\/denso\/bougie-denso-iridium-power-ik22\/","og_site_name":"Racing Motorsport Parts","article_publisher":"https:\/\/www.facebook.com\/RacingMotorsportParts","article_modified_time":"2022-12-30T20:55:05+00:00","og_image":[{"width":458,"height":458,"url":"https:\/\/www.racingmotorsportparts.com\/wp-content\/uploads\/2018\/10\/denso_sparkplugs.jpg","type":"image\/jpeg"}],"twitter_card":"summary_large_image","twitter_misc":{"Dur\u00e9e de lecture estim\u00e9e":"1 minute"},"schema":{"@context":"https:\/\/schema.org","@graph":[{"@type":"WebPage","@id":"https:\/\/www.racingmotorsportparts.com\/index.php\/boutique\/ignition\/spark-plug\/denso\/bougie-denso-iridium-power-ik22\/","url":"https:\/\/www.racingmotorsportparts.com\/index.php\/boutique\/ignition\/spark-plug\/denso\/bougie-denso-iridium-power-ik22\/","name":"Bougie Denso iridium power IK22 - Racing Motorsport Parts","isPartOf":{"@id":"https:\/\/www.racingmotorsportparts.com\/#website"},"primaryImageOfPage":{"@id":"https:\/\/www.racingmotorsportparts.com\/index.php\/boutique\/ignition\/spark-plug\/denso\/bougie-denso-iridium-power-ik22\/#primaryimage"},"image":{"@id":"https:\/\/www.racingmotorsportparts.com\/index.php\/boutique\/ignition\/spark-plug\/denso\/bougie-denso-iridium-power-ik22\/#primaryimage"},"thumbnailUrl":"https:\/\/www.racingmotorsportparts.com\/wp-content\/uploads\/2018\/10\/denso_sparkplugs.jpg","datePublished":"2018-02-12T00:13:19+00:00","dateModified":"2022-12-30T20:55:05+00:00","breadcrumb":{"@id":"https:\/\/www.racingmotorsportparts.com\/index.php\/boutique\/ignition\/spark-plug\/denso\/bougie-denso-iridium-power-ik22\/#breadcrumb"},"inLanguage":"fr-FR","potentialAction":[{"@type":"ReadAction","target":["https:\/\/www.racingmotorsportparts.com\/index.php\/boutique\/ignition\/spark-plug\/denso\/bougie-denso-iridium-power-ik22\/"]}]},{"@type":"ImageObject","inLanguage":"fr-FR","@id":"https:\/\/www.racingmotorsportparts.com\/index.php\/boutique\/ignition\/spark-plug\/denso\/bougie-denso-iridium-power-ik22\/#primaryimage","url":"https:\/\/www.racingmotorsportparts.com\/wp-content\/uploads\/2018\/10\/denso_sparkplugs.jpg","contentUrl":"https:\/\/www.racingmotorsportparts.com\/wp-content\/uploads\/2018\/10\/denso_sparkplugs.jpg","width":458,"height":458},{"@type":"BreadcrumbList","@id":"https:\/\/www.racingmotorsportparts.com\/index.php\/boutique\/ignition\/spark-plug\/denso\/bougie-denso-iridium-power-ik22\/#breadcrumb","itemListElement":[{"@type":"ListItem","position":1,"name":"Accueil","item":"https:\/\/www.racingmotorsportparts.com\/"},{"@type":"ListItem","position":2,"name":"Boutique","item":"https:\/\/www.racingmotorsportparts.com\/index.php\/boutique\/"},{"@type":"ListItem","position":3,"name":"Bougie Denso iridium power IK22"}]},{"@type":"WebSite","@id":"https:\/\/www.racingmotorsportparts.com\/#website","url":"https:\/\/www.racingmotorsportparts.com\/","name":"Racing Motorsport Parts","description":"Reprogrammateur et distributeur de pi\u00e8ces","publisher":{"@id":"https:\/\/www.racingmotorsportparts.com\/#organization"},"potentialAction":[{"@type":"SearchAction","target":{"@type":"EntryPoint","urlTemplate":"https:\/\/www.racingmotorsportparts.com\/?s={search_term_string}"},"query-input":{"@type":"PropertyValueSpecification","valueRequired":true,"valueName":"search_term_string"}}],"inLanguage":"fr-FR"},{"@type":"Organization","@id":"https:\/\/www.racingmotorsportparts.com\/#organization","name":"Racing Motorsport Parts","url":"https:\/\/www.racingmotorsportparts.com\/","logo":{"@type":"ImageObject","inLanguage":"fr-FR","@id":"https:\/\/www.racingmotorsportparts.com\/#\/schema\/logo\/image\/","url":"https:\/\/www.racingmotorsportparts.com\/wp-content\/uploads\/2022\/09\/cropped-RMP.png","contentUrl":"https:\/\/www.racingmotorsportparts.com\/wp-content\/uploads\/2022\/09\/cropped-RMP.png","width":1624,"height":542,"caption":"Racing Motorsport Parts"},"image":{"@id":"https:\/\/www.racingmotorsportparts.com\/#\/schema\/logo\/image\/"},"sameAs":["https:\/\/www.facebook.com\/RacingMotorsportParts","https:\/\/www.instagram.com\/RacingMotorsportParts"]}]}},"_links":{"self":[{"href":"https:\/\/www.racingmotorsportparts.com\/index.php\/wp-json\/wp\/v2\/product\/592","targetHints":{"allow":["GET"]}}],"collection":[{"href":"https:\/\/www.racingmotorsportparts.com\/index.php\/wp-json\/wp\/v2\/product"}],"about":[{"href":"https:\/\/www.racingmotorsportparts.com\/index.php\/wp-json\/wp\/v2\/types\/product"}],"replies":[{"embeddable":true,"href":"https:\/\/www.racingmotorsportparts.com\/index.php\/wp-json\/wp\/v2\/comments?post=592"}],"wp:featuredmedia":[{"embeddable":true,"href":"https:\/\/www.racingmotorsportparts.com\/index.php\/wp-json\/wp\/v2\/media\/1209"}],"wp:attachment":[{"href":"https:\/\/www.racingmotorsportparts.com\/index.php\/wp-json\/wp\/v2\/media?parent=592"}],"wp:term":[{"taxonomy":"product_brand","embeddable":true,"href":"https:\/\/www.racingmotorsportparts.com\/index.php\/wp-json\/wp\/v2\/product_brand?post=592"},{"taxonomy":"product_cat","embeddable":true,"href":"https:\/\/www.racingmotorsportparts.com\/index.php\/wp-json\/wp\/v2\/product_cat?post=592"},{"taxonomy":"product_tag","embeddable":true,"href":"https:\/\/www.racingmotorsportparts.com\/index.php\/wp-json\/wp\/v2\/product_tag?post=592"}],"curies":[{"name":"wp","href":"https:\/\/api.w.org\/{rel}","templated":true}]}}