{"id":2391,"date":"2023-05-14T20:18:46","date_gmt":"2023-05-14T18:18:46","guid":{"rendered":"https:\/\/www.racingmotorsportparts.com\/?post_type=product&#038;p=2391"},"modified":"2023-05-14T20:18:47","modified_gmt":"2023-05-14T18:18:47","slug":"tube-remplacement-catalyseur-groupe-n-70mm-ford-focus-rs-2-5-turbo-typ-da3-305-ch-2009-a-2011","status":"publish","type":"product","link":"https:\/\/www.racingmotorsportparts.com\/indexphp\/boutique\/echappement\/echappement-catalyseur\/echappement-catalyseur-ragazzon\/tube-remplacement-catalyseur-groupe-n-70mm-ford-focus-rs-2-5-turbo-typ-da3-305-ch-2009-a-2011\/","title":{"rendered":"Tube remplacement catalyseur Groupe N 70mm &#8211; Ford Focus RS 2.5 Turbo &#8211; (typ DA3) &#8211; 305 ch (2009 \u00e0 2011)"},"content":{"rendered":"<p>Tube remplacement catalyseur Groupe N &#8211; Ragazzon 55.0190.00<br \/>\nPour Ford Focus RS 2.5 Turbo &#8211; (typ DA3) &#8211; 305 ch (2009 \u00e0 2011)<\/p>\n<p>Diam\u00e8tre ext\u00e9rieur tube 70<br \/>\nR\u00e9f. Ragazzon : 55.0190.00<br \/>\nUsage : Circuit (Comp\u00e9tition uniquement)<br \/>\nTube remplacement catalyseur groupe n en inox &#8211; Ligne avec diam\u00e8tre major\u00e9 70 mm<br \/>\nLa reprogrammation des modules \u00e9lectroniques n\u00e9cessaire<br \/>\nCompatible avec la ligne d&rsquo;origine.<br \/>\nRagazzon, la marque italienne pour se faire remarquer !<br \/>\nMarque embl\u00e9matique et innovatrice dans la production de pots d&rsquo;\u00e9chappement sportifs, Ragazzon vous garantit des produits de qualit\u00e9 sup\u00e9rieure avec une longue dur\u00e9e de vie.<\/p>\n","protected":false},"excerpt":{"rendered":"<div class=\"mh-excerpt\"><p>Tube remplacement catalyseur Groupe N &#8211; Ragazzon 55.0190.00 Pour Ford Focus RS 2.5 Turbo &#8211; (typ DA3) &#8211; 305 ch (2009 \u00e0 2011) Diam\u00e8tre ext\u00e9rieur <a class=\"mh-excerpt-more\" href=\"https:\/\/www.racingmotorsportparts.com\/indexphp\/boutique\/echappement\/echappement-catalyseur\/echappement-catalyseur-ragazzon\/tube-remplacement-catalyseur-groupe-n-70mm-ford-focus-rs-2-5-turbo-typ-da3-305-ch-2009-a-2011\/\" title=\"Tube remplacement catalyseur Groupe N 70mm &#8211; Ford Focus RS 2.5 Turbo &#8211; (typ DA3) &#8211; 305 ch (2009 \u00e0 2011)\">[&#8230;]<\/a><\/p>\n<\/div>","protected":false},"featured_media":2392,"comment_status":"open","ping_status":"closed","template":"","meta":[],"product_brand":[],"product_cat":[429],"product_tag":[425],"class_list":{"0":"post-2391","1":"product","2":"type-product","3":"status-publish","4":"has-post-thumbnail","6":"product_cat-echappement-catalyseur-ragazzon","7":"product_tag-ragazzon","9":"first","10":"instock","11":"taxable","12":"shipping-taxable","13":"purchasable","14":"product-type-simple"},"yoast_head":"<!-- This site is optimized with the Yoast SEO plugin v27.4 - https:\/\/yoast.com\/product\/yoast-seo-wordpress\/ -->\n<title>Tube remplacement catalyseur Groupe N 70mm - Ford Focus RS 2.5 Turbo - (typ DA3) - 305 ch (2009 \u00e0 2011) - Racing Motorsport Parts<\/title>\n<meta name=\"robots\" content=\"index, follow, max-snippet:-1, max-image-preview:large, max-video-preview:-1\" \/>\n<link rel=\"canonical\" href=\"https:\/\/www.racingmotorsportparts.com\/indexphp\/boutique\/echappement\/echappement-catalyseur\/echappement-catalyseur-ragazzon\/tube-remplacement-catalyseur-groupe-n-70mm-ford-focus-rs-2-5-turbo-typ-da3-305-ch-2009-a-2011\/\" \/>\n<meta property=\"og:locale\" content=\"fr_FR\" \/>\n<meta property=\"og:type\" content=\"article\" \/>\n<meta property=\"og:title\" content=\"Tube remplacement catalyseur Groupe N 70mm - Ford Focus RS 2.5 Turbo - (typ DA3) - 305 ch (2009 \u00e0 2011) - Racing Motorsport Parts\" \/>\n<meta property=\"og:description\" content=\"Tube remplacement catalyseur Groupe N &#8211; Ragazzon 55.0190.00 Pour Ford Focus RS 2.5 Turbo &#8211; (typ DA3) &#8211; 305 ch (2009 \u00e0 2011) Diam\u00e8tre ext\u00e9rieur [...]\" \/>\n<meta property=\"og:url\" content=\"https:\/\/www.racingmotorsportparts.com\/indexphp\/boutique\/echappement\/echappement-catalyseur\/echappement-catalyseur-ragazzon\/tube-remplacement-catalyseur-groupe-n-70mm-ford-focus-rs-2-5-turbo-typ-da3-305-ch-2009-a-2011\/\" \/>\n<meta property=\"og:site_name\" content=\"Racing Motorsport Parts\" \/>\n<meta property=\"article:publisher\" content=\"https:\/\/www.facebook.com\/RacingMotorsportParts\" \/>\n<meta property=\"article:modified_time\" content=\"2023-05-14T18:18:47+00:00\" \/>\n<meta property=\"og:image\" content=\"https:\/\/www.racingmotorsportparts.com\/wp-content\/uploads\/2023\/05\/ragazzon-55-0190-00.jpg\" \/>\n\t<meta property=\"og:image:width\" content=\"300\" \/>\n\t<meta property=\"og:image:height\" content=\"300\" \/>\n\t<meta property=\"og:image:type\" content=\"image\/jpeg\" \/>\n<meta name=\"twitter:card\" content=\"summary_large_image\" \/>\n<script type=\"application\/ld+json\" class=\"yoast-schema-graph\">{\"@context\":\"https:\\\/\\\/schema.org\",\"@graph\":[{\"@type\":\"WebPage\",\"@id\":\"https:\\\/\\\/www.racingmotorsportparts.com\\\/indexphp\\\/boutique\\\/echappement\\\/echappement-catalyseur\\\/echappement-catalyseur-ragazzon\\\/tube-remplacement-catalyseur-groupe-n-70mm-ford-focus-rs-2-5-turbo-typ-da3-305-ch-2009-a-2011\\\/\",\"url\":\"https:\\\/\\\/www.racingmotorsportparts.com\\\/indexphp\\\/boutique\\\/echappement\\\/echappement-catalyseur\\\/echappement-catalyseur-ragazzon\\\/tube-remplacement-catalyseur-groupe-n-70mm-ford-focus-rs-2-5-turbo-typ-da3-305-ch-2009-a-2011\\\/\",\"name\":\"Tube remplacement catalyseur Groupe N 70mm - Ford Focus RS 2.5 Turbo - (typ DA3) - 305 ch (2009 \u00e0 2011) - Racing Motorsport Parts\",\"isPartOf\":{\"@id\":\"https:\\\/\\\/www.racingmotorsportparts.com\\\/#website\"},\"primaryImageOfPage\":{\"@id\":\"https:\\\/\\\/www.racingmotorsportparts.com\\\/indexphp\\\/boutique\\\/echappement\\\/echappement-catalyseur\\\/echappement-catalyseur-ragazzon\\\/tube-remplacement-catalyseur-groupe-n-70mm-ford-focus-rs-2-5-turbo-typ-da3-305-ch-2009-a-2011\\\/#primaryimage\"},\"image\":{\"@id\":\"https:\\\/\\\/www.racingmotorsportparts.com\\\/indexphp\\\/boutique\\\/echappement\\\/echappement-catalyseur\\\/echappement-catalyseur-ragazzon\\\/tube-remplacement-catalyseur-groupe-n-70mm-ford-focus-rs-2-5-turbo-typ-da3-305-ch-2009-a-2011\\\/#primaryimage\"},\"thumbnailUrl\":\"https:\\\/\\\/www.racingmotorsportparts.com\\\/wp-content\\\/uploads\\\/2023\\\/05\\\/ragazzon-55-0190-00.jpg\",\"datePublished\":\"2023-05-14T18:18:46+00:00\",\"dateModified\":\"2023-05-14T18:18:47+00:00\",\"breadcrumb\":{\"@id\":\"https:\\\/\\\/www.racingmotorsportparts.com\\\/indexphp\\\/boutique\\\/echappement\\\/echappement-catalyseur\\\/echappement-catalyseur-ragazzon\\\/tube-remplacement-catalyseur-groupe-n-70mm-ford-focus-rs-2-5-turbo-typ-da3-305-ch-2009-a-2011\\\/#breadcrumb\"},\"inLanguage\":\"fr-FR\",\"potentialAction\":[{\"@type\":\"ReadAction\",\"target\":[\"https:\\\/\\\/www.racingmotorsportparts.com\\\/indexphp\\\/boutique\\\/echappement\\\/echappement-catalyseur\\\/echappement-catalyseur-ragazzon\\\/tube-remplacement-catalyseur-groupe-n-70mm-ford-focus-rs-2-5-turbo-typ-da3-305-ch-2009-a-2011\\\/\"]}]},{\"@type\":\"ImageObject\",\"inLanguage\":\"fr-FR\",\"@id\":\"https:\\\/\\\/www.racingmotorsportparts.com\\\/indexphp\\\/boutique\\\/echappement\\\/echappement-catalyseur\\\/echappement-catalyseur-ragazzon\\\/tube-remplacement-catalyseur-groupe-n-70mm-ford-focus-rs-2-5-turbo-typ-da3-305-ch-2009-a-2011\\\/#primaryimage\",\"url\":\"https:\\\/\\\/www.racingmotorsportparts.com\\\/wp-content\\\/uploads\\\/2023\\\/05\\\/ragazzon-55-0190-00.jpg\",\"contentUrl\":\"https:\\\/\\\/www.racingmotorsportparts.com\\\/wp-content\\\/uploads\\\/2023\\\/05\\\/ragazzon-55-0190-00.jpg\",\"width\":300,\"height\":300},{\"@type\":\"BreadcrumbList\",\"@id\":\"https:\\\/\\\/www.racingmotorsportparts.com\\\/indexphp\\\/boutique\\\/echappement\\\/echappement-catalyseur\\\/echappement-catalyseur-ragazzon\\\/tube-remplacement-catalyseur-groupe-n-70mm-ford-focus-rs-2-5-turbo-typ-da3-305-ch-2009-a-2011\\\/#breadcrumb\",\"itemListElement\":[{\"@type\":\"ListItem\",\"position\":1,\"name\":\"Accueil\",\"item\":\"https:\\\/\\\/www.racingmotorsportparts.com\\\/\"},{\"@type\":\"ListItem\",\"position\":2,\"name\":\"Boutique\",\"item\":\"https:\\\/\\\/www.racingmotorsportparts.com\\\/index.php\\\/boutique\\\/\"},{\"@type\":\"ListItem\",\"position\":3,\"name\":\"Tube remplacement catalyseur Groupe N 70mm &#8211; Ford Focus RS 2.5 Turbo &#8211; (typ DA3) &#8211; 305 ch (2009 \u00e0 2011)\"}]},{\"@type\":\"WebSite\",\"@id\":\"https:\\\/\\\/www.racingmotorsportparts.com\\\/#website\",\"url\":\"https:\\\/\\\/www.racingmotorsportparts.com\\\/\",\"name\":\"Racing Motorsport Parts\",\"description\":\"Reprogrammateur et distributeur de pi\u00e8ces\",\"publisher\":{\"@id\":\"https:\\\/\\\/www.racingmotorsportparts.com\\\/#organization\"},\"potentialAction\":[{\"@type\":\"SearchAction\",\"target\":{\"@type\":\"EntryPoint\",\"urlTemplate\":\"https:\\\/\\\/www.racingmotorsportparts.com\\\/?s={search_term_string}\"},\"query-input\":{\"@type\":\"PropertyValueSpecification\",\"valueRequired\":true,\"valueName\":\"search_term_string\"}}],\"inLanguage\":\"fr-FR\"},{\"@type\":\"Organization\",\"@id\":\"https:\\\/\\\/www.racingmotorsportparts.com\\\/#organization\",\"name\":\"Racing Motorsport Parts\",\"url\":\"https:\\\/\\\/www.racingmotorsportparts.com\\\/\",\"logo\":{\"@type\":\"ImageObject\",\"inLanguage\":\"fr-FR\",\"@id\":\"https:\\\/\\\/www.racingmotorsportparts.com\\\/#\\\/schema\\\/logo\\\/image\\\/\",\"url\":\"https:\\\/\\\/www.racingmotorsportparts.com\\\/wp-content\\\/uploads\\\/2022\\\/09\\\/cropped-RMP.png\",\"contentUrl\":\"https:\\\/\\\/www.racingmotorsportparts.com\\\/wp-content\\\/uploads\\\/2022\\\/09\\\/cropped-RMP.png\",\"width\":1624,\"height\":542,\"caption\":\"Racing Motorsport Parts\"},\"image\":{\"@id\":\"https:\\\/\\\/www.racingmotorsportparts.com\\\/#\\\/schema\\\/logo\\\/image\\\/\"},\"sameAs\":[\"https:\\\/\\\/www.facebook.com\\\/RacingMotorsportParts\",\"https:\\\/\\\/www.instagram.com\\\/RacingMotorsportParts\"]}]}<\/script>\n<!-- \/ Yoast SEO plugin. -->","yoast_head_json":{"title":"Tube remplacement catalyseur Groupe N 70mm - Ford Focus RS 2.5 Turbo - (typ DA3) - 305 ch (2009 \u00e0 2011) - Racing Motorsport Parts","robots":{"index":"index","follow":"follow","max-snippet":"max-snippet:-1","max-image-preview":"max-image-preview:large","max-video-preview":"max-video-preview:-1"},"canonical":"https:\/\/www.racingmotorsportparts.com\/indexphp\/boutique\/echappement\/echappement-catalyseur\/echappement-catalyseur-ragazzon\/tube-remplacement-catalyseur-groupe-n-70mm-ford-focus-rs-2-5-turbo-typ-da3-305-ch-2009-a-2011\/","og_locale":"fr_FR","og_type":"article","og_title":"Tube remplacement catalyseur Groupe N 70mm - Ford Focus RS 2.5 Turbo - (typ DA3) - 305 ch (2009 \u00e0 2011) - Racing Motorsport Parts","og_description":"Tube remplacement catalyseur Groupe N &#8211; Ragazzon 55.0190.00 Pour Ford Focus RS 2.5 Turbo &#8211; (typ DA3) &#8211; 305 ch (2009 \u00e0 2011) Diam\u00e8tre ext\u00e9rieur [...]","og_url":"https:\/\/www.racingmotorsportparts.com\/indexphp\/boutique\/echappement\/echappement-catalyseur\/echappement-catalyseur-ragazzon\/tube-remplacement-catalyseur-groupe-n-70mm-ford-focus-rs-2-5-turbo-typ-da3-305-ch-2009-a-2011\/","og_site_name":"Racing Motorsport Parts","article_publisher":"https:\/\/www.facebook.com\/RacingMotorsportParts","article_modified_time":"2023-05-14T18:18:47+00:00","og_image":[{"width":300,"height":300,"url":"https:\/\/www.racingmotorsportparts.com\/wp-content\/uploads\/2023\/05\/ragazzon-55-0190-00.jpg","type":"image\/jpeg"}],"twitter_card":"summary_large_image","schema":{"@context":"https:\/\/schema.org","@graph":[{"@type":"WebPage","@id":"https:\/\/www.racingmotorsportparts.com\/indexphp\/boutique\/echappement\/echappement-catalyseur\/echappement-catalyseur-ragazzon\/tube-remplacement-catalyseur-groupe-n-70mm-ford-focus-rs-2-5-turbo-typ-da3-305-ch-2009-a-2011\/","url":"https:\/\/www.racingmotorsportparts.com\/indexphp\/boutique\/echappement\/echappement-catalyseur\/echappement-catalyseur-ragazzon\/tube-remplacement-catalyseur-groupe-n-70mm-ford-focus-rs-2-5-turbo-typ-da3-305-ch-2009-a-2011\/","name":"Tube remplacement catalyseur Groupe N 70mm - Ford Focus RS 2.5 Turbo - (typ DA3) - 305 ch (2009 \u00e0 2011) - Racing Motorsport Parts","isPartOf":{"@id":"https:\/\/www.racingmotorsportparts.com\/#website"},"primaryImageOfPage":{"@id":"https:\/\/www.racingmotorsportparts.com\/indexphp\/boutique\/echappement\/echappement-catalyseur\/echappement-catalyseur-ragazzon\/tube-remplacement-catalyseur-groupe-n-70mm-ford-focus-rs-2-5-turbo-typ-da3-305-ch-2009-a-2011\/#primaryimage"},"image":{"@id":"https:\/\/www.racingmotorsportparts.com\/indexphp\/boutique\/echappement\/echappement-catalyseur\/echappement-catalyseur-ragazzon\/tube-remplacement-catalyseur-groupe-n-70mm-ford-focus-rs-2-5-turbo-typ-da3-305-ch-2009-a-2011\/#primaryimage"},"thumbnailUrl":"https:\/\/www.racingmotorsportparts.com\/wp-content\/uploads\/2023\/05\/ragazzon-55-0190-00.jpg","datePublished":"2023-05-14T18:18:46+00:00","dateModified":"2023-05-14T18:18:47+00:00","breadcrumb":{"@id":"https:\/\/www.racingmotorsportparts.com\/indexphp\/boutique\/echappement\/echappement-catalyseur\/echappement-catalyseur-ragazzon\/tube-remplacement-catalyseur-groupe-n-70mm-ford-focus-rs-2-5-turbo-typ-da3-305-ch-2009-a-2011\/#breadcrumb"},"inLanguage":"fr-FR","potentialAction":[{"@type":"ReadAction","target":["https:\/\/www.racingmotorsportparts.com\/indexphp\/boutique\/echappement\/echappement-catalyseur\/echappement-catalyseur-ragazzon\/tube-remplacement-catalyseur-groupe-n-70mm-ford-focus-rs-2-5-turbo-typ-da3-305-ch-2009-a-2011\/"]}]},{"@type":"ImageObject","inLanguage":"fr-FR","@id":"https:\/\/www.racingmotorsportparts.com\/indexphp\/boutique\/echappement\/echappement-catalyseur\/echappement-catalyseur-ragazzon\/tube-remplacement-catalyseur-groupe-n-70mm-ford-focus-rs-2-5-turbo-typ-da3-305-ch-2009-a-2011\/#primaryimage","url":"https:\/\/www.racingmotorsportparts.com\/wp-content\/uploads\/2023\/05\/ragazzon-55-0190-00.jpg","contentUrl":"https:\/\/www.racingmotorsportparts.com\/wp-content\/uploads\/2023\/05\/ragazzon-55-0190-00.jpg","width":300,"height":300},{"@type":"BreadcrumbList","@id":"https:\/\/www.racingmotorsportparts.com\/indexphp\/boutique\/echappement\/echappement-catalyseur\/echappement-catalyseur-ragazzon\/tube-remplacement-catalyseur-groupe-n-70mm-ford-focus-rs-2-5-turbo-typ-da3-305-ch-2009-a-2011\/#breadcrumb","itemListElement":[{"@type":"ListItem","position":1,"name":"Accueil","item":"https:\/\/www.racingmotorsportparts.com\/"},{"@type":"ListItem","position":2,"name":"Boutique","item":"https:\/\/www.racingmotorsportparts.com\/index.php\/boutique\/"},{"@type":"ListItem","position":3,"name":"Tube remplacement catalyseur Groupe N 70mm &#8211; Ford Focus RS 2.5 Turbo &#8211; (typ DA3) &#8211; 305 ch (2009 \u00e0 2011)"}]},{"@type":"WebSite","@id":"https:\/\/www.racingmotorsportparts.com\/#website","url":"https:\/\/www.racingmotorsportparts.com\/","name":"Racing Motorsport Parts","description":"Reprogrammateur et distributeur de pi\u00e8ces","publisher":{"@id":"https:\/\/www.racingmotorsportparts.com\/#organization"},"potentialAction":[{"@type":"SearchAction","target":{"@type":"EntryPoint","urlTemplate":"https:\/\/www.racingmotorsportparts.com\/?s={search_term_string}"},"query-input":{"@type":"PropertyValueSpecification","valueRequired":true,"valueName":"search_term_string"}}],"inLanguage":"fr-FR"},{"@type":"Organization","@id":"https:\/\/www.racingmotorsportparts.com\/#organization","name":"Racing Motorsport Parts","url":"https:\/\/www.racingmotorsportparts.com\/","logo":{"@type":"ImageObject","inLanguage":"fr-FR","@id":"https:\/\/www.racingmotorsportparts.com\/#\/schema\/logo\/image\/","url":"https:\/\/www.racingmotorsportparts.com\/wp-content\/uploads\/2022\/09\/cropped-RMP.png","contentUrl":"https:\/\/www.racingmotorsportparts.com\/wp-content\/uploads\/2022\/09\/cropped-RMP.png","width":1624,"height":542,"caption":"Racing Motorsport Parts"},"image":{"@id":"https:\/\/www.racingmotorsportparts.com\/#\/schema\/logo\/image\/"},"sameAs":["https:\/\/www.facebook.com\/RacingMotorsportParts","https:\/\/www.instagram.com\/RacingMotorsportParts"]}]}},"_links":{"self":[{"href":"https:\/\/www.racingmotorsportparts.com\/index.php\/wp-json\/wp\/v2\/product\/2391","targetHints":{"allow":["GET"]}}],"collection":[{"href":"https:\/\/www.racingmotorsportparts.com\/index.php\/wp-json\/wp\/v2\/product"}],"about":[{"href":"https:\/\/www.racingmotorsportparts.com\/index.php\/wp-json\/wp\/v2\/types\/product"}],"replies":[{"embeddable":true,"href":"https:\/\/www.racingmotorsportparts.com\/index.php\/wp-json\/wp\/v2\/comments?post=2391"}],"wp:featuredmedia":[{"embeddable":true,"href":"https:\/\/www.racingmotorsportparts.com\/index.php\/wp-json\/wp\/v2\/media\/2392"}],"wp:attachment":[{"href":"https:\/\/www.racingmotorsportparts.com\/index.php\/wp-json\/wp\/v2\/media?parent=2391"}],"wp:term":[{"taxonomy":"product_brand","embeddable":true,"href":"https:\/\/www.racingmotorsportparts.com\/index.php\/wp-json\/wp\/v2\/product_brand?post=2391"},{"taxonomy":"product_cat","embeddable":true,"href":"https:\/\/www.racingmotorsportparts.com\/index.php\/wp-json\/wp\/v2\/product_cat?post=2391"},{"taxonomy":"product_tag","embeddable":true,"href":"https:\/\/www.racingmotorsportparts.com\/index.php\/wp-json\/wp\/v2\/product_tag?post=2391"}],"curies":[{"name":"wp","href":"https:\/\/api.w.org\/{rel}","templated":true}]}}