{"id":2381,"date":"2023-05-14T16:58:55","date_gmt":"2023-05-14T14:58:55","guid":{"rendered":"https:\/\/www.racingmotorsportparts.com\/?post_type=product&#038;p=2381"},"modified":"2023-05-14T16:58:57","modified_gmt":"2023-05-14T14:58:57","slug":"tube-remplacement-catalyseur-tube-remplacement-filtre-a-particules-groupe-n-bmw-serie-5-f11-touring-218-ch-525d-525dx-a-partir-de-2011","status":"publish","type":"product","link":"https:\/\/www.racingmotorsportparts.com\/indexphp\/boutique\/echappement\/echappement-catalyseur\/echappement-catalyseur-ragazzon\/tube-remplacement-catalyseur-tube-remplacement-filtre-a-particules-groupe-n-bmw-serie-5-f11-touring-218-ch-525d-525dx-a-partir-de-2011\/","title":{"rendered":"Tube remplacement catalyseur. + tube remplacement filtre \u00e0 particules Groupe N &#8211; BMW S\u00e9rie 5 F11 &#8211; (Touring) &#8211; 218 ch &#8211; 525d \/ 525dX (\u00e0 partir de 2011)"},"content":{"rendered":"<p>Tube remplacement catalyseur. + tube remplacement filtre \u00e0 particules Groupe N &#8211; Ragazzon 55.0508.00<br \/>\nPour BMW S\u00e9rie 5 F11 &#8211; (Touring) &#8211; 218 ch &#8211; 525d \/ 525dX (\u00e0 partir de 2011)<\/p>\n<p>Sortie Diam\u00e8tre ext\u00e9rieur 61<br \/>\nR\u00e9f. Ragazzon : 55.0508.00<br \/>\nUsage : Circuit (Comp\u00e9tition uniquement)<br \/>\nTube remplacement catalyseur. + tube remplacement filtre \u00e0 particules groupe n en inox &#8211; mot.N47 (1995cc) Euro6<br \/>\nLa reprogrammation des modules \u00e9lectroniques n\u00e9cessaire<br \/>\nTous les emplacements des sondes d&rsquo;origine pr\u00e9sents &#8211; Compatible avec la ligne d&rsquo;origine<br \/>\nRagazzon, la marque italienne pour se faire remarquer !<br \/>\nMarque embl\u00e9matique et innovatrice dans la production de pots d&rsquo;\u00e9chappement sportifs, Ragazzon vous garantit des produits de qualit\u00e9 sup\u00e9rieure avec une longue dur\u00e9e de vie.<\/p>\n","protected":false},"excerpt":{"rendered":"<div class=\"mh-excerpt\"><p>Tube remplacement catalyseur. + tube remplacement filtre \u00e0 particules Groupe N &#8211; Ragazzon 55.0508.00 Pour BMW S\u00e9rie 5 F11 &#8211; (Touring) &#8211; 218 ch &#8211; <a class=\"mh-excerpt-more\" href=\"https:\/\/www.racingmotorsportparts.com\/indexphp\/boutique\/echappement\/echappement-catalyseur\/echappement-catalyseur-ragazzon\/tube-remplacement-catalyseur-tube-remplacement-filtre-a-particules-groupe-n-bmw-serie-5-f11-touring-218-ch-525d-525dx-a-partir-de-2011\/\" title=\"Tube remplacement catalyseur. + tube remplacement filtre \u00e0 particules Groupe N &#8211; BMW S\u00e9rie 5 F11 &#8211; (Touring) &#8211; 218 ch &#8211; 525d \/ 525dX (\u00e0 partir de 2011)\">[&#8230;]<\/a><\/p>\n<\/div>","protected":false},"featured_media":0,"comment_status":"open","ping_status":"closed","template":"","meta":[],"product_brand":[],"product_cat":[429,431],"product_tag":[425],"class_list":{"0":"post-2381","1":"product","2":"type-product","3":"status-publish","5":"product_cat-echappement-catalyseur-ragazzon","6":"product_cat-echappement-fap-ragazzon","7":"product_tag-ragazzon","9":"first","10":"instock","11":"taxable","12":"shipping-taxable","13":"purchasable","14":"product-type-simple"},"yoast_head":"<!-- This site is optimized with the Yoast SEO plugin v27.1.1 - https:\/\/yoast.com\/product\/yoast-seo-wordpress\/ -->\n<title>Tube remplacement catalyseur. + tube remplacement filtre \u00e0 particules Groupe N - BMW S\u00e9rie 5 F11 - (Touring) - 218 ch - 525d \/ 525dX (\u00e0 partir de 2011) - Racing Motorsport Parts<\/title>\n<meta name=\"robots\" content=\"index, follow, max-snippet:-1, max-image-preview:large, max-video-preview:-1\" \/>\n<link rel=\"canonical\" href=\"https:\/\/www.racingmotorsportparts.com\/indexphp\/boutique\/echappement\/echappement-catalyseur\/echappement-catalyseur-ragazzon\/tube-remplacement-catalyseur-tube-remplacement-filtre-a-particules-groupe-n-bmw-serie-5-f11-touring-218-ch-525d-525dx-a-partir-de-2011\/\" \/>\n<meta property=\"og:locale\" content=\"fr_FR\" \/>\n<meta property=\"og:type\" content=\"article\" \/>\n<meta property=\"og:title\" content=\"Tube remplacement catalyseur. + tube remplacement filtre \u00e0 particules Groupe N - BMW S\u00e9rie 5 F11 - (Touring) - 218 ch - 525d \/ 525dX (\u00e0 partir de 2011) - Racing Motorsport Parts\" \/>\n<meta property=\"og:description\" content=\"Tube remplacement catalyseur. + tube remplacement filtre \u00e0 particules Groupe N &#8211; Ragazzon 55.0508.00 Pour BMW S\u00e9rie 5 F11 &#8211; (Touring) &#8211; 218 ch &#8211; [...]\" \/>\n<meta property=\"og:url\" content=\"https:\/\/www.racingmotorsportparts.com\/indexphp\/boutique\/echappement\/echappement-catalyseur\/echappement-catalyseur-ragazzon\/tube-remplacement-catalyseur-tube-remplacement-filtre-a-particules-groupe-n-bmw-serie-5-f11-touring-218-ch-525d-525dx-a-partir-de-2011\/\" \/>\n<meta property=\"og:site_name\" content=\"Racing Motorsport Parts\" \/>\n<meta property=\"article:publisher\" content=\"https:\/\/www.facebook.com\/RacingMotorsportParts\" \/>\n<meta property=\"article:modified_time\" content=\"2023-05-14T14:58:57+00:00\" \/>\n<meta name=\"twitter:card\" content=\"summary_large_image\" \/>\n<script type=\"application\/ld+json\" class=\"yoast-schema-graph\">{\"@context\":\"https:\/\/schema.org\",\"@graph\":[{\"@type\":\"WebPage\",\"@id\":\"https:\/\/www.racingmotorsportparts.com\/indexphp\/boutique\/echappement\/echappement-catalyseur\/echappement-catalyseur-ragazzon\/tube-remplacement-catalyseur-tube-remplacement-filtre-a-particules-groupe-n-bmw-serie-5-f11-touring-218-ch-525d-525dx-a-partir-de-2011\/\",\"url\":\"https:\/\/www.racingmotorsportparts.com\/indexphp\/boutique\/echappement\/echappement-catalyseur\/echappement-catalyseur-ragazzon\/tube-remplacement-catalyseur-tube-remplacement-filtre-a-particules-groupe-n-bmw-serie-5-f11-touring-218-ch-525d-525dx-a-partir-de-2011\/\",\"name\":\"Tube remplacement catalyseur. + tube remplacement filtre \u00e0 particules Groupe N - BMW S\u00e9rie 5 F11 - (Touring) - 218 ch - 525d \/ 525dX (\u00e0 partir de 2011) - Racing Motorsport Parts\",\"isPartOf\":{\"@id\":\"https:\/\/www.racingmotorsportparts.com\/#website\"},\"datePublished\":\"2023-05-14T14:58:55+00:00\",\"dateModified\":\"2023-05-14T14:58:57+00:00\",\"breadcrumb\":{\"@id\":\"https:\/\/www.racingmotorsportparts.com\/indexphp\/boutique\/echappement\/echappement-catalyseur\/echappement-catalyseur-ragazzon\/tube-remplacement-catalyseur-tube-remplacement-filtre-a-particules-groupe-n-bmw-serie-5-f11-touring-218-ch-525d-525dx-a-partir-de-2011\/#breadcrumb\"},\"inLanguage\":\"fr-FR\",\"potentialAction\":[{\"@type\":\"ReadAction\",\"target\":[\"https:\/\/www.racingmotorsportparts.com\/indexphp\/boutique\/echappement\/echappement-catalyseur\/echappement-catalyseur-ragazzon\/tube-remplacement-catalyseur-tube-remplacement-filtre-a-particules-groupe-n-bmw-serie-5-f11-touring-218-ch-525d-525dx-a-partir-de-2011\/\"]}]},{\"@type\":\"BreadcrumbList\",\"@id\":\"https:\/\/www.racingmotorsportparts.com\/indexphp\/boutique\/echappement\/echappement-catalyseur\/echappement-catalyseur-ragazzon\/tube-remplacement-catalyseur-tube-remplacement-filtre-a-particules-groupe-n-bmw-serie-5-f11-touring-218-ch-525d-525dx-a-partir-de-2011\/#breadcrumb\",\"itemListElement\":[{\"@type\":\"ListItem\",\"position\":1,\"name\":\"Accueil\",\"item\":\"https:\/\/www.racingmotorsportparts.com\/\"},{\"@type\":\"ListItem\",\"position\":2,\"name\":\"Boutique\",\"item\":\"https:\/\/www.racingmotorsportparts.com\/index.php\/boutique\/\"},{\"@type\":\"ListItem\",\"position\":3,\"name\":\"Tube remplacement catalyseur. + tube remplacement filtre \u00e0 particules Groupe N &#8211; BMW S\u00e9rie 5 F11 &#8211; (Touring) &#8211; 218 ch &#8211; 525d \/ 525dX (\u00e0 partir de 2011)\"}]},{\"@type\":\"WebSite\",\"@id\":\"https:\/\/www.racingmotorsportparts.com\/#website\",\"url\":\"https:\/\/www.racingmotorsportparts.com\/\",\"name\":\"Racing Motorsport Parts\",\"description\":\"Reprogrammateur et distributeur de pi\u00e8ces\",\"publisher\":{\"@id\":\"https:\/\/www.racingmotorsportparts.com\/#organization\"},\"potentialAction\":[{\"@type\":\"SearchAction\",\"target\":{\"@type\":\"EntryPoint\",\"urlTemplate\":\"https:\/\/www.racingmotorsportparts.com\/?s={search_term_string}\"},\"query-input\":{\"@type\":\"PropertyValueSpecification\",\"valueRequired\":true,\"valueName\":\"search_term_string\"}}],\"inLanguage\":\"fr-FR\"},{\"@type\":\"Organization\",\"@id\":\"https:\/\/www.racingmotorsportparts.com\/#organization\",\"name\":\"Racing Motorsport Parts\",\"url\":\"https:\/\/www.racingmotorsportparts.com\/\",\"logo\":{\"@type\":\"ImageObject\",\"inLanguage\":\"fr-FR\",\"@id\":\"https:\/\/www.racingmotorsportparts.com\/#\/schema\/logo\/image\/\",\"url\":\"https:\/\/www.racingmotorsportparts.com\/wp-content\/uploads\/2022\/09\/cropped-RMP.png\",\"contentUrl\":\"https:\/\/www.racingmotorsportparts.com\/wp-content\/uploads\/2022\/09\/cropped-RMP.png\",\"width\":1624,\"height\":542,\"caption\":\"Racing Motorsport Parts\"},\"image\":{\"@id\":\"https:\/\/www.racingmotorsportparts.com\/#\/schema\/logo\/image\/\"},\"sameAs\":[\"https:\/\/www.facebook.com\/RacingMotorsportParts\",\"https:\/\/www.instagram.com\/RacingMotorsportParts\"]}]}<\/script>\n<!-- \/ Yoast SEO plugin. -->","yoast_head_json":{"title":"Tube remplacement catalyseur. + tube remplacement filtre \u00e0 particules Groupe N - BMW S\u00e9rie 5 F11 - (Touring) - 218 ch - 525d \/ 525dX (\u00e0 partir de 2011) - Racing Motorsport Parts","robots":{"index":"index","follow":"follow","max-snippet":"max-snippet:-1","max-image-preview":"max-image-preview:large","max-video-preview":"max-video-preview:-1"},"canonical":"https:\/\/www.racingmotorsportparts.com\/indexphp\/boutique\/echappement\/echappement-catalyseur\/echappement-catalyseur-ragazzon\/tube-remplacement-catalyseur-tube-remplacement-filtre-a-particules-groupe-n-bmw-serie-5-f11-touring-218-ch-525d-525dx-a-partir-de-2011\/","og_locale":"fr_FR","og_type":"article","og_title":"Tube remplacement catalyseur. + tube remplacement filtre \u00e0 particules Groupe N - BMW S\u00e9rie 5 F11 - (Touring) - 218 ch - 525d \/ 525dX (\u00e0 partir de 2011) - Racing Motorsport Parts","og_description":"Tube remplacement catalyseur. + tube remplacement filtre \u00e0 particules Groupe N &#8211; Ragazzon 55.0508.00 Pour BMW S\u00e9rie 5 F11 &#8211; (Touring) &#8211; 218 ch &#8211; [...]","og_url":"https:\/\/www.racingmotorsportparts.com\/indexphp\/boutique\/echappement\/echappement-catalyseur\/echappement-catalyseur-ragazzon\/tube-remplacement-catalyseur-tube-remplacement-filtre-a-particules-groupe-n-bmw-serie-5-f11-touring-218-ch-525d-525dx-a-partir-de-2011\/","og_site_name":"Racing Motorsport Parts","article_publisher":"https:\/\/www.facebook.com\/RacingMotorsportParts","article_modified_time":"2023-05-14T14:58:57+00:00","twitter_card":"summary_large_image","schema":{"@context":"https:\/\/schema.org","@graph":[{"@type":"WebPage","@id":"https:\/\/www.racingmotorsportparts.com\/indexphp\/boutique\/echappement\/echappement-catalyseur\/echappement-catalyseur-ragazzon\/tube-remplacement-catalyseur-tube-remplacement-filtre-a-particules-groupe-n-bmw-serie-5-f11-touring-218-ch-525d-525dx-a-partir-de-2011\/","url":"https:\/\/www.racingmotorsportparts.com\/indexphp\/boutique\/echappement\/echappement-catalyseur\/echappement-catalyseur-ragazzon\/tube-remplacement-catalyseur-tube-remplacement-filtre-a-particules-groupe-n-bmw-serie-5-f11-touring-218-ch-525d-525dx-a-partir-de-2011\/","name":"Tube remplacement catalyseur. + tube remplacement filtre \u00e0 particules Groupe N - BMW S\u00e9rie 5 F11 - (Touring) - 218 ch - 525d \/ 525dX (\u00e0 partir de 2011) - Racing Motorsport Parts","isPartOf":{"@id":"https:\/\/www.racingmotorsportparts.com\/#website"},"datePublished":"2023-05-14T14:58:55+00:00","dateModified":"2023-05-14T14:58:57+00:00","breadcrumb":{"@id":"https:\/\/www.racingmotorsportparts.com\/indexphp\/boutique\/echappement\/echappement-catalyseur\/echappement-catalyseur-ragazzon\/tube-remplacement-catalyseur-tube-remplacement-filtre-a-particules-groupe-n-bmw-serie-5-f11-touring-218-ch-525d-525dx-a-partir-de-2011\/#breadcrumb"},"inLanguage":"fr-FR","potentialAction":[{"@type":"ReadAction","target":["https:\/\/www.racingmotorsportparts.com\/indexphp\/boutique\/echappement\/echappement-catalyseur\/echappement-catalyseur-ragazzon\/tube-remplacement-catalyseur-tube-remplacement-filtre-a-particules-groupe-n-bmw-serie-5-f11-touring-218-ch-525d-525dx-a-partir-de-2011\/"]}]},{"@type":"BreadcrumbList","@id":"https:\/\/www.racingmotorsportparts.com\/indexphp\/boutique\/echappement\/echappement-catalyseur\/echappement-catalyseur-ragazzon\/tube-remplacement-catalyseur-tube-remplacement-filtre-a-particules-groupe-n-bmw-serie-5-f11-touring-218-ch-525d-525dx-a-partir-de-2011\/#breadcrumb","itemListElement":[{"@type":"ListItem","position":1,"name":"Accueil","item":"https:\/\/www.racingmotorsportparts.com\/"},{"@type":"ListItem","position":2,"name":"Boutique","item":"https:\/\/www.racingmotorsportparts.com\/index.php\/boutique\/"},{"@type":"ListItem","position":3,"name":"Tube remplacement catalyseur. + tube remplacement filtre \u00e0 particules Groupe N &#8211; BMW S\u00e9rie 5 F11 &#8211; (Touring) &#8211; 218 ch &#8211; 525d \/ 525dX (\u00e0 partir de 2011)"}]},{"@type":"WebSite","@id":"https:\/\/www.racingmotorsportparts.com\/#website","url":"https:\/\/www.racingmotorsportparts.com\/","name":"Racing Motorsport Parts","description":"Reprogrammateur et distributeur de pi\u00e8ces","publisher":{"@id":"https:\/\/www.racingmotorsportparts.com\/#organization"},"potentialAction":[{"@type":"SearchAction","target":{"@type":"EntryPoint","urlTemplate":"https:\/\/www.racingmotorsportparts.com\/?s={search_term_string}"},"query-input":{"@type":"PropertyValueSpecification","valueRequired":true,"valueName":"search_term_string"}}],"inLanguage":"fr-FR"},{"@type":"Organization","@id":"https:\/\/www.racingmotorsportparts.com\/#organization","name":"Racing Motorsport Parts","url":"https:\/\/www.racingmotorsportparts.com\/","logo":{"@type":"ImageObject","inLanguage":"fr-FR","@id":"https:\/\/www.racingmotorsportparts.com\/#\/schema\/logo\/image\/","url":"https:\/\/www.racingmotorsportparts.com\/wp-content\/uploads\/2022\/09\/cropped-RMP.png","contentUrl":"https:\/\/www.racingmotorsportparts.com\/wp-content\/uploads\/2022\/09\/cropped-RMP.png","width":1624,"height":542,"caption":"Racing Motorsport Parts"},"image":{"@id":"https:\/\/www.racingmotorsportparts.com\/#\/schema\/logo\/image\/"},"sameAs":["https:\/\/www.facebook.com\/RacingMotorsportParts","https:\/\/www.instagram.com\/RacingMotorsportParts"]}]}},"_links":{"self":[{"href":"https:\/\/www.racingmotorsportparts.com\/index.php\/wp-json\/wp\/v2\/product\/2381","targetHints":{"allow":["GET"]}}],"collection":[{"href":"https:\/\/www.racingmotorsportparts.com\/index.php\/wp-json\/wp\/v2\/product"}],"about":[{"href":"https:\/\/www.racingmotorsportparts.com\/index.php\/wp-json\/wp\/v2\/types\/product"}],"replies":[{"embeddable":true,"href":"https:\/\/www.racingmotorsportparts.com\/index.php\/wp-json\/wp\/v2\/comments?post=2381"}],"wp:attachment":[{"href":"https:\/\/www.racingmotorsportparts.com\/index.php\/wp-json\/wp\/v2\/media?parent=2381"}],"wp:term":[{"taxonomy":"product_brand","embeddable":true,"href":"https:\/\/www.racingmotorsportparts.com\/index.php\/wp-json\/wp\/v2\/product_brand?post=2381"},{"taxonomy":"product_cat","embeddable":true,"href":"https:\/\/www.racingmotorsportparts.com\/index.php\/wp-json\/wp\/v2\/product_cat?post=2381"},{"taxonomy":"product_tag","embeddable":true,"href":"https:\/\/www.racingmotorsportparts.com\/index.php\/wp-json\/wp\/v2\/product_tag?post=2381"}],"curies":[{"name":"wp","href":"https:\/\/api.w.org\/{rel}","templated":true}]}}