{"id":2379,"date":"2023-05-14T16:37:00","date_gmt":"2023-05-14T14:37:00","guid":{"rendered":"https:\/\/www.racingmotorsportparts.com\/?post_type=product&#038;p=2379"},"modified":"2023-05-14T16:37:01","modified_gmt":"2023-05-14T14:37:01","slug":"downpipe-supprime-le-catalyseur-audi-a1-1-4-tfsi-3-portes-sportback-185-ch-2010-a-2014","status":"publish","type":"product","link":"https:\/\/www.racingmotorsportparts.com\/indexphp\/boutique\/echappement\/echappement-catalyseur\/echappement-catalyseur-supersprint\/downpipe-supprime-le-catalyseur-audi-a1-1-4-tfsi-3-portes-sportback-185-ch-2010-a-2014\/","title":{"rendered":"Downpipe (supprime le catalyseur) &#8211; Audi A1 1.4 TFSi 3 Portes \/ Sportback (185 ch) (2010 \u00e0 2014)"},"content":{"rendered":"<p>Downpipe (supprime le catalyseur) &#8211; Supersprint &#8211; 915411<br \/>\nPour Audi A1 1.4 TFSi 3 Portes \/ Sportback (185 ch) (2010 \u00e0 2014)<\/p>\n<p>R\u00e9f Supersprint : 915411<br \/>\nCe produit est strictement r\u00e9serv\u00e9 \u00e0 la comp\u00e9tition<br \/>\nNon compatible avec le catalyseur d&rsquo;origine<br \/>\nDouille filet\u00e9e pour sonde O2 fournie : Oui<br \/>\nDepuis plus de 55 ans Supersprint est un fabricant haut de gamme de syst\u00e8mes d&rsquo;\u00e9chappement haute performance. Cette entreprise familiale cr\u00e9e, d\u00e9veloppe et fabrique des \u00e9chappements de tr\u00e8s haute qualit\u00e9 gr\u00e2ce \u00e0 plusieurs g\u00e9n\u00e9rations de connaissance et une expertise pour des marques comme Aston Martin, Audi, Bentley, BMW, Ferrari, Lamborghini, Mercedes, Mini et Porsche. Utilisant des composants et des processus modernes de haute qualit\u00e9, les syst\u00e8mes Supersprint sont fabriqu\u00e9s pour respecter rigoureusement les normes de certification de qualit\u00e9 T\u00dcV et ISO 9001.<\/p>\n","protected":false},"excerpt":{"rendered":"<div class=\"mh-excerpt\"><p>Downpipe (supprime le catalyseur) &#8211; Supersprint &#8211; 915411 Pour Audi A1 1.4 TFSi 3 Portes \/ Sportback (185 ch) (2010 \u00e0 2014) R\u00e9f Supersprint : <a class=\"mh-excerpt-more\" href=\"https:\/\/www.racingmotorsportparts.com\/indexphp\/boutique\/echappement\/echappement-catalyseur\/echappement-catalyseur-supersprint\/downpipe-supprime-le-catalyseur-audi-a1-1-4-tfsi-3-portes-sportback-185-ch-2010-a-2014\/\" title=\"Downpipe (supprime le catalyseur) &#8211; Audi A1 1.4 TFSi 3 Portes \/ Sportback (185 ch) (2010 \u00e0 2014)\">[&#8230;]<\/a><\/p>\n<\/div>","protected":false},"featured_media":2380,"comment_status":"open","ping_status":"closed","template":"","meta":[],"product_brand":[],"product_cat":[432],"product_tag":[433],"class_list":{"0":"post-2379","1":"product","2":"type-product","3":"status-publish","4":"has-post-thumbnail","6":"product_cat-echappement-catalyseur-supersprint","7":"product_tag-supersprint","9":"first","10":"instock","11":"taxable","12":"shipping-taxable","13":"purchasable","14":"product-type-simple"},"yoast_head":"<!-- This site is optimized with the Yoast SEO plugin v27.4 - https:\/\/yoast.com\/product\/yoast-seo-wordpress\/ -->\n<title>Downpipe (supprime le catalyseur) - Audi A1 1.4 TFSi 3 Portes \/ Sportback (185 ch) (2010 \u00e0 2014) - Racing Motorsport Parts<\/title>\n<meta name=\"robots\" content=\"index, follow, max-snippet:-1, max-image-preview:large, max-video-preview:-1\" \/>\n<link rel=\"canonical\" href=\"https:\/\/www.racingmotorsportparts.com\/indexphp\/boutique\/echappement\/echappement-catalyseur\/echappement-catalyseur-supersprint\/downpipe-supprime-le-catalyseur-audi-a1-1-4-tfsi-3-portes-sportback-185-ch-2010-a-2014\/\" \/>\n<meta property=\"og:locale\" content=\"fr_FR\" \/>\n<meta property=\"og:type\" content=\"article\" \/>\n<meta property=\"og:title\" content=\"Downpipe (supprime le catalyseur) - Audi A1 1.4 TFSi 3 Portes \/ Sportback (185 ch) (2010 \u00e0 2014) - Racing Motorsport Parts\" \/>\n<meta property=\"og:description\" content=\"Downpipe (supprime le catalyseur) &#8211; Supersprint &#8211; 915411 Pour Audi A1 1.4 TFSi 3 Portes \/ Sportback (185 ch) (2010 \u00e0 2014) R\u00e9f Supersprint : [...]\" \/>\n<meta property=\"og:url\" content=\"https:\/\/www.racingmotorsportparts.com\/indexphp\/boutique\/echappement\/echappement-catalyseur\/echappement-catalyseur-supersprint\/downpipe-supprime-le-catalyseur-audi-a1-1-4-tfsi-3-portes-sportback-185-ch-2010-a-2014\/\" \/>\n<meta property=\"og:site_name\" content=\"Racing Motorsport Parts\" \/>\n<meta property=\"article:publisher\" content=\"https:\/\/www.facebook.com\/RacingMotorsportParts\" \/>\n<meta property=\"article:modified_time\" content=\"2023-05-14T14:37:01+00:00\" \/>\n<meta property=\"og:image\" content=\"https:\/\/www.racingmotorsportparts.com\/wp-content\/uploads\/2023\/05\/supersprint-915411-1.jpg\" \/>\n\t<meta property=\"og:image:width\" content=\"740\" \/>\n\t<meta property=\"og:image:height\" content=\"740\" \/>\n\t<meta property=\"og:image:type\" content=\"image\/jpeg\" \/>\n<meta name=\"twitter:card\" content=\"summary_large_image\" \/>\n<script type=\"application\/ld+json\" class=\"yoast-schema-graph\">{\"@context\":\"https:\\\/\\\/schema.org\",\"@graph\":[{\"@type\":\"WebPage\",\"@id\":\"https:\\\/\\\/www.racingmotorsportparts.com\\\/indexphp\\\/boutique\\\/echappement\\\/echappement-catalyseur\\\/echappement-catalyseur-supersprint\\\/downpipe-supprime-le-catalyseur-audi-a1-1-4-tfsi-3-portes-sportback-185-ch-2010-a-2014\\\/\",\"url\":\"https:\\\/\\\/www.racingmotorsportparts.com\\\/indexphp\\\/boutique\\\/echappement\\\/echappement-catalyseur\\\/echappement-catalyseur-supersprint\\\/downpipe-supprime-le-catalyseur-audi-a1-1-4-tfsi-3-portes-sportback-185-ch-2010-a-2014\\\/\",\"name\":\"Downpipe (supprime le catalyseur) - Audi A1 1.4 TFSi 3 Portes \\\/ Sportback (185 ch) (2010 \u00e0 2014) - Racing Motorsport Parts\",\"isPartOf\":{\"@id\":\"https:\\\/\\\/www.racingmotorsportparts.com\\\/#website\"},\"primaryImageOfPage\":{\"@id\":\"https:\\\/\\\/www.racingmotorsportparts.com\\\/indexphp\\\/boutique\\\/echappement\\\/echappement-catalyseur\\\/echappement-catalyseur-supersprint\\\/downpipe-supprime-le-catalyseur-audi-a1-1-4-tfsi-3-portes-sportback-185-ch-2010-a-2014\\\/#primaryimage\"},\"image\":{\"@id\":\"https:\\\/\\\/www.racingmotorsportparts.com\\\/indexphp\\\/boutique\\\/echappement\\\/echappement-catalyseur\\\/echappement-catalyseur-supersprint\\\/downpipe-supprime-le-catalyseur-audi-a1-1-4-tfsi-3-portes-sportback-185-ch-2010-a-2014\\\/#primaryimage\"},\"thumbnailUrl\":\"https:\\\/\\\/www.racingmotorsportparts.com\\\/wp-content\\\/uploads\\\/2023\\\/05\\\/supersprint-915411-1.jpg\",\"datePublished\":\"2023-05-14T14:37:00+00:00\",\"dateModified\":\"2023-05-14T14:37:01+00:00\",\"breadcrumb\":{\"@id\":\"https:\\\/\\\/www.racingmotorsportparts.com\\\/indexphp\\\/boutique\\\/echappement\\\/echappement-catalyseur\\\/echappement-catalyseur-supersprint\\\/downpipe-supprime-le-catalyseur-audi-a1-1-4-tfsi-3-portes-sportback-185-ch-2010-a-2014\\\/#breadcrumb\"},\"inLanguage\":\"fr-FR\",\"potentialAction\":[{\"@type\":\"ReadAction\",\"target\":[\"https:\\\/\\\/www.racingmotorsportparts.com\\\/indexphp\\\/boutique\\\/echappement\\\/echappement-catalyseur\\\/echappement-catalyseur-supersprint\\\/downpipe-supprime-le-catalyseur-audi-a1-1-4-tfsi-3-portes-sportback-185-ch-2010-a-2014\\\/\"]}]},{\"@type\":\"ImageObject\",\"inLanguage\":\"fr-FR\",\"@id\":\"https:\\\/\\\/www.racingmotorsportparts.com\\\/indexphp\\\/boutique\\\/echappement\\\/echappement-catalyseur\\\/echappement-catalyseur-supersprint\\\/downpipe-supprime-le-catalyseur-audi-a1-1-4-tfsi-3-portes-sportback-185-ch-2010-a-2014\\\/#primaryimage\",\"url\":\"https:\\\/\\\/www.racingmotorsportparts.com\\\/wp-content\\\/uploads\\\/2023\\\/05\\\/supersprint-915411-1.jpg\",\"contentUrl\":\"https:\\\/\\\/www.racingmotorsportparts.com\\\/wp-content\\\/uploads\\\/2023\\\/05\\\/supersprint-915411-1.jpg\",\"width\":740,\"height\":740},{\"@type\":\"BreadcrumbList\",\"@id\":\"https:\\\/\\\/www.racingmotorsportparts.com\\\/indexphp\\\/boutique\\\/echappement\\\/echappement-catalyseur\\\/echappement-catalyseur-supersprint\\\/downpipe-supprime-le-catalyseur-audi-a1-1-4-tfsi-3-portes-sportback-185-ch-2010-a-2014\\\/#breadcrumb\",\"itemListElement\":[{\"@type\":\"ListItem\",\"position\":1,\"name\":\"Accueil\",\"item\":\"https:\\\/\\\/www.racingmotorsportparts.com\\\/\"},{\"@type\":\"ListItem\",\"position\":2,\"name\":\"Boutique\",\"item\":\"https:\\\/\\\/www.racingmotorsportparts.com\\\/index.php\\\/boutique\\\/\"},{\"@type\":\"ListItem\",\"position\":3,\"name\":\"Downpipe (supprime le catalyseur) &#8211; Audi A1 1.4 TFSi 3 Portes \\\/ Sportback (185 ch) (2010 \u00e0 2014)\"}]},{\"@type\":\"WebSite\",\"@id\":\"https:\\\/\\\/www.racingmotorsportparts.com\\\/#website\",\"url\":\"https:\\\/\\\/www.racingmotorsportparts.com\\\/\",\"name\":\"Racing Motorsport Parts\",\"description\":\"Reprogrammateur et distributeur de pi\u00e8ces\",\"publisher\":{\"@id\":\"https:\\\/\\\/www.racingmotorsportparts.com\\\/#organization\"},\"potentialAction\":[{\"@type\":\"SearchAction\",\"target\":{\"@type\":\"EntryPoint\",\"urlTemplate\":\"https:\\\/\\\/www.racingmotorsportparts.com\\\/?s={search_term_string}\"},\"query-input\":{\"@type\":\"PropertyValueSpecification\",\"valueRequired\":true,\"valueName\":\"search_term_string\"}}],\"inLanguage\":\"fr-FR\"},{\"@type\":\"Organization\",\"@id\":\"https:\\\/\\\/www.racingmotorsportparts.com\\\/#organization\",\"name\":\"Racing Motorsport Parts\",\"url\":\"https:\\\/\\\/www.racingmotorsportparts.com\\\/\",\"logo\":{\"@type\":\"ImageObject\",\"inLanguage\":\"fr-FR\",\"@id\":\"https:\\\/\\\/www.racingmotorsportparts.com\\\/#\\\/schema\\\/logo\\\/image\\\/\",\"url\":\"https:\\\/\\\/www.racingmotorsportparts.com\\\/wp-content\\\/uploads\\\/2022\\\/09\\\/cropped-RMP.png\",\"contentUrl\":\"https:\\\/\\\/www.racingmotorsportparts.com\\\/wp-content\\\/uploads\\\/2022\\\/09\\\/cropped-RMP.png\",\"width\":1624,\"height\":542,\"caption\":\"Racing Motorsport Parts\"},\"image\":{\"@id\":\"https:\\\/\\\/www.racingmotorsportparts.com\\\/#\\\/schema\\\/logo\\\/image\\\/\"},\"sameAs\":[\"https:\\\/\\\/www.facebook.com\\\/RacingMotorsportParts\",\"https:\\\/\\\/www.instagram.com\\\/RacingMotorsportParts\"]}]}<\/script>\n<!-- \/ Yoast SEO plugin. -->","yoast_head_json":{"title":"Downpipe (supprime le catalyseur) - Audi A1 1.4 TFSi 3 Portes \/ Sportback (185 ch) (2010 \u00e0 2014) - Racing Motorsport Parts","robots":{"index":"index","follow":"follow","max-snippet":"max-snippet:-1","max-image-preview":"max-image-preview:large","max-video-preview":"max-video-preview:-1"},"canonical":"https:\/\/www.racingmotorsportparts.com\/indexphp\/boutique\/echappement\/echappement-catalyseur\/echappement-catalyseur-supersprint\/downpipe-supprime-le-catalyseur-audi-a1-1-4-tfsi-3-portes-sportback-185-ch-2010-a-2014\/","og_locale":"fr_FR","og_type":"article","og_title":"Downpipe (supprime le catalyseur) - Audi A1 1.4 TFSi 3 Portes \/ Sportback (185 ch) (2010 \u00e0 2014) - Racing Motorsport Parts","og_description":"Downpipe (supprime le catalyseur) &#8211; Supersprint &#8211; 915411 Pour Audi A1 1.4 TFSi 3 Portes \/ Sportback (185 ch) (2010 \u00e0 2014) R\u00e9f Supersprint : [...]","og_url":"https:\/\/www.racingmotorsportparts.com\/indexphp\/boutique\/echappement\/echappement-catalyseur\/echappement-catalyseur-supersprint\/downpipe-supprime-le-catalyseur-audi-a1-1-4-tfsi-3-portes-sportback-185-ch-2010-a-2014\/","og_site_name":"Racing Motorsport Parts","article_publisher":"https:\/\/www.facebook.com\/RacingMotorsportParts","article_modified_time":"2023-05-14T14:37:01+00:00","og_image":[{"width":740,"height":740,"url":"https:\/\/www.racingmotorsportparts.com\/wp-content\/uploads\/2023\/05\/supersprint-915411-1.jpg","type":"image\/jpeg"}],"twitter_card":"summary_large_image","schema":{"@context":"https:\/\/schema.org","@graph":[{"@type":"WebPage","@id":"https:\/\/www.racingmotorsportparts.com\/indexphp\/boutique\/echappement\/echappement-catalyseur\/echappement-catalyseur-supersprint\/downpipe-supprime-le-catalyseur-audi-a1-1-4-tfsi-3-portes-sportback-185-ch-2010-a-2014\/","url":"https:\/\/www.racingmotorsportparts.com\/indexphp\/boutique\/echappement\/echappement-catalyseur\/echappement-catalyseur-supersprint\/downpipe-supprime-le-catalyseur-audi-a1-1-4-tfsi-3-portes-sportback-185-ch-2010-a-2014\/","name":"Downpipe (supprime le catalyseur) - Audi A1 1.4 TFSi 3 Portes \/ Sportback (185 ch) (2010 \u00e0 2014) - Racing Motorsport Parts","isPartOf":{"@id":"https:\/\/www.racingmotorsportparts.com\/#website"},"primaryImageOfPage":{"@id":"https:\/\/www.racingmotorsportparts.com\/indexphp\/boutique\/echappement\/echappement-catalyseur\/echappement-catalyseur-supersprint\/downpipe-supprime-le-catalyseur-audi-a1-1-4-tfsi-3-portes-sportback-185-ch-2010-a-2014\/#primaryimage"},"image":{"@id":"https:\/\/www.racingmotorsportparts.com\/indexphp\/boutique\/echappement\/echappement-catalyseur\/echappement-catalyseur-supersprint\/downpipe-supprime-le-catalyseur-audi-a1-1-4-tfsi-3-portes-sportback-185-ch-2010-a-2014\/#primaryimage"},"thumbnailUrl":"https:\/\/www.racingmotorsportparts.com\/wp-content\/uploads\/2023\/05\/supersprint-915411-1.jpg","datePublished":"2023-05-14T14:37:00+00:00","dateModified":"2023-05-14T14:37:01+00:00","breadcrumb":{"@id":"https:\/\/www.racingmotorsportparts.com\/indexphp\/boutique\/echappement\/echappement-catalyseur\/echappement-catalyseur-supersprint\/downpipe-supprime-le-catalyseur-audi-a1-1-4-tfsi-3-portes-sportback-185-ch-2010-a-2014\/#breadcrumb"},"inLanguage":"fr-FR","potentialAction":[{"@type":"ReadAction","target":["https:\/\/www.racingmotorsportparts.com\/indexphp\/boutique\/echappement\/echappement-catalyseur\/echappement-catalyseur-supersprint\/downpipe-supprime-le-catalyseur-audi-a1-1-4-tfsi-3-portes-sportback-185-ch-2010-a-2014\/"]}]},{"@type":"ImageObject","inLanguage":"fr-FR","@id":"https:\/\/www.racingmotorsportparts.com\/indexphp\/boutique\/echappement\/echappement-catalyseur\/echappement-catalyseur-supersprint\/downpipe-supprime-le-catalyseur-audi-a1-1-4-tfsi-3-portes-sportback-185-ch-2010-a-2014\/#primaryimage","url":"https:\/\/www.racingmotorsportparts.com\/wp-content\/uploads\/2023\/05\/supersprint-915411-1.jpg","contentUrl":"https:\/\/www.racingmotorsportparts.com\/wp-content\/uploads\/2023\/05\/supersprint-915411-1.jpg","width":740,"height":740},{"@type":"BreadcrumbList","@id":"https:\/\/www.racingmotorsportparts.com\/indexphp\/boutique\/echappement\/echappement-catalyseur\/echappement-catalyseur-supersprint\/downpipe-supprime-le-catalyseur-audi-a1-1-4-tfsi-3-portes-sportback-185-ch-2010-a-2014\/#breadcrumb","itemListElement":[{"@type":"ListItem","position":1,"name":"Accueil","item":"https:\/\/www.racingmotorsportparts.com\/"},{"@type":"ListItem","position":2,"name":"Boutique","item":"https:\/\/www.racingmotorsportparts.com\/index.php\/boutique\/"},{"@type":"ListItem","position":3,"name":"Downpipe (supprime le catalyseur) &#8211; Audi A1 1.4 TFSi 3 Portes \/ Sportback (185 ch) (2010 \u00e0 2014)"}]},{"@type":"WebSite","@id":"https:\/\/www.racingmotorsportparts.com\/#website","url":"https:\/\/www.racingmotorsportparts.com\/","name":"Racing Motorsport Parts","description":"Reprogrammateur et distributeur de pi\u00e8ces","publisher":{"@id":"https:\/\/www.racingmotorsportparts.com\/#organization"},"potentialAction":[{"@type":"SearchAction","target":{"@type":"EntryPoint","urlTemplate":"https:\/\/www.racingmotorsportparts.com\/?s={search_term_string}"},"query-input":{"@type":"PropertyValueSpecification","valueRequired":true,"valueName":"search_term_string"}}],"inLanguage":"fr-FR"},{"@type":"Organization","@id":"https:\/\/www.racingmotorsportparts.com\/#organization","name":"Racing Motorsport Parts","url":"https:\/\/www.racingmotorsportparts.com\/","logo":{"@type":"ImageObject","inLanguage":"fr-FR","@id":"https:\/\/www.racingmotorsportparts.com\/#\/schema\/logo\/image\/","url":"https:\/\/www.racingmotorsportparts.com\/wp-content\/uploads\/2022\/09\/cropped-RMP.png","contentUrl":"https:\/\/www.racingmotorsportparts.com\/wp-content\/uploads\/2022\/09\/cropped-RMP.png","width":1624,"height":542,"caption":"Racing Motorsport Parts"},"image":{"@id":"https:\/\/www.racingmotorsportparts.com\/#\/schema\/logo\/image\/"},"sameAs":["https:\/\/www.facebook.com\/RacingMotorsportParts","https:\/\/www.instagram.com\/RacingMotorsportParts"]}]}},"_links":{"self":[{"href":"https:\/\/www.racingmotorsportparts.com\/index.php\/wp-json\/wp\/v2\/product\/2379","targetHints":{"allow":["GET"]}}],"collection":[{"href":"https:\/\/www.racingmotorsportparts.com\/index.php\/wp-json\/wp\/v2\/product"}],"about":[{"href":"https:\/\/www.racingmotorsportparts.com\/index.php\/wp-json\/wp\/v2\/types\/product"}],"replies":[{"embeddable":true,"href":"https:\/\/www.racingmotorsportparts.com\/index.php\/wp-json\/wp\/v2\/comments?post=2379"}],"wp:featuredmedia":[{"embeddable":true,"href":"https:\/\/www.racingmotorsportparts.com\/index.php\/wp-json\/wp\/v2\/media\/2380"}],"wp:attachment":[{"href":"https:\/\/www.racingmotorsportparts.com\/index.php\/wp-json\/wp\/v2\/media?parent=2379"}],"wp:term":[{"taxonomy":"product_brand","embeddable":true,"href":"https:\/\/www.racingmotorsportparts.com\/index.php\/wp-json\/wp\/v2\/product_brand?post=2379"},{"taxonomy":"product_cat","embeddable":true,"href":"https:\/\/www.racingmotorsportparts.com\/index.php\/wp-json\/wp\/v2\/product_cat?post=2379"},{"taxonomy":"product_tag","embeddable":true,"href":"https:\/\/www.racingmotorsportparts.com\/index.php\/wp-json\/wp\/v2\/product_tag?post=2379"}],"curies":[{"name":"wp","href":"https:\/\/api.w.org\/{rel}","templated":true}]}}