{"id":2375,"date":"2023-05-14T15:52:32","date_gmt":"2023-05-14T13:52:32","guid":{"rendered":"https:\/\/www.racingmotorsportparts.com\/?post_type=product&#038;p=2375"},"modified":"2023-05-14T15:52:32","modified_gmt":"2023-05-14T13:52:32","slug":"catalyseur-groupe-n-tube-remplacement-filtre-a-particules-groupe-n-audi-a1-2-0-tdi-fap-typ-8x-143-ch-a-partir-de-09-2010","status":"publish","type":"product","link":"https:\/\/www.racingmotorsportparts.com\/indexphp\/boutique\/echappement\/echappement-fap\/echappement-fap-ragazzon\/catalyseur-groupe-n-tube-remplacement-filtre-a-particules-groupe-n-audi-a1-2-0-tdi-fap-typ-8x-143-ch-a-partir-de-09-2010\/","title":{"rendered":"Catalyseur Groupe N + tube remplacement filtre \u00e0 particules Groupe N &#8211; Audi A1 2.0 TDi FAP &#8211; (typ 8X) &#8211; 143 ch (\u00e0 partir de 09\/2010)"},"content":{"rendered":"<p>Catalyseur Groupe N + tube remplacement filtre \u00e0 particules Groupe N &#8211; Ragazzon 54.0263.01<br \/>\nPour Audi A1 2.0 TDi FAP &#8211; (typ 8X) &#8211; 143 ch (\u00e0 partir de 09\/2010)<\/p>\n<p>Diam\u00e8tre ext\u00e9rieur tube 54<br \/>\nSortie Diam\u00e8tre ext\u00e9rieur 55<br \/>\nR\u00e9f. Ragazzon : 54.0263.01<br \/>\nUsage : Circuit (Comp\u00e9tition uniquement)<br \/>\nCatalyseur group n + tube remplacement filtre \u00e0 particules groupe n en inox<br \/>\nLa reprogrammation des modules \u00e9lectroniques n\u00e9cessaire<br \/>\nTous les emplacements des sondes d&rsquo;origine pr\u00e9sents &#8211; Compatible avec la ligne d&rsquo;origine.<br \/>\nRagazzon, la marque italienne pour se faire remarquer !<br \/>\nMarque embl\u00e9matique et innovatrice dans la production de pots d&rsquo;\u00e9chappement sportifs, Ragazzon vous garantit des produits de qualit\u00e9 sup\u00e9rieure avec une longue dur\u00e9e de vie.<\/p>\n","protected":false},"excerpt":{"rendered":"<div class=\"mh-excerpt\"><p>Catalyseur Groupe N + tube remplacement filtre \u00e0 particules Groupe N &#8211; Ragazzon 54.0263.01 Pour Audi A1 2.0 TDi FAP &#8211; (typ 8X) &#8211; 143 <a class=\"mh-excerpt-more\" href=\"https:\/\/www.racingmotorsportparts.com\/indexphp\/boutique\/echappement\/echappement-fap\/echappement-fap-ragazzon\/catalyseur-groupe-n-tube-remplacement-filtre-a-particules-groupe-n-audi-a1-2-0-tdi-fap-typ-8x-143-ch-a-partir-de-09-2010\/\" title=\"Catalyseur Groupe N + tube remplacement filtre \u00e0 particules Groupe N &#8211; Audi A1 2.0 TDi FAP &#8211; (typ 8X) &#8211; 143 ch (\u00e0 partir de 09\/2010)\">[&#8230;]<\/a><\/p>\n<\/div>","protected":false},"featured_media":2376,"comment_status":"open","ping_status":"closed","template":"","meta":[],"product_brand":[],"product_cat":[429,431],"product_tag":[425],"class_list":{"0":"post-2375","1":"product","2":"type-product","3":"status-publish","4":"has-post-thumbnail","6":"product_cat-echappement-catalyseur-ragazzon","7":"product_cat-echappement-fap-ragazzon","8":"product_tag-ragazzon","10":"first","11":"instock","12":"taxable","13":"shipping-taxable","14":"purchasable","15":"product-type-simple"},"yoast_head":"<!-- This site is optimized with the Yoast SEO plugin v27.4 - https:\/\/yoast.com\/product\/yoast-seo-wordpress\/ -->\n<title>Catalyseur Groupe N + tube remplacement filtre \u00e0 particules Groupe N - Audi A1 2.0 TDi FAP - (typ 8X) - 143 ch (\u00e0 partir de 09\/2010) - Racing Motorsport Parts<\/title>\n<meta name=\"robots\" content=\"index, follow, max-snippet:-1, max-image-preview:large, max-video-preview:-1\" \/>\n<link rel=\"canonical\" href=\"https:\/\/www.racingmotorsportparts.com\/indexphp\/boutique\/echappement\/echappement-fap\/echappement-fap-ragazzon\/catalyseur-groupe-n-tube-remplacement-filtre-a-particules-groupe-n-audi-a1-2-0-tdi-fap-typ-8x-143-ch-a-partir-de-09-2010\/\" \/>\n<meta property=\"og:locale\" content=\"fr_FR\" \/>\n<meta property=\"og:type\" content=\"article\" \/>\n<meta property=\"og:title\" content=\"Catalyseur Groupe N + tube remplacement filtre \u00e0 particules Groupe N - Audi A1 2.0 TDi FAP - (typ 8X) - 143 ch (\u00e0 partir de 09\/2010) - Racing Motorsport Parts\" \/>\n<meta property=\"og:description\" content=\"Catalyseur Groupe N + tube remplacement filtre \u00e0 particules Groupe N &#8211; Ragazzon 54.0263.01 Pour Audi A1 2.0 TDi FAP &#8211; (typ 8X) &#8211; 143 [...]\" \/>\n<meta property=\"og:url\" content=\"https:\/\/www.racingmotorsportparts.com\/indexphp\/boutique\/echappement\/echappement-fap\/echappement-fap-ragazzon\/catalyseur-groupe-n-tube-remplacement-filtre-a-particules-groupe-n-audi-a1-2-0-tdi-fap-typ-8x-143-ch-a-partir-de-09-2010\/\" \/>\n<meta property=\"og:site_name\" content=\"Racing Motorsport Parts\" \/>\n<meta property=\"article:publisher\" content=\"https:\/\/www.facebook.com\/RacingMotorsportParts\" \/>\n<meta property=\"og:image\" content=\"https:\/\/www.racingmotorsportparts.com\/wp-content\/uploads\/2023\/05\/ragazzon-54-0263-01-2.jpg\" \/>\n\t<meta property=\"og:image:width\" content=\"443\" \/>\n\t<meta property=\"og:image:height\" content=\"443\" \/>\n\t<meta property=\"og:image:type\" content=\"image\/jpeg\" \/>\n<meta name=\"twitter:card\" content=\"summary_large_image\" \/>\n<script type=\"application\/ld+json\" class=\"yoast-schema-graph\">{\"@context\":\"https:\\\/\\\/schema.org\",\"@graph\":[{\"@type\":\"WebPage\",\"@id\":\"https:\\\/\\\/www.racingmotorsportparts.com\\\/indexphp\\\/boutique\\\/echappement\\\/echappement-fap\\\/echappement-fap-ragazzon\\\/catalyseur-groupe-n-tube-remplacement-filtre-a-particules-groupe-n-audi-a1-2-0-tdi-fap-typ-8x-143-ch-a-partir-de-09-2010\\\/\",\"url\":\"https:\\\/\\\/www.racingmotorsportparts.com\\\/indexphp\\\/boutique\\\/echappement\\\/echappement-fap\\\/echappement-fap-ragazzon\\\/catalyseur-groupe-n-tube-remplacement-filtre-a-particules-groupe-n-audi-a1-2-0-tdi-fap-typ-8x-143-ch-a-partir-de-09-2010\\\/\",\"name\":\"Catalyseur Groupe N + tube remplacement filtre \u00e0 particules Groupe N - Audi A1 2.0 TDi FAP - (typ 8X) - 143 ch (\u00e0 partir de 09\\\/2010) - Racing Motorsport Parts\",\"isPartOf\":{\"@id\":\"https:\\\/\\\/www.racingmotorsportparts.com\\\/#website\"},\"primaryImageOfPage\":{\"@id\":\"https:\\\/\\\/www.racingmotorsportparts.com\\\/indexphp\\\/boutique\\\/echappement\\\/echappement-fap\\\/echappement-fap-ragazzon\\\/catalyseur-groupe-n-tube-remplacement-filtre-a-particules-groupe-n-audi-a1-2-0-tdi-fap-typ-8x-143-ch-a-partir-de-09-2010\\\/#primaryimage\"},\"image\":{\"@id\":\"https:\\\/\\\/www.racingmotorsportparts.com\\\/indexphp\\\/boutique\\\/echappement\\\/echappement-fap\\\/echappement-fap-ragazzon\\\/catalyseur-groupe-n-tube-remplacement-filtre-a-particules-groupe-n-audi-a1-2-0-tdi-fap-typ-8x-143-ch-a-partir-de-09-2010\\\/#primaryimage\"},\"thumbnailUrl\":\"https:\\\/\\\/www.racingmotorsportparts.com\\\/wp-content\\\/uploads\\\/2023\\\/05\\\/ragazzon-54-0263-01-2.jpg\",\"datePublished\":\"2023-05-14T13:52:32+00:00\",\"breadcrumb\":{\"@id\":\"https:\\\/\\\/www.racingmotorsportparts.com\\\/indexphp\\\/boutique\\\/echappement\\\/echappement-fap\\\/echappement-fap-ragazzon\\\/catalyseur-groupe-n-tube-remplacement-filtre-a-particules-groupe-n-audi-a1-2-0-tdi-fap-typ-8x-143-ch-a-partir-de-09-2010\\\/#breadcrumb\"},\"inLanguage\":\"fr-FR\",\"potentialAction\":[{\"@type\":\"ReadAction\",\"target\":[\"https:\\\/\\\/www.racingmotorsportparts.com\\\/indexphp\\\/boutique\\\/echappement\\\/echappement-fap\\\/echappement-fap-ragazzon\\\/catalyseur-groupe-n-tube-remplacement-filtre-a-particules-groupe-n-audi-a1-2-0-tdi-fap-typ-8x-143-ch-a-partir-de-09-2010\\\/\"]}]},{\"@type\":\"ImageObject\",\"inLanguage\":\"fr-FR\",\"@id\":\"https:\\\/\\\/www.racingmotorsportparts.com\\\/indexphp\\\/boutique\\\/echappement\\\/echappement-fap\\\/echappement-fap-ragazzon\\\/catalyseur-groupe-n-tube-remplacement-filtre-a-particules-groupe-n-audi-a1-2-0-tdi-fap-typ-8x-143-ch-a-partir-de-09-2010\\\/#primaryimage\",\"url\":\"https:\\\/\\\/www.racingmotorsportparts.com\\\/wp-content\\\/uploads\\\/2023\\\/05\\\/ragazzon-54-0263-01-2.jpg\",\"contentUrl\":\"https:\\\/\\\/www.racingmotorsportparts.com\\\/wp-content\\\/uploads\\\/2023\\\/05\\\/ragazzon-54-0263-01-2.jpg\",\"width\":443,\"height\":443},{\"@type\":\"BreadcrumbList\",\"@id\":\"https:\\\/\\\/www.racingmotorsportparts.com\\\/indexphp\\\/boutique\\\/echappement\\\/echappement-fap\\\/echappement-fap-ragazzon\\\/catalyseur-groupe-n-tube-remplacement-filtre-a-particules-groupe-n-audi-a1-2-0-tdi-fap-typ-8x-143-ch-a-partir-de-09-2010\\\/#breadcrumb\",\"itemListElement\":[{\"@type\":\"ListItem\",\"position\":1,\"name\":\"Accueil\",\"item\":\"https:\\\/\\\/www.racingmotorsportparts.com\\\/\"},{\"@type\":\"ListItem\",\"position\":2,\"name\":\"Boutique\",\"item\":\"https:\\\/\\\/www.racingmotorsportparts.com\\\/index.php\\\/boutique\\\/\"},{\"@type\":\"ListItem\",\"position\":3,\"name\":\"Catalyseur Groupe N + tube remplacement filtre \u00e0 particules Groupe N &#8211; Audi A1 2.0 TDi FAP &#8211; (typ 8X) &#8211; 143 ch (\u00e0 partir de 09\\\/2010)\"}]},{\"@type\":\"WebSite\",\"@id\":\"https:\\\/\\\/www.racingmotorsportparts.com\\\/#website\",\"url\":\"https:\\\/\\\/www.racingmotorsportparts.com\\\/\",\"name\":\"Racing Motorsport Parts\",\"description\":\"Reprogrammateur et distributeur de pi\u00e8ces\",\"publisher\":{\"@id\":\"https:\\\/\\\/www.racingmotorsportparts.com\\\/#organization\"},\"potentialAction\":[{\"@type\":\"SearchAction\",\"target\":{\"@type\":\"EntryPoint\",\"urlTemplate\":\"https:\\\/\\\/www.racingmotorsportparts.com\\\/?s={search_term_string}\"},\"query-input\":{\"@type\":\"PropertyValueSpecification\",\"valueRequired\":true,\"valueName\":\"search_term_string\"}}],\"inLanguage\":\"fr-FR\"},{\"@type\":\"Organization\",\"@id\":\"https:\\\/\\\/www.racingmotorsportparts.com\\\/#organization\",\"name\":\"Racing Motorsport Parts\",\"url\":\"https:\\\/\\\/www.racingmotorsportparts.com\\\/\",\"logo\":{\"@type\":\"ImageObject\",\"inLanguage\":\"fr-FR\",\"@id\":\"https:\\\/\\\/www.racingmotorsportparts.com\\\/#\\\/schema\\\/logo\\\/image\\\/\",\"url\":\"https:\\\/\\\/www.racingmotorsportparts.com\\\/wp-content\\\/uploads\\\/2022\\\/09\\\/cropped-RMP.png\",\"contentUrl\":\"https:\\\/\\\/www.racingmotorsportparts.com\\\/wp-content\\\/uploads\\\/2022\\\/09\\\/cropped-RMP.png\",\"width\":1624,\"height\":542,\"caption\":\"Racing Motorsport Parts\"},\"image\":{\"@id\":\"https:\\\/\\\/www.racingmotorsportparts.com\\\/#\\\/schema\\\/logo\\\/image\\\/\"},\"sameAs\":[\"https:\\\/\\\/www.facebook.com\\\/RacingMotorsportParts\",\"https:\\\/\\\/www.instagram.com\\\/RacingMotorsportParts\"]}]}<\/script>\n<!-- \/ Yoast SEO plugin. -->","yoast_head_json":{"title":"Catalyseur Groupe N + tube remplacement filtre \u00e0 particules Groupe N - Audi A1 2.0 TDi FAP - (typ 8X) - 143 ch (\u00e0 partir de 09\/2010) - Racing Motorsport Parts","robots":{"index":"index","follow":"follow","max-snippet":"max-snippet:-1","max-image-preview":"max-image-preview:large","max-video-preview":"max-video-preview:-1"},"canonical":"https:\/\/www.racingmotorsportparts.com\/indexphp\/boutique\/echappement\/echappement-fap\/echappement-fap-ragazzon\/catalyseur-groupe-n-tube-remplacement-filtre-a-particules-groupe-n-audi-a1-2-0-tdi-fap-typ-8x-143-ch-a-partir-de-09-2010\/","og_locale":"fr_FR","og_type":"article","og_title":"Catalyseur Groupe N + tube remplacement filtre \u00e0 particules Groupe N - Audi A1 2.0 TDi FAP - (typ 8X) - 143 ch (\u00e0 partir de 09\/2010) - Racing Motorsport Parts","og_description":"Catalyseur Groupe N + tube remplacement filtre \u00e0 particules Groupe N &#8211; Ragazzon 54.0263.01 Pour Audi A1 2.0 TDi FAP &#8211; (typ 8X) &#8211; 143 [...]","og_url":"https:\/\/www.racingmotorsportparts.com\/indexphp\/boutique\/echappement\/echappement-fap\/echappement-fap-ragazzon\/catalyseur-groupe-n-tube-remplacement-filtre-a-particules-groupe-n-audi-a1-2-0-tdi-fap-typ-8x-143-ch-a-partir-de-09-2010\/","og_site_name":"Racing Motorsport Parts","article_publisher":"https:\/\/www.facebook.com\/RacingMotorsportParts","og_image":[{"width":443,"height":443,"url":"https:\/\/www.racingmotorsportparts.com\/wp-content\/uploads\/2023\/05\/ragazzon-54-0263-01-2.jpg","type":"image\/jpeg"}],"twitter_card":"summary_large_image","schema":{"@context":"https:\/\/schema.org","@graph":[{"@type":"WebPage","@id":"https:\/\/www.racingmotorsportparts.com\/indexphp\/boutique\/echappement\/echappement-fap\/echappement-fap-ragazzon\/catalyseur-groupe-n-tube-remplacement-filtre-a-particules-groupe-n-audi-a1-2-0-tdi-fap-typ-8x-143-ch-a-partir-de-09-2010\/","url":"https:\/\/www.racingmotorsportparts.com\/indexphp\/boutique\/echappement\/echappement-fap\/echappement-fap-ragazzon\/catalyseur-groupe-n-tube-remplacement-filtre-a-particules-groupe-n-audi-a1-2-0-tdi-fap-typ-8x-143-ch-a-partir-de-09-2010\/","name":"Catalyseur Groupe N + tube remplacement filtre \u00e0 particules Groupe N - Audi A1 2.0 TDi FAP - (typ 8X) - 143 ch (\u00e0 partir de 09\/2010) - Racing Motorsport Parts","isPartOf":{"@id":"https:\/\/www.racingmotorsportparts.com\/#website"},"primaryImageOfPage":{"@id":"https:\/\/www.racingmotorsportparts.com\/indexphp\/boutique\/echappement\/echappement-fap\/echappement-fap-ragazzon\/catalyseur-groupe-n-tube-remplacement-filtre-a-particules-groupe-n-audi-a1-2-0-tdi-fap-typ-8x-143-ch-a-partir-de-09-2010\/#primaryimage"},"image":{"@id":"https:\/\/www.racingmotorsportparts.com\/indexphp\/boutique\/echappement\/echappement-fap\/echappement-fap-ragazzon\/catalyseur-groupe-n-tube-remplacement-filtre-a-particules-groupe-n-audi-a1-2-0-tdi-fap-typ-8x-143-ch-a-partir-de-09-2010\/#primaryimage"},"thumbnailUrl":"https:\/\/www.racingmotorsportparts.com\/wp-content\/uploads\/2023\/05\/ragazzon-54-0263-01-2.jpg","datePublished":"2023-05-14T13:52:32+00:00","breadcrumb":{"@id":"https:\/\/www.racingmotorsportparts.com\/indexphp\/boutique\/echappement\/echappement-fap\/echappement-fap-ragazzon\/catalyseur-groupe-n-tube-remplacement-filtre-a-particules-groupe-n-audi-a1-2-0-tdi-fap-typ-8x-143-ch-a-partir-de-09-2010\/#breadcrumb"},"inLanguage":"fr-FR","potentialAction":[{"@type":"ReadAction","target":["https:\/\/www.racingmotorsportparts.com\/indexphp\/boutique\/echappement\/echappement-fap\/echappement-fap-ragazzon\/catalyseur-groupe-n-tube-remplacement-filtre-a-particules-groupe-n-audi-a1-2-0-tdi-fap-typ-8x-143-ch-a-partir-de-09-2010\/"]}]},{"@type":"ImageObject","inLanguage":"fr-FR","@id":"https:\/\/www.racingmotorsportparts.com\/indexphp\/boutique\/echappement\/echappement-fap\/echappement-fap-ragazzon\/catalyseur-groupe-n-tube-remplacement-filtre-a-particules-groupe-n-audi-a1-2-0-tdi-fap-typ-8x-143-ch-a-partir-de-09-2010\/#primaryimage","url":"https:\/\/www.racingmotorsportparts.com\/wp-content\/uploads\/2023\/05\/ragazzon-54-0263-01-2.jpg","contentUrl":"https:\/\/www.racingmotorsportparts.com\/wp-content\/uploads\/2023\/05\/ragazzon-54-0263-01-2.jpg","width":443,"height":443},{"@type":"BreadcrumbList","@id":"https:\/\/www.racingmotorsportparts.com\/indexphp\/boutique\/echappement\/echappement-fap\/echappement-fap-ragazzon\/catalyseur-groupe-n-tube-remplacement-filtre-a-particules-groupe-n-audi-a1-2-0-tdi-fap-typ-8x-143-ch-a-partir-de-09-2010\/#breadcrumb","itemListElement":[{"@type":"ListItem","position":1,"name":"Accueil","item":"https:\/\/www.racingmotorsportparts.com\/"},{"@type":"ListItem","position":2,"name":"Boutique","item":"https:\/\/www.racingmotorsportparts.com\/index.php\/boutique\/"},{"@type":"ListItem","position":3,"name":"Catalyseur Groupe N + tube remplacement filtre \u00e0 particules Groupe N &#8211; Audi A1 2.0 TDi FAP &#8211; (typ 8X) &#8211; 143 ch (\u00e0 partir de 09\/2010)"}]},{"@type":"WebSite","@id":"https:\/\/www.racingmotorsportparts.com\/#website","url":"https:\/\/www.racingmotorsportparts.com\/","name":"Racing Motorsport Parts","description":"Reprogrammateur et distributeur de pi\u00e8ces","publisher":{"@id":"https:\/\/www.racingmotorsportparts.com\/#organization"},"potentialAction":[{"@type":"SearchAction","target":{"@type":"EntryPoint","urlTemplate":"https:\/\/www.racingmotorsportparts.com\/?s={search_term_string}"},"query-input":{"@type":"PropertyValueSpecification","valueRequired":true,"valueName":"search_term_string"}}],"inLanguage":"fr-FR"},{"@type":"Organization","@id":"https:\/\/www.racingmotorsportparts.com\/#organization","name":"Racing Motorsport Parts","url":"https:\/\/www.racingmotorsportparts.com\/","logo":{"@type":"ImageObject","inLanguage":"fr-FR","@id":"https:\/\/www.racingmotorsportparts.com\/#\/schema\/logo\/image\/","url":"https:\/\/www.racingmotorsportparts.com\/wp-content\/uploads\/2022\/09\/cropped-RMP.png","contentUrl":"https:\/\/www.racingmotorsportparts.com\/wp-content\/uploads\/2022\/09\/cropped-RMP.png","width":1624,"height":542,"caption":"Racing Motorsport Parts"},"image":{"@id":"https:\/\/www.racingmotorsportparts.com\/#\/schema\/logo\/image\/"},"sameAs":["https:\/\/www.facebook.com\/RacingMotorsportParts","https:\/\/www.instagram.com\/RacingMotorsportParts"]}]}},"_links":{"self":[{"href":"https:\/\/www.racingmotorsportparts.com\/index.php\/wp-json\/wp\/v2\/product\/2375","targetHints":{"allow":["GET"]}}],"collection":[{"href":"https:\/\/www.racingmotorsportparts.com\/index.php\/wp-json\/wp\/v2\/product"}],"about":[{"href":"https:\/\/www.racingmotorsportparts.com\/index.php\/wp-json\/wp\/v2\/types\/product"}],"replies":[{"embeddable":true,"href":"https:\/\/www.racingmotorsportparts.com\/index.php\/wp-json\/wp\/v2\/comments?post=2375"}],"wp:featuredmedia":[{"embeddable":true,"href":"https:\/\/www.racingmotorsportparts.com\/index.php\/wp-json\/wp\/v2\/media\/2376"}],"wp:attachment":[{"href":"https:\/\/www.racingmotorsportparts.com\/index.php\/wp-json\/wp\/v2\/media?parent=2375"}],"wp:term":[{"taxonomy":"product_brand","embeddable":true,"href":"https:\/\/www.racingmotorsportparts.com\/index.php\/wp-json\/wp\/v2\/product_brand?post=2375"},{"taxonomy":"product_cat","embeddable":true,"href":"https:\/\/www.racingmotorsportparts.com\/index.php\/wp-json\/wp\/v2\/product_cat?post=2375"},{"taxonomy":"product_tag","embeddable":true,"href":"https:\/\/www.racingmotorsportparts.com\/index.php\/wp-json\/wp\/v2\/product_tag?post=2375"}],"curies":[{"name":"wp","href":"https:\/\/api.w.org\/{rel}","templated":true}]}}