{"id":2358,"date":"2023-05-14T10:21:11","date_gmt":"2023-05-14T08:21:11","guid":{"rendered":"https:\/\/www.racingmotorsportparts.com\/?post_type=product&#038;p=2358"},"modified":"2023-05-14T12:15:45","modified_gmt":"2023-05-14T10:15:45","slug":"tube-remplacement-catalyseur-groupe-n-volkswagen-golf-golf-vii-2-0-tsi-r-4motion-300-ch-2013-a-2017","status":"publish","type":"product","link":"https:\/\/www.racingmotorsportparts.com\/indexphp\/boutique\/echappement\/echappement-catalyseur\/echappement-catalyseur-ragazzon\/tube-remplacement-catalyseur-groupe-n-volkswagen-golf-golf-vii-2-0-tsi-r-4motion-300-ch-2013-a-2017\/","title":{"rendered":"Tube remplacement catalyseur Groupe N &#8211; Volkswagen Golf Golf VII &#8211; 2.0 TSI R 4MOTION &#8211; 300 ch (2013 \u00e0 2017)"},"content":{"rendered":"<p>Tube remplacement catalyseur Groupe N &#8211; Ragazzon 55.0424.00<br \/>\nPour Volkswagen Golf Golf VII &#8211; 2.0 TSI R 4MOTION &#8211; 300 ch (2013 \u00e0 2017)<\/p>\n<p>Diam\u00e8tre ext\u00e9rieur tube 76<br \/>\nSortie Diam\u00e8tre ext\u00e9rieur 76<br \/>\nR\u00e9f. Ragazzon : 55.0424.00<br \/>\nUsage : Circuit (Comp\u00e9tition uniquement)<br \/>\nTube remplacement catalyseur groupe n en inox- Ligne avec diam\u00e8tre major\u00e9 76 mm<br \/>\nLa reprogrammation des modules \u00e9lectroniques n\u00e9cessaire<br \/>\nCompatible avec la ligne d&rsquo;origine. Pour le montage sur l&rsquo;interm\u00e9diaire d&rsquo;origine il faut l&rsquo;adaptateur indiqu\u00e9 dans le catalogue, \u00e0 commander s\u00e9par\u00e9ment.<\/p>\n<p>Manchon adaptateur pour votre Volkswagen Golf \u00e0 commander s\u00e9par\u00e9ment <a href=\"https:\/\/www.racingmotorsportparts.com\/indexphp\/boutique\/echappement\/echappement-manchon\/echappement-manchon-ragazzon\/manchon-dadaptation-76mm-65-5mm\/\">ici<\/a>.<\/p>\n<p>Ragazzon, la marque italienne pour se faire remarquer !<br \/>\nMarque embl\u00e9matique et innovatrice dans la production de pots d&rsquo;\u00e9chappement sportifs, Ragazzon vous garantit des produits de qualit\u00e9 sup\u00e9rieure avec une longue dur\u00e9e de vie.<\/p>\n","protected":false},"excerpt":{"rendered":"<div class=\"mh-excerpt\"><p>Tube remplacement catalyseur Groupe N &#8211; Ragazzon 55.0424.00 Pour Volkswagen Golf Golf VII &#8211; 2.0 TSI R 4MOTION &#8211; 300 ch (2013 \u00e0 2017) Diam\u00e8tre <a class=\"mh-excerpt-more\" href=\"https:\/\/www.racingmotorsportparts.com\/indexphp\/boutique\/echappement\/echappement-catalyseur\/echappement-catalyseur-ragazzon\/tube-remplacement-catalyseur-groupe-n-volkswagen-golf-golf-vii-2-0-tsi-r-4motion-300-ch-2013-a-2017\/\" title=\"Tube remplacement catalyseur Groupe N &#8211; Volkswagen Golf Golf VII &#8211; 2.0 TSI R 4MOTION &#8211; 300 ch (2013 \u00e0 2017)\">[&#8230;]<\/a><\/p>\n<\/div>","protected":false},"featured_media":0,"comment_status":"open","ping_status":"closed","template":"","meta":[],"product_brand":[],"product_cat":[429],"product_tag":[425],"class_list":{"0":"post-2358","1":"product","2":"type-product","3":"status-publish","5":"product_cat-echappement-catalyseur-ragazzon","6":"product_tag-ragazzon","8":"first","9":"instock","10":"taxable","11":"shipping-taxable","12":"purchasable","13":"product-type-simple"},"yoast_head":"<!-- This site is optimized with the Yoast SEO plugin v27.4 - https:\/\/yoast.com\/product\/yoast-seo-wordpress\/ -->\n<title>Tube remplacement catalyseur Groupe N - Volkswagen Golf Golf VII - 2.0 TSI R 4MOTION - 300 ch (2013 \u00e0 2017) - Racing Motorsport Parts<\/title>\n<meta name=\"robots\" content=\"index, follow, max-snippet:-1, max-image-preview:large, max-video-preview:-1\" \/>\n<link rel=\"canonical\" href=\"https:\/\/www.racingmotorsportparts.com\/indexphp\/boutique\/echappement\/echappement-catalyseur\/echappement-catalyseur-ragazzon\/tube-remplacement-catalyseur-groupe-n-volkswagen-golf-golf-vii-2-0-tsi-r-4motion-300-ch-2013-a-2017\/\" \/>\n<meta property=\"og:locale\" content=\"fr_FR\" \/>\n<meta property=\"og:type\" content=\"article\" \/>\n<meta property=\"og:title\" content=\"Tube remplacement catalyseur Groupe N - Volkswagen Golf Golf VII - 2.0 TSI R 4MOTION - 300 ch (2013 \u00e0 2017) - Racing Motorsport Parts\" \/>\n<meta property=\"og:description\" content=\"Tube remplacement catalyseur Groupe N &#8211; Ragazzon 55.0424.00 Pour Volkswagen Golf Golf VII &#8211; 2.0 TSI R 4MOTION &#8211; 300 ch (2013 \u00e0 2017) Diam\u00e8tre [...]\" \/>\n<meta property=\"og:url\" content=\"https:\/\/www.racingmotorsportparts.com\/indexphp\/boutique\/echappement\/echappement-catalyseur\/echappement-catalyseur-ragazzon\/tube-remplacement-catalyseur-groupe-n-volkswagen-golf-golf-vii-2-0-tsi-r-4motion-300-ch-2013-a-2017\/\" \/>\n<meta property=\"og:site_name\" content=\"Racing Motorsport Parts\" \/>\n<meta property=\"article:publisher\" content=\"https:\/\/www.facebook.com\/RacingMotorsportParts\" \/>\n<meta property=\"article:modified_time\" content=\"2023-05-14T10:15:45+00:00\" \/>\n<meta name=\"twitter:card\" content=\"summary_large_image\" \/>\n<meta name=\"twitter:label1\" content=\"Dur\u00e9e de lecture estim\u00e9e\" \/>\n\t<meta name=\"twitter:data1\" content=\"1 minute\" \/>\n<script type=\"application\/ld+json\" class=\"yoast-schema-graph\">{\"@context\":\"https:\\\/\\\/schema.org\",\"@graph\":[{\"@type\":\"WebPage\",\"@id\":\"https:\\\/\\\/www.racingmotorsportparts.com\\\/indexphp\\\/boutique\\\/echappement\\\/echappement-catalyseur\\\/echappement-catalyseur-ragazzon\\\/tube-remplacement-catalyseur-groupe-n-volkswagen-golf-golf-vii-2-0-tsi-r-4motion-300-ch-2013-a-2017\\\/\",\"url\":\"https:\\\/\\\/www.racingmotorsportparts.com\\\/indexphp\\\/boutique\\\/echappement\\\/echappement-catalyseur\\\/echappement-catalyseur-ragazzon\\\/tube-remplacement-catalyseur-groupe-n-volkswagen-golf-golf-vii-2-0-tsi-r-4motion-300-ch-2013-a-2017\\\/\",\"name\":\"Tube remplacement catalyseur Groupe N - Volkswagen Golf Golf VII - 2.0 TSI R 4MOTION - 300 ch (2013 \u00e0 2017) - Racing Motorsport Parts\",\"isPartOf\":{\"@id\":\"https:\\\/\\\/www.racingmotorsportparts.com\\\/#website\"},\"datePublished\":\"2023-05-14T08:21:11+00:00\",\"dateModified\":\"2023-05-14T10:15:45+00:00\",\"breadcrumb\":{\"@id\":\"https:\\\/\\\/www.racingmotorsportparts.com\\\/indexphp\\\/boutique\\\/echappement\\\/echappement-catalyseur\\\/echappement-catalyseur-ragazzon\\\/tube-remplacement-catalyseur-groupe-n-volkswagen-golf-golf-vii-2-0-tsi-r-4motion-300-ch-2013-a-2017\\\/#breadcrumb\"},\"inLanguage\":\"fr-FR\",\"potentialAction\":[{\"@type\":\"ReadAction\",\"target\":[\"https:\\\/\\\/www.racingmotorsportparts.com\\\/indexphp\\\/boutique\\\/echappement\\\/echappement-catalyseur\\\/echappement-catalyseur-ragazzon\\\/tube-remplacement-catalyseur-groupe-n-volkswagen-golf-golf-vii-2-0-tsi-r-4motion-300-ch-2013-a-2017\\\/\"]}]},{\"@type\":\"BreadcrumbList\",\"@id\":\"https:\\\/\\\/www.racingmotorsportparts.com\\\/indexphp\\\/boutique\\\/echappement\\\/echappement-catalyseur\\\/echappement-catalyseur-ragazzon\\\/tube-remplacement-catalyseur-groupe-n-volkswagen-golf-golf-vii-2-0-tsi-r-4motion-300-ch-2013-a-2017\\\/#breadcrumb\",\"itemListElement\":[{\"@type\":\"ListItem\",\"position\":1,\"name\":\"Accueil\",\"item\":\"https:\\\/\\\/www.racingmotorsportparts.com\\\/\"},{\"@type\":\"ListItem\",\"position\":2,\"name\":\"Boutique\",\"item\":\"https:\\\/\\\/www.racingmotorsportparts.com\\\/index.php\\\/boutique\\\/\"},{\"@type\":\"ListItem\",\"position\":3,\"name\":\"Tube remplacement catalyseur Groupe N &#8211; Volkswagen Golf Golf VII &#8211; 2.0 TSI R 4MOTION &#8211; 300 ch (2013 \u00e0 2017)\"}]},{\"@type\":\"WebSite\",\"@id\":\"https:\\\/\\\/www.racingmotorsportparts.com\\\/#website\",\"url\":\"https:\\\/\\\/www.racingmotorsportparts.com\\\/\",\"name\":\"Racing Motorsport Parts\",\"description\":\"Reprogrammateur et distributeur de pi\u00e8ces\",\"publisher\":{\"@id\":\"https:\\\/\\\/www.racingmotorsportparts.com\\\/#organization\"},\"potentialAction\":[{\"@type\":\"SearchAction\",\"target\":{\"@type\":\"EntryPoint\",\"urlTemplate\":\"https:\\\/\\\/www.racingmotorsportparts.com\\\/?s={search_term_string}\"},\"query-input\":{\"@type\":\"PropertyValueSpecification\",\"valueRequired\":true,\"valueName\":\"search_term_string\"}}],\"inLanguage\":\"fr-FR\"},{\"@type\":\"Organization\",\"@id\":\"https:\\\/\\\/www.racingmotorsportparts.com\\\/#organization\",\"name\":\"Racing Motorsport Parts\",\"url\":\"https:\\\/\\\/www.racingmotorsportparts.com\\\/\",\"logo\":{\"@type\":\"ImageObject\",\"inLanguage\":\"fr-FR\",\"@id\":\"https:\\\/\\\/www.racingmotorsportparts.com\\\/#\\\/schema\\\/logo\\\/image\\\/\",\"url\":\"https:\\\/\\\/www.racingmotorsportparts.com\\\/wp-content\\\/uploads\\\/2022\\\/09\\\/cropped-RMP.png\",\"contentUrl\":\"https:\\\/\\\/www.racingmotorsportparts.com\\\/wp-content\\\/uploads\\\/2022\\\/09\\\/cropped-RMP.png\",\"width\":1624,\"height\":542,\"caption\":\"Racing Motorsport Parts\"},\"image\":{\"@id\":\"https:\\\/\\\/www.racingmotorsportparts.com\\\/#\\\/schema\\\/logo\\\/image\\\/\"},\"sameAs\":[\"https:\\\/\\\/www.facebook.com\\\/RacingMotorsportParts\",\"https:\\\/\\\/www.instagram.com\\\/RacingMotorsportParts\"]}]}<\/script>\n<!-- \/ Yoast SEO plugin. -->","yoast_head_json":{"title":"Tube remplacement catalyseur Groupe N - Volkswagen Golf Golf VII - 2.0 TSI R 4MOTION - 300 ch (2013 \u00e0 2017) - Racing Motorsport Parts","robots":{"index":"index","follow":"follow","max-snippet":"max-snippet:-1","max-image-preview":"max-image-preview:large","max-video-preview":"max-video-preview:-1"},"canonical":"https:\/\/www.racingmotorsportparts.com\/indexphp\/boutique\/echappement\/echappement-catalyseur\/echappement-catalyseur-ragazzon\/tube-remplacement-catalyseur-groupe-n-volkswagen-golf-golf-vii-2-0-tsi-r-4motion-300-ch-2013-a-2017\/","og_locale":"fr_FR","og_type":"article","og_title":"Tube remplacement catalyseur Groupe N - Volkswagen Golf Golf VII - 2.0 TSI R 4MOTION - 300 ch (2013 \u00e0 2017) - Racing Motorsport Parts","og_description":"Tube remplacement catalyseur Groupe N &#8211; Ragazzon 55.0424.00 Pour Volkswagen Golf Golf VII &#8211; 2.0 TSI R 4MOTION &#8211; 300 ch (2013 \u00e0 2017) Diam\u00e8tre [...]","og_url":"https:\/\/www.racingmotorsportparts.com\/indexphp\/boutique\/echappement\/echappement-catalyseur\/echappement-catalyseur-ragazzon\/tube-remplacement-catalyseur-groupe-n-volkswagen-golf-golf-vii-2-0-tsi-r-4motion-300-ch-2013-a-2017\/","og_site_name":"Racing Motorsport Parts","article_publisher":"https:\/\/www.facebook.com\/RacingMotorsportParts","article_modified_time":"2023-05-14T10:15:45+00:00","twitter_card":"summary_large_image","twitter_misc":{"Dur\u00e9e de lecture estim\u00e9e":"1 minute"},"schema":{"@context":"https:\/\/schema.org","@graph":[{"@type":"WebPage","@id":"https:\/\/www.racingmotorsportparts.com\/indexphp\/boutique\/echappement\/echappement-catalyseur\/echappement-catalyseur-ragazzon\/tube-remplacement-catalyseur-groupe-n-volkswagen-golf-golf-vii-2-0-tsi-r-4motion-300-ch-2013-a-2017\/","url":"https:\/\/www.racingmotorsportparts.com\/indexphp\/boutique\/echappement\/echappement-catalyseur\/echappement-catalyseur-ragazzon\/tube-remplacement-catalyseur-groupe-n-volkswagen-golf-golf-vii-2-0-tsi-r-4motion-300-ch-2013-a-2017\/","name":"Tube remplacement catalyseur Groupe N - Volkswagen Golf Golf VII - 2.0 TSI R 4MOTION - 300 ch (2013 \u00e0 2017) - Racing Motorsport Parts","isPartOf":{"@id":"https:\/\/www.racingmotorsportparts.com\/#website"},"datePublished":"2023-05-14T08:21:11+00:00","dateModified":"2023-05-14T10:15:45+00:00","breadcrumb":{"@id":"https:\/\/www.racingmotorsportparts.com\/indexphp\/boutique\/echappement\/echappement-catalyseur\/echappement-catalyseur-ragazzon\/tube-remplacement-catalyseur-groupe-n-volkswagen-golf-golf-vii-2-0-tsi-r-4motion-300-ch-2013-a-2017\/#breadcrumb"},"inLanguage":"fr-FR","potentialAction":[{"@type":"ReadAction","target":["https:\/\/www.racingmotorsportparts.com\/indexphp\/boutique\/echappement\/echappement-catalyseur\/echappement-catalyseur-ragazzon\/tube-remplacement-catalyseur-groupe-n-volkswagen-golf-golf-vii-2-0-tsi-r-4motion-300-ch-2013-a-2017\/"]}]},{"@type":"BreadcrumbList","@id":"https:\/\/www.racingmotorsportparts.com\/indexphp\/boutique\/echappement\/echappement-catalyseur\/echappement-catalyseur-ragazzon\/tube-remplacement-catalyseur-groupe-n-volkswagen-golf-golf-vii-2-0-tsi-r-4motion-300-ch-2013-a-2017\/#breadcrumb","itemListElement":[{"@type":"ListItem","position":1,"name":"Accueil","item":"https:\/\/www.racingmotorsportparts.com\/"},{"@type":"ListItem","position":2,"name":"Boutique","item":"https:\/\/www.racingmotorsportparts.com\/index.php\/boutique\/"},{"@type":"ListItem","position":3,"name":"Tube remplacement catalyseur Groupe N &#8211; Volkswagen Golf Golf VII &#8211; 2.0 TSI R 4MOTION &#8211; 300 ch (2013 \u00e0 2017)"}]},{"@type":"WebSite","@id":"https:\/\/www.racingmotorsportparts.com\/#website","url":"https:\/\/www.racingmotorsportparts.com\/","name":"Racing Motorsport Parts","description":"Reprogrammateur et distributeur de pi\u00e8ces","publisher":{"@id":"https:\/\/www.racingmotorsportparts.com\/#organization"},"potentialAction":[{"@type":"SearchAction","target":{"@type":"EntryPoint","urlTemplate":"https:\/\/www.racingmotorsportparts.com\/?s={search_term_string}"},"query-input":{"@type":"PropertyValueSpecification","valueRequired":true,"valueName":"search_term_string"}}],"inLanguage":"fr-FR"},{"@type":"Organization","@id":"https:\/\/www.racingmotorsportparts.com\/#organization","name":"Racing Motorsport Parts","url":"https:\/\/www.racingmotorsportparts.com\/","logo":{"@type":"ImageObject","inLanguage":"fr-FR","@id":"https:\/\/www.racingmotorsportparts.com\/#\/schema\/logo\/image\/","url":"https:\/\/www.racingmotorsportparts.com\/wp-content\/uploads\/2022\/09\/cropped-RMP.png","contentUrl":"https:\/\/www.racingmotorsportparts.com\/wp-content\/uploads\/2022\/09\/cropped-RMP.png","width":1624,"height":542,"caption":"Racing Motorsport Parts"},"image":{"@id":"https:\/\/www.racingmotorsportparts.com\/#\/schema\/logo\/image\/"},"sameAs":["https:\/\/www.facebook.com\/RacingMotorsportParts","https:\/\/www.instagram.com\/RacingMotorsportParts"]}]}},"_links":{"self":[{"href":"https:\/\/www.racingmotorsportparts.com\/index.php\/wp-json\/wp\/v2\/product\/2358","targetHints":{"allow":["GET"]}}],"collection":[{"href":"https:\/\/www.racingmotorsportparts.com\/index.php\/wp-json\/wp\/v2\/product"}],"about":[{"href":"https:\/\/www.racingmotorsportparts.com\/index.php\/wp-json\/wp\/v2\/types\/product"}],"replies":[{"embeddable":true,"href":"https:\/\/www.racingmotorsportparts.com\/index.php\/wp-json\/wp\/v2\/comments?post=2358"}],"wp:attachment":[{"href":"https:\/\/www.racingmotorsportparts.com\/index.php\/wp-json\/wp\/v2\/media?parent=2358"}],"wp:term":[{"taxonomy":"product_brand","embeddable":true,"href":"https:\/\/www.racingmotorsportparts.com\/index.php\/wp-json\/wp\/v2\/product_brand?post=2358"},{"taxonomy":"product_cat","embeddable":true,"href":"https:\/\/www.racingmotorsportparts.com\/index.php\/wp-json\/wp\/v2\/product_cat?post=2358"},{"taxonomy":"product_tag","embeddable":true,"href":"https:\/\/www.racingmotorsportparts.com\/index.php\/wp-json\/wp\/v2\/product_tag?post=2358"}],"curies":[{"name":"wp","href":"https:\/\/api.w.org\/{rel}","templated":true}]}}