{"id":2349,"date":"2023-04-15T13:53:57","date_gmt":"2023-04-15T11:53:57","guid":{"rendered":"https:\/\/www.racingmotorsportparts.com\/?post_type=product&#038;p=2349"},"modified":"2023-04-15T13:56:34","modified_gmt":"2023-04-15T11:56:34","slug":"joint-de-culasse-renforce-athena-cut-rings-1-2mm-ej20","status":"publish","type":"product","link":"https:\/\/www.racingmotorsportparts.com\/indexphp\/boutique\/brand\/brand-sd\/joint-de-culasse-renforce-athena-cut-rings-1-2mm-ej20\/","title":{"rendered":"Joint de culasse renforc\u00e9 ATHENA CUT-RINGS 1.2mm EJ20"},"content":{"rendered":"<p>-Joint de culasse renforc\u00e9 ATHENA CUT-RINGS<\/p>\n<p>&#8211; Pour SUBARU impreza diametres 93.5mm \u00e9paisseur 1.2mm (une \u00e9paisseur disponible en gamme)<\/p>\n<p>&#8211; Compatible avec les goujons origine ou 14mm<\/p>\n<p>&#8211; Prix pour un joint (pr\u00e9voir 2 joints pour un moteur subaru )<\/p>\n<p>-Avantage de la gamme ATHENA CUT-RINGS<\/p>\n<p>Les joints de culasses de chez Athena sont sp\u00e9cialement con\u00e7us pour les  moteurs de comp\u00e9tition,ou pr\u00e9par\u00e9<br \/>\nIls vous offrent une meilleur \u00e9tanch\u00e9it\u00e9 par rapport \u00e0 un joint de culasse d&rsquo;origine.<\/p>\n<p>-Les joints ATHENA renforc\u00e9<\/p>\n<p>&#8211;   Avec l&rsquo;anneau de feu en inox (AISI 304) s\u00e9par\u00e9 afin de vous permettre une \u00e9thancheit\u00e9 optimale m\u00eame avec un haut niveau de pr\u00e9paration moteur. jusqu&rsquo;a 2 bars de pression<\/p>\n<p>&#8211;  joint d&rsquo;\u00e9tancheit\u00e9 exterieur VICTOR REINZ afm 20 avec une partie centrale  en acier inoxidable emprisonn\u00e9 par une couche exterieur silicone  ainsi qu&rsquo;un joint (bleu) sur les extr\u00e9mit\u00e9s des conduites d&rsquo;eau<\/p>\n","protected":false},"excerpt":{"rendered":"<div class=\"mh-excerpt\"><p>-Joint de culasse renforc\u00e9 ATHENA CUT-RINGS &#8211; Pour SUBARU impreza diametres 93.5mm \u00e9paisseur 1.2mm (une \u00e9paisseur disponible en gamme) &#8211; Compatible avec les goujons origine <a class=\"mh-excerpt-more\" href=\"https:\/\/www.racingmotorsportparts.com\/indexphp\/boutique\/brand\/brand-sd\/joint-de-culasse-renforce-athena-cut-rings-1-2mm-ej20\/\" title=\"Joint de culasse renforc\u00e9 ATHENA CUT-RINGS 1.2mm EJ20\">[&#8230;]<\/a><\/p>\n<\/div>","protected":false},"featured_media":0,"comment_status":"open","ping_status":"closed","template":"","meta":[],"product_brand":[],"product_cat":[412],"product_tag":[422],"class_list":{"0":"post-2349","1":"product","2":"type-product","3":"status-publish","5":"product_cat-brand-sd","6":"product_tag-athena","8":"first","9":"instock","10":"taxable","11":"shipping-taxable","12":"purchasable","13":"product-type-simple"},"yoast_head":"<!-- This site is optimized with the Yoast SEO plugin v27.1.1 - https:\/\/yoast.com\/product\/yoast-seo-wordpress\/ -->\n<title>Joint de culasse renforc\u00e9 ATHENA CUT-RINGS 1.2mm EJ20 - Racing Motorsport Parts<\/title>\n<meta name=\"robots\" content=\"index, follow, max-snippet:-1, max-image-preview:large, max-video-preview:-1\" \/>\n<link rel=\"canonical\" href=\"https:\/\/www.racingmotorsportparts.com\/indexphp\/boutique\/brand\/brand-sd\/joint-de-culasse-renforce-athena-cut-rings-1-2mm-ej20\/\" \/>\n<meta property=\"og:locale\" content=\"fr_FR\" \/>\n<meta property=\"og:type\" content=\"article\" \/>\n<meta property=\"og:title\" content=\"Joint de culasse renforc\u00e9 ATHENA CUT-RINGS 1.2mm EJ20 - Racing Motorsport Parts\" \/>\n<meta property=\"og:description\" content=\"-Joint de culasse renforc\u00e9 ATHENA CUT-RINGS &#8211; Pour SUBARU impreza diametres 93.5mm \u00e9paisseur 1.2mm (une \u00e9paisseur disponible en gamme) &#8211; Compatible avec les goujons origine [...]\" \/>\n<meta property=\"og:url\" content=\"https:\/\/www.racingmotorsportparts.com\/indexphp\/boutique\/brand\/brand-sd\/joint-de-culasse-renforce-athena-cut-rings-1-2mm-ej20\/\" \/>\n<meta property=\"og:site_name\" content=\"Racing Motorsport Parts\" \/>\n<meta property=\"article:publisher\" content=\"https:\/\/www.facebook.com\/RacingMotorsportParts\" \/>\n<meta property=\"article:modified_time\" content=\"2023-04-15T11:56:34+00:00\" \/>\n<meta name=\"twitter:card\" content=\"summary_large_image\" \/>\n<script type=\"application\/ld+json\" class=\"yoast-schema-graph\">{\"@context\":\"https:\/\/schema.org\",\"@graph\":[{\"@type\":\"WebPage\",\"@id\":\"https:\/\/www.racingmotorsportparts.com\/indexphp\/boutique\/brand\/brand-sd\/joint-de-culasse-renforce-athena-cut-rings-1-2mm-ej20\/\",\"url\":\"https:\/\/www.racingmotorsportparts.com\/indexphp\/boutique\/brand\/brand-sd\/joint-de-culasse-renforce-athena-cut-rings-1-2mm-ej20\/\",\"name\":\"Joint de culasse renforc\u00e9 ATHENA CUT-RINGS 1.2mm EJ20 - Racing Motorsport Parts\",\"isPartOf\":{\"@id\":\"https:\/\/www.racingmotorsportparts.com\/#website\"},\"datePublished\":\"2023-04-15T11:53:57+00:00\",\"dateModified\":\"2023-04-15T11:56:34+00:00\",\"breadcrumb\":{\"@id\":\"https:\/\/www.racingmotorsportparts.com\/indexphp\/boutique\/brand\/brand-sd\/joint-de-culasse-renforce-athena-cut-rings-1-2mm-ej20\/#breadcrumb\"},\"inLanguage\":\"fr-FR\",\"potentialAction\":[{\"@type\":\"ReadAction\",\"target\":[\"https:\/\/www.racingmotorsportparts.com\/indexphp\/boutique\/brand\/brand-sd\/joint-de-culasse-renforce-athena-cut-rings-1-2mm-ej20\/\"]}]},{\"@type\":\"BreadcrumbList\",\"@id\":\"https:\/\/www.racingmotorsportparts.com\/indexphp\/boutique\/brand\/brand-sd\/joint-de-culasse-renforce-athena-cut-rings-1-2mm-ej20\/#breadcrumb\",\"itemListElement\":[{\"@type\":\"ListItem\",\"position\":1,\"name\":\"Accueil\",\"item\":\"https:\/\/www.racingmotorsportparts.com\/\"},{\"@type\":\"ListItem\",\"position\":2,\"name\":\"Boutique\",\"item\":\"https:\/\/www.racingmotorsportparts.com\/index.php\/boutique\/\"},{\"@type\":\"ListItem\",\"position\":3,\"name\":\"Joint de culasse renforc\u00e9 ATHENA CUT-RINGS 1.2mm EJ20\"}]},{\"@type\":\"WebSite\",\"@id\":\"https:\/\/www.racingmotorsportparts.com\/#website\",\"url\":\"https:\/\/www.racingmotorsportparts.com\/\",\"name\":\"Racing Motorsport Parts\",\"description\":\"Reprogrammateur et distributeur de pi\u00e8ces\",\"publisher\":{\"@id\":\"https:\/\/www.racingmotorsportparts.com\/#organization\"},\"potentialAction\":[{\"@type\":\"SearchAction\",\"target\":{\"@type\":\"EntryPoint\",\"urlTemplate\":\"https:\/\/www.racingmotorsportparts.com\/?s={search_term_string}\"},\"query-input\":{\"@type\":\"PropertyValueSpecification\",\"valueRequired\":true,\"valueName\":\"search_term_string\"}}],\"inLanguage\":\"fr-FR\"},{\"@type\":\"Organization\",\"@id\":\"https:\/\/www.racingmotorsportparts.com\/#organization\",\"name\":\"Racing Motorsport Parts\",\"url\":\"https:\/\/www.racingmotorsportparts.com\/\",\"logo\":{\"@type\":\"ImageObject\",\"inLanguage\":\"fr-FR\",\"@id\":\"https:\/\/www.racingmotorsportparts.com\/#\/schema\/logo\/image\/\",\"url\":\"https:\/\/www.racingmotorsportparts.com\/wp-content\/uploads\/2022\/09\/cropped-RMP.png\",\"contentUrl\":\"https:\/\/www.racingmotorsportparts.com\/wp-content\/uploads\/2022\/09\/cropped-RMP.png\",\"width\":1624,\"height\":542,\"caption\":\"Racing Motorsport Parts\"},\"image\":{\"@id\":\"https:\/\/www.racingmotorsportparts.com\/#\/schema\/logo\/image\/\"},\"sameAs\":[\"https:\/\/www.facebook.com\/RacingMotorsportParts\",\"https:\/\/www.instagram.com\/RacingMotorsportParts\"]}]}<\/script>\n<!-- \/ Yoast SEO plugin. -->","yoast_head_json":{"title":"Joint de culasse renforc\u00e9 ATHENA CUT-RINGS 1.2mm EJ20 - Racing Motorsport Parts","robots":{"index":"index","follow":"follow","max-snippet":"max-snippet:-1","max-image-preview":"max-image-preview:large","max-video-preview":"max-video-preview:-1"},"canonical":"https:\/\/www.racingmotorsportparts.com\/indexphp\/boutique\/brand\/brand-sd\/joint-de-culasse-renforce-athena-cut-rings-1-2mm-ej20\/","og_locale":"fr_FR","og_type":"article","og_title":"Joint de culasse renforc\u00e9 ATHENA CUT-RINGS 1.2mm EJ20 - Racing Motorsport Parts","og_description":"-Joint de culasse renforc\u00e9 ATHENA CUT-RINGS &#8211; Pour SUBARU impreza diametres 93.5mm \u00e9paisseur 1.2mm (une \u00e9paisseur disponible en gamme) &#8211; Compatible avec les goujons origine [...]","og_url":"https:\/\/www.racingmotorsportparts.com\/indexphp\/boutique\/brand\/brand-sd\/joint-de-culasse-renforce-athena-cut-rings-1-2mm-ej20\/","og_site_name":"Racing Motorsport Parts","article_publisher":"https:\/\/www.facebook.com\/RacingMotorsportParts","article_modified_time":"2023-04-15T11:56:34+00:00","twitter_card":"summary_large_image","schema":{"@context":"https:\/\/schema.org","@graph":[{"@type":"WebPage","@id":"https:\/\/www.racingmotorsportparts.com\/indexphp\/boutique\/brand\/brand-sd\/joint-de-culasse-renforce-athena-cut-rings-1-2mm-ej20\/","url":"https:\/\/www.racingmotorsportparts.com\/indexphp\/boutique\/brand\/brand-sd\/joint-de-culasse-renforce-athena-cut-rings-1-2mm-ej20\/","name":"Joint de culasse renforc\u00e9 ATHENA CUT-RINGS 1.2mm EJ20 - Racing Motorsport Parts","isPartOf":{"@id":"https:\/\/www.racingmotorsportparts.com\/#website"},"datePublished":"2023-04-15T11:53:57+00:00","dateModified":"2023-04-15T11:56:34+00:00","breadcrumb":{"@id":"https:\/\/www.racingmotorsportparts.com\/indexphp\/boutique\/brand\/brand-sd\/joint-de-culasse-renforce-athena-cut-rings-1-2mm-ej20\/#breadcrumb"},"inLanguage":"fr-FR","potentialAction":[{"@type":"ReadAction","target":["https:\/\/www.racingmotorsportparts.com\/indexphp\/boutique\/brand\/brand-sd\/joint-de-culasse-renforce-athena-cut-rings-1-2mm-ej20\/"]}]},{"@type":"BreadcrumbList","@id":"https:\/\/www.racingmotorsportparts.com\/indexphp\/boutique\/brand\/brand-sd\/joint-de-culasse-renforce-athena-cut-rings-1-2mm-ej20\/#breadcrumb","itemListElement":[{"@type":"ListItem","position":1,"name":"Accueil","item":"https:\/\/www.racingmotorsportparts.com\/"},{"@type":"ListItem","position":2,"name":"Boutique","item":"https:\/\/www.racingmotorsportparts.com\/index.php\/boutique\/"},{"@type":"ListItem","position":3,"name":"Joint de culasse renforc\u00e9 ATHENA CUT-RINGS 1.2mm EJ20"}]},{"@type":"WebSite","@id":"https:\/\/www.racingmotorsportparts.com\/#website","url":"https:\/\/www.racingmotorsportparts.com\/","name":"Racing Motorsport Parts","description":"Reprogrammateur et distributeur de pi\u00e8ces","publisher":{"@id":"https:\/\/www.racingmotorsportparts.com\/#organization"},"potentialAction":[{"@type":"SearchAction","target":{"@type":"EntryPoint","urlTemplate":"https:\/\/www.racingmotorsportparts.com\/?s={search_term_string}"},"query-input":{"@type":"PropertyValueSpecification","valueRequired":true,"valueName":"search_term_string"}}],"inLanguage":"fr-FR"},{"@type":"Organization","@id":"https:\/\/www.racingmotorsportparts.com\/#organization","name":"Racing Motorsport Parts","url":"https:\/\/www.racingmotorsportparts.com\/","logo":{"@type":"ImageObject","inLanguage":"fr-FR","@id":"https:\/\/www.racingmotorsportparts.com\/#\/schema\/logo\/image\/","url":"https:\/\/www.racingmotorsportparts.com\/wp-content\/uploads\/2022\/09\/cropped-RMP.png","contentUrl":"https:\/\/www.racingmotorsportparts.com\/wp-content\/uploads\/2022\/09\/cropped-RMP.png","width":1624,"height":542,"caption":"Racing Motorsport Parts"},"image":{"@id":"https:\/\/www.racingmotorsportparts.com\/#\/schema\/logo\/image\/"},"sameAs":["https:\/\/www.facebook.com\/RacingMotorsportParts","https:\/\/www.instagram.com\/RacingMotorsportParts"]}]}},"_links":{"self":[{"href":"https:\/\/www.racingmotorsportparts.com\/index.php\/wp-json\/wp\/v2\/product\/2349","targetHints":{"allow":["GET"]}}],"collection":[{"href":"https:\/\/www.racingmotorsportparts.com\/index.php\/wp-json\/wp\/v2\/product"}],"about":[{"href":"https:\/\/www.racingmotorsportparts.com\/index.php\/wp-json\/wp\/v2\/types\/product"}],"replies":[{"embeddable":true,"href":"https:\/\/www.racingmotorsportparts.com\/index.php\/wp-json\/wp\/v2\/comments?post=2349"}],"wp:attachment":[{"href":"https:\/\/www.racingmotorsportparts.com\/index.php\/wp-json\/wp\/v2\/media?parent=2349"}],"wp:term":[{"taxonomy":"product_brand","embeddable":true,"href":"https:\/\/www.racingmotorsportparts.com\/index.php\/wp-json\/wp\/v2\/product_brand?post=2349"},{"taxonomy":"product_cat","embeddable":true,"href":"https:\/\/www.racingmotorsportparts.com\/index.php\/wp-json\/wp\/v2\/product_cat?post=2349"},{"taxonomy":"product_tag","embeddable":true,"href":"https:\/\/www.racingmotorsportparts.com\/index.php\/wp-json\/wp\/v2\/product_tag?post=2349"}],"curies":[{"name":"wp","href":"https:\/\/api.w.org\/{rel}","templated":true}]}}