{"id":2332,"date":"2022-12-30T22:15:37","date_gmt":"2022-12-30T20:15:37","guid":{"rendered":"https:\/\/www.racingmotorsportparts.com\/?post_type=product&#038;p=2332"},"modified":"2022-12-30T22:19:11","modified_gmt":"2022-12-30T20:19:11","slug":"courroie-alternateur-subaru-gt-93-00-wrx-01-11-sti-01-07","status":"publish","type":"product","link":"https:\/\/www.racingmotorsportparts.com\/index.php\/boutique\/engine\/belt\/others-belt\/courroie-alternateur-subaru-gt-93-00-wrx-01-11-sti-01-07\/","title":{"rendered":"Courroie alternateur &#8211; Subaru GT 93-00 WRX 01-11 STI 01-07"},"content":{"rendered":"<p>Courroie alternateur pour subaru impreza :<\/p>\n<p>&#8211; GT de 1993 \u00e0 2000<\/p>\n<p>&#8211; WRX de 2001 \u00e0 2011<\/p>\n<p>&#8211; STI de 2001 \u00e0 2007<\/p>\n","protected":false},"excerpt":{"rendered":"<div class=\"mh-excerpt\"><p>Courroie alternateur pour subaru impreza : &#8211; GT de 1993 \u00e0 2000 &#8211; WRX de 2001 \u00e0 2011 &#8211; STI de 2001 \u00e0 2007<\/p>\n<\/div>","protected":false},"featured_media":0,"comment_status":"open","ping_status":"closed","template":"","meta":[],"product_brand":[],"product_cat":[215,412],"product_tag":[],"class_list":{"0":"post-2332","1":"product","2":"type-product","3":"status-publish","5":"product_cat-others-belt","6":"product_cat-brand-sd","8":"first","9":"instock","10":"taxable","11":"shipping-taxable","12":"purchasable","13":"product-type-simple"},"yoast_head":"<!-- This site is optimized with the Yoast SEO plugin v27.1.1 - https:\/\/yoast.com\/product\/yoast-seo-wordpress\/ -->\n<title>Courroie alternateur - Subaru GT 93-00 WRX 01-11 STI 01-07 - Racing Motorsport Parts<\/title>\n<meta name=\"robots\" content=\"index, follow, max-snippet:-1, max-image-preview:large, max-video-preview:-1\" \/>\n<link rel=\"canonical\" href=\"https:\/\/www.racingmotorsportparts.com\/index.php\/boutique\/engine\/belt\/others-belt\/courroie-alternateur-subaru-gt-93-00-wrx-01-11-sti-01-07\/\" \/>\n<meta property=\"og:locale\" content=\"fr_FR\" \/>\n<meta property=\"og:type\" content=\"article\" \/>\n<meta property=\"og:title\" content=\"Courroie alternateur - Subaru GT 93-00 WRX 01-11 STI 01-07 - Racing Motorsport Parts\" \/>\n<meta property=\"og:description\" content=\"Courroie alternateur pour subaru impreza : &#8211; GT de 1993 \u00e0 2000 &#8211; WRX de 2001 \u00e0 2011 &#8211; STI de 2001 \u00e0 2007\" \/>\n<meta property=\"og:url\" content=\"https:\/\/www.racingmotorsportparts.com\/index.php\/boutique\/engine\/belt\/others-belt\/courroie-alternateur-subaru-gt-93-00-wrx-01-11-sti-01-07\/\" \/>\n<meta property=\"og:site_name\" content=\"Racing Motorsport Parts\" \/>\n<meta property=\"article:publisher\" content=\"https:\/\/www.facebook.com\/RacingMotorsportParts\" \/>\n<meta property=\"article:modified_time\" content=\"2022-12-30T20:19:11+00:00\" \/>\n<meta name=\"twitter:card\" content=\"summary_large_image\" \/>\n<meta name=\"twitter:label1\" content=\"Dur\u00e9e de lecture estim\u00e9e\" \/>\n\t<meta name=\"twitter:data1\" content=\"1 minute\" \/>\n<script type=\"application\/ld+json\" class=\"yoast-schema-graph\">{\"@context\":\"https:\/\/schema.org\",\"@graph\":[{\"@type\":\"WebPage\",\"@id\":\"https:\/\/www.racingmotorsportparts.com\/index.php\/boutique\/engine\/belt\/others-belt\/courroie-alternateur-subaru-gt-93-00-wrx-01-11-sti-01-07\/\",\"url\":\"https:\/\/www.racingmotorsportparts.com\/index.php\/boutique\/engine\/belt\/others-belt\/courroie-alternateur-subaru-gt-93-00-wrx-01-11-sti-01-07\/\",\"name\":\"Courroie alternateur - Subaru GT 93-00 WRX 01-11 STI 01-07 - Racing Motorsport Parts\",\"isPartOf\":{\"@id\":\"https:\/\/www.racingmotorsportparts.com\/#website\"},\"datePublished\":\"2022-12-30T20:15:37+00:00\",\"dateModified\":\"2022-12-30T20:19:11+00:00\",\"breadcrumb\":{\"@id\":\"https:\/\/www.racingmotorsportparts.com\/index.php\/boutique\/engine\/belt\/others-belt\/courroie-alternateur-subaru-gt-93-00-wrx-01-11-sti-01-07\/#breadcrumb\"},\"inLanguage\":\"fr-FR\",\"potentialAction\":[{\"@type\":\"ReadAction\",\"target\":[\"https:\/\/www.racingmotorsportparts.com\/index.php\/boutique\/engine\/belt\/others-belt\/courroie-alternateur-subaru-gt-93-00-wrx-01-11-sti-01-07\/\"]}]},{\"@type\":\"BreadcrumbList\",\"@id\":\"https:\/\/www.racingmotorsportparts.com\/index.php\/boutique\/engine\/belt\/others-belt\/courroie-alternateur-subaru-gt-93-00-wrx-01-11-sti-01-07\/#breadcrumb\",\"itemListElement\":[{\"@type\":\"ListItem\",\"position\":1,\"name\":\"Accueil\",\"item\":\"https:\/\/www.racingmotorsportparts.com\/\"},{\"@type\":\"ListItem\",\"position\":2,\"name\":\"Boutique\",\"item\":\"https:\/\/www.racingmotorsportparts.com\/index.php\/boutique\/\"},{\"@type\":\"ListItem\",\"position\":3,\"name\":\"Courroie alternateur &#8211; Subaru GT 93-00 WRX 01-11 STI 01-07\"}]},{\"@type\":\"WebSite\",\"@id\":\"https:\/\/www.racingmotorsportparts.com\/#website\",\"url\":\"https:\/\/www.racingmotorsportparts.com\/\",\"name\":\"Racing Motorsport Parts\",\"description\":\"Reprogrammateur et distributeur de pi\u00e8ces\",\"publisher\":{\"@id\":\"https:\/\/www.racingmotorsportparts.com\/#organization\"},\"potentialAction\":[{\"@type\":\"SearchAction\",\"target\":{\"@type\":\"EntryPoint\",\"urlTemplate\":\"https:\/\/www.racingmotorsportparts.com\/?s={search_term_string}\"},\"query-input\":{\"@type\":\"PropertyValueSpecification\",\"valueRequired\":true,\"valueName\":\"search_term_string\"}}],\"inLanguage\":\"fr-FR\"},{\"@type\":\"Organization\",\"@id\":\"https:\/\/www.racingmotorsportparts.com\/#organization\",\"name\":\"Racing Motorsport Parts\",\"url\":\"https:\/\/www.racingmotorsportparts.com\/\",\"logo\":{\"@type\":\"ImageObject\",\"inLanguage\":\"fr-FR\",\"@id\":\"https:\/\/www.racingmotorsportparts.com\/#\/schema\/logo\/image\/\",\"url\":\"https:\/\/www.racingmotorsportparts.com\/wp-content\/uploads\/2022\/09\/cropped-RMP.png\",\"contentUrl\":\"https:\/\/www.racingmotorsportparts.com\/wp-content\/uploads\/2022\/09\/cropped-RMP.png\",\"width\":1624,\"height\":542,\"caption\":\"Racing Motorsport Parts\"},\"image\":{\"@id\":\"https:\/\/www.racingmotorsportparts.com\/#\/schema\/logo\/image\/\"},\"sameAs\":[\"https:\/\/www.facebook.com\/RacingMotorsportParts\",\"https:\/\/www.instagram.com\/RacingMotorsportParts\"]}]}<\/script>\n<!-- \/ Yoast SEO plugin. -->","yoast_head_json":{"title":"Courroie alternateur - Subaru GT 93-00 WRX 01-11 STI 01-07 - Racing Motorsport Parts","robots":{"index":"index","follow":"follow","max-snippet":"max-snippet:-1","max-image-preview":"max-image-preview:large","max-video-preview":"max-video-preview:-1"},"canonical":"https:\/\/www.racingmotorsportparts.com\/index.php\/boutique\/engine\/belt\/others-belt\/courroie-alternateur-subaru-gt-93-00-wrx-01-11-sti-01-07\/","og_locale":"fr_FR","og_type":"article","og_title":"Courroie alternateur - Subaru GT 93-00 WRX 01-11 STI 01-07 - Racing Motorsport Parts","og_description":"Courroie alternateur pour subaru impreza : &#8211; GT de 1993 \u00e0 2000 &#8211; WRX de 2001 \u00e0 2011 &#8211; STI de 2001 \u00e0 2007","og_url":"https:\/\/www.racingmotorsportparts.com\/index.php\/boutique\/engine\/belt\/others-belt\/courroie-alternateur-subaru-gt-93-00-wrx-01-11-sti-01-07\/","og_site_name":"Racing Motorsport Parts","article_publisher":"https:\/\/www.facebook.com\/RacingMotorsportParts","article_modified_time":"2022-12-30T20:19:11+00:00","twitter_card":"summary_large_image","twitter_misc":{"Dur\u00e9e de lecture estim\u00e9e":"1 minute"},"schema":{"@context":"https:\/\/schema.org","@graph":[{"@type":"WebPage","@id":"https:\/\/www.racingmotorsportparts.com\/index.php\/boutique\/engine\/belt\/others-belt\/courroie-alternateur-subaru-gt-93-00-wrx-01-11-sti-01-07\/","url":"https:\/\/www.racingmotorsportparts.com\/index.php\/boutique\/engine\/belt\/others-belt\/courroie-alternateur-subaru-gt-93-00-wrx-01-11-sti-01-07\/","name":"Courroie alternateur - Subaru GT 93-00 WRX 01-11 STI 01-07 - Racing Motorsport Parts","isPartOf":{"@id":"https:\/\/www.racingmotorsportparts.com\/#website"},"datePublished":"2022-12-30T20:15:37+00:00","dateModified":"2022-12-30T20:19:11+00:00","breadcrumb":{"@id":"https:\/\/www.racingmotorsportparts.com\/index.php\/boutique\/engine\/belt\/others-belt\/courroie-alternateur-subaru-gt-93-00-wrx-01-11-sti-01-07\/#breadcrumb"},"inLanguage":"fr-FR","potentialAction":[{"@type":"ReadAction","target":["https:\/\/www.racingmotorsportparts.com\/index.php\/boutique\/engine\/belt\/others-belt\/courroie-alternateur-subaru-gt-93-00-wrx-01-11-sti-01-07\/"]}]},{"@type":"BreadcrumbList","@id":"https:\/\/www.racingmotorsportparts.com\/index.php\/boutique\/engine\/belt\/others-belt\/courroie-alternateur-subaru-gt-93-00-wrx-01-11-sti-01-07\/#breadcrumb","itemListElement":[{"@type":"ListItem","position":1,"name":"Accueil","item":"https:\/\/www.racingmotorsportparts.com\/"},{"@type":"ListItem","position":2,"name":"Boutique","item":"https:\/\/www.racingmotorsportparts.com\/index.php\/boutique\/"},{"@type":"ListItem","position":3,"name":"Courroie alternateur &#8211; Subaru GT 93-00 WRX 01-11 STI 01-07"}]},{"@type":"WebSite","@id":"https:\/\/www.racingmotorsportparts.com\/#website","url":"https:\/\/www.racingmotorsportparts.com\/","name":"Racing Motorsport Parts","description":"Reprogrammateur et distributeur de pi\u00e8ces","publisher":{"@id":"https:\/\/www.racingmotorsportparts.com\/#organization"},"potentialAction":[{"@type":"SearchAction","target":{"@type":"EntryPoint","urlTemplate":"https:\/\/www.racingmotorsportparts.com\/?s={search_term_string}"},"query-input":{"@type":"PropertyValueSpecification","valueRequired":true,"valueName":"search_term_string"}}],"inLanguage":"fr-FR"},{"@type":"Organization","@id":"https:\/\/www.racingmotorsportparts.com\/#organization","name":"Racing Motorsport Parts","url":"https:\/\/www.racingmotorsportparts.com\/","logo":{"@type":"ImageObject","inLanguage":"fr-FR","@id":"https:\/\/www.racingmotorsportparts.com\/#\/schema\/logo\/image\/","url":"https:\/\/www.racingmotorsportparts.com\/wp-content\/uploads\/2022\/09\/cropped-RMP.png","contentUrl":"https:\/\/www.racingmotorsportparts.com\/wp-content\/uploads\/2022\/09\/cropped-RMP.png","width":1624,"height":542,"caption":"Racing Motorsport Parts"},"image":{"@id":"https:\/\/www.racingmotorsportparts.com\/#\/schema\/logo\/image\/"},"sameAs":["https:\/\/www.facebook.com\/RacingMotorsportParts","https:\/\/www.instagram.com\/RacingMotorsportParts"]}]}},"_links":{"self":[{"href":"https:\/\/www.racingmotorsportparts.com\/index.php\/wp-json\/wp\/v2\/product\/2332","targetHints":{"allow":["GET"]}}],"collection":[{"href":"https:\/\/www.racingmotorsportparts.com\/index.php\/wp-json\/wp\/v2\/product"}],"about":[{"href":"https:\/\/www.racingmotorsportparts.com\/index.php\/wp-json\/wp\/v2\/types\/product"}],"replies":[{"embeddable":true,"href":"https:\/\/www.racingmotorsportparts.com\/index.php\/wp-json\/wp\/v2\/comments?post=2332"}],"wp:attachment":[{"href":"https:\/\/www.racingmotorsportparts.com\/index.php\/wp-json\/wp\/v2\/media?parent=2332"}],"wp:term":[{"taxonomy":"product_brand","embeddable":true,"href":"https:\/\/www.racingmotorsportparts.com\/index.php\/wp-json\/wp\/v2\/product_brand?post=2332"},{"taxonomy":"product_cat","embeddable":true,"href":"https:\/\/www.racingmotorsportparts.com\/index.php\/wp-json\/wp\/v2\/product_cat?post=2332"},{"taxonomy":"product_tag","embeddable":true,"href":"https:\/\/www.racingmotorsportparts.com\/index.php\/wp-json\/wp\/v2\/product_tag?post=2332"}],"curies":[{"name":"wp","href":"https:\/\/api.w.org\/{rel}","templated":true}]}}