{"id":2319,"date":"2022-12-30T11:11:30","date_gmt":"2022-12-30T09:11:30","guid":{"rendered":"https:\/\/www.racingmotorsportparts.com\/?post_type=product&#038;p=2319"},"modified":"2022-12-30T11:12:29","modified_gmt":"2022-12-30T09:12:29","slug":"motul-300v-10w60-le-mans-2l","status":"publish","type":"product","link":"https:\/\/www.racingmotorsportparts.com\/index.php\/boutique\/oiling\/fluid-oiling\/motul\/motul-300v-10w60-le-mans-2l\/","title":{"rendered":"Motul 300V 10W60 Le Mans 2L"},"content":{"rendered":"<p>Sp\u00e9cifications de l&rsquo;Huile Motul 300V 10W60 le mans<\/p>\n<p>UTILISATIONS: Tous moteurs essence  ou Diesel  de  comp\u00e9tition,  atmosph\u00e9riques, turbocompress\u00e9s ou  suraliment\u00e9s \u00e9quip\u00e9s de  syst\u00e8mes d&rsquo;injection (directe\/indirecte) ou carburateurs. Pour les moteurs modifi\u00e9s ou pr\u00e9par\u00e9s, et les  voitures hautes performances fonctionnant sur une large plage de r\u00e9gimes et de temp\u00e9ratures, dans des  conditions de  conduite difficiles. Convient \u00e0 tous les types de carburants, essence, Diesel et  biocarburants (en particulier Ethanol).<\/p>\n<p>PERFORMANCES: Surpasse toutes les normes existantes   Circuit, Drag race, Drift,  Endurance, GT, Course de c\u00f4te,  Course historique, Rallye, Rally cross, Track days, Tuning&#8230;  Consultez votre partenaire de service pr\u00e9paration moteur &#038; tuning pour le type d&rsquo;utilisation appropri\u00e9.<\/p>\n<p>TECHNOLOGIE ESTER Core\u00ae :  Depuis de  nombreuses  d\u00e9cennies  Motul d\u00e9veloppe des  lubrifiants synth\u00e9tiques hautes performances sur base Ester.  La gamme  Motul 300V comprend les derni\u00e8res  \u00e9volutions de la technologie exclusive  ESTER  Core\u00ae pour extraire  une puissance de  sortie maximale du moteur sans compromettre la fiabilit\u00e9  et la protection  contre l&rsquo;usure. Motul a cr\u00e9\u00e9 une formule en synergie parfaite  pour augmenter les performances et  la protection du  moteur en s\u00e9lectionnant  les esters  par rapport  \u00e0 d&rsquo;autres huiles de base synth\u00e9tiques et organiques  de haute performance et en les combinant avec un ensemble d&rsquo;additifs  innovant. Cette formulation exclusive  Racing comprend d\u00e9sormais la compatibilit\u00e9 avec les biocarburants (en particulier l&rsquo;Ethanol), les filtres \u00e0 particules, et la protection LSPI, tout en r\u00e9duisant son impact  environnemental. Les Esters  sont des mol\u00e9cules polaires et sont  donc attir\u00e9s par les  surfaces m\u00e9talliques. La technologie ESTER  Core\u00ae  pr\u00e9sente  une polarit\u00e9 optimis\u00e9e  pour une  adh\u00e9rence  maximale du film d&rsquo;huile afin d&rsquo;augmenter la protection  du moteur, la fiabilit\u00e9  et la r\u00e9ponse moteur,  m\u00eame  dans les conditions les plus extr\u00eames.<\/p>\n","protected":false},"excerpt":{"rendered":"<div class=\"mh-excerpt\"><p>Sp\u00e9cifications de l&rsquo;Huile Motul 300V 10W60 le mans UTILISATIONS: Tous moteurs essence ou Diesel de comp\u00e9tition, atmosph\u00e9riques, turbocompress\u00e9s ou suraliment\u00e9s \u00e9quip\u00e9s de syst\u00e8mes d&rsquo;injection (directe\/indirecte) <a class=\"mh-excerpt-more\" href=\"https:\/\/www.racingmotorsportparts.com\/index.php\/boutique\/oiling\/fluid-oiling\/motul\/motul-300v-10w60-le-mans-2l\/\" title=\"Motul 300V 10W60 Le Mans 2L\">[&#8230;]<\/a><\/p>\n<\/div>","protected":false},"featured_media":0,"comment_status":"open","ping_status":"closed","template":"","meta":[],"product_brand":[],"product_cat":[107,412],"product_tag":[365],"class_list":{"0":"post-2319","1":"product","2":"type-product","3":"status-publish","5":"product_cat-motul","6":"product_cat-brand-sd","7":"product_tag-motul","9":"first","10":"instock","11":"taxable","12":"shipping-taxable","13":"purchasable","14":"product-type-simple"},"yoast_head":"<!-- This site is optimized with the Yoast SEO plugin v27.4 - https:\/\/yoast.com\/product\/yoast-seo-wordpress\/ -->\n<title>Motul 300V 10W60 Le Mans 2L - Racing Motorsport Parts<\/title>\n<meta name=\"robots\" content=\"index, follow, max-snippet:-1, max-image-preview:large, max-video-preview:-1\" \/>\n<link rel=\"canonical\" href=\"https:\/\/www.racingmotorsportparts.com\/index.php\/boutique\/oiling\/fluid-oiling\/motul\/motul-300v-10w60-le-mans-2l\/\" \/>\n<meta property=\"og:locale\" content=\"fr_FR\" \/>\n<meta property=\"og:type\" content=\"article\" \/>\n<meta property=\"og:title\" content=\"Motul 300V 10W60 Le Mans 2L - Racing Motorsport Parts\" \/>\n<meta property=\"og:description\" content=\"Sp\u00e9cifications de l&rsquo;Huile Motul 300V 10W60 le mans UTILISATIONS: Tous moteurs essence ou Diesel de comp\u00e9tition, atmosph\u00e9riques, turbocompress\u00e9s ou suraliment\u00e9s \u00e9quip\u00e9s de syst\u00e8mes d&rsquo;injection (directe\/indirecte) [...]\" \/>\n<meta property=\"og:url\" content=\"https:\/\/www.racingmotorsportparts.com\/index.php\/boutique\/oiling\/fluid-oiling\/motul\/motul-300v-10w60-le-mans-2l\/\" \/>\n<meta property=\"og:site_name\" content=\"Racing Motorsport Parts\" \/>\n<meta property=\"article:publisher\" content=\"https:\/\/www.facebook.com\/RacingMotorsportParts\" \/>\n<meta property=\"article:modified_time\" content=\"2022-12-30T09:12:29+00:00\" \/>\n<meta name=\"twitter:card\" content=\"summary_large_image\" \/>\n<meta name=\"twitter:label1\" content=\"Dur\u00e9e de lecture estim\u00e9e\" \/>\n\t<meta name=\"twitter:data1\" content=\"1 minute\" \/>\n<script type=\"application\/ld+json\" class=\"yoast-schema-graph\">{\"@context\":\"https:\\\/\\\/schema.org\",\"@graph\":[{\"@type\":\"WebPage\",\"@id\":\"https:\\\/\\\/www.racingmotorsportparts.com\\\/index.php\\\/boutique\\\/oiling\\\/fluid-oiling\\\/motul\\\/motul-300v-10w60-le-mans-2l\\\/\",\"url\":\"https:\\\/\\\/www.racingmotorsportparts.com\\\/index.php\\\/boutique\\\/oiling\\\/fluid-oiling\\\/motul\\\/motul-300v-10w60-le-mans-2l\\\/\",\"name\":\"Motul 300V 10W60 Le Mans 2L - Racing Motorsport Parts\",\"isPartOf\":{\"@id\":\"https:\\\/\\\/www.racingmotorsportparts.com\\\/#website\"},\"datePublished\":\"2022-12-30T09:11:30+00:00\",\"dateModified\":\"2022-12-30T09:12:29+00:00\",\"breadcrumb\":{\"@id\":\"https:\\\/\\\/www.racingmotorsportparts.com\\\/index.php\\\/boutique\\\/oiling\\\/fluid-oiling\\\/motul\\\/motul-300v-10w60-le-mans-2l\\\/#breadcrumb\"},\"inLanguage\":\"fr-FR\",\"potentialAction\":[{\"@type\":\"ReadAction\",\"target\":[\"https:\\\/\\\/www.racingmotorsportparts.com\\\/index.php\\\/boutique\\\/oiling\\\/fluid-oiling\\\/motul\\\/motul-300v-10w60-le-mans-2l\\\/\"]}]},{\"@type\":\"BreadcrumbList\",\"@id\":\"https:\\\/\\\/www.racingmotorsportparts.com\\\/index.php\\\/boutique\\\/oiling\\\/fluid-oiling\\\/motul\\\/motul-300v-10w60-le-mans-2l\\\/#breadcrumb\",\"itemListElement\":[{\"@type\":\"ListItem\",\"position\":1,\"name\":\"Accueil\",\"item\":\"https:\\\/\\\/www.racingmotorsportparts.com\\\/\"},{\"@type\":\"ListItem\",\"position\":2,\"name\":\"Boutique\",\"item\":\"https:\\\/\\\/www.racingmotorsportparts.com\\\/index.php\\\/boutique\\\/\"},{\"@type\":\"ListItem\",\"position\":3,\"name\":\"Motul 300V 10W60 Le Mans 2L\"}]},{\"@type\":\"WebSite\",\"@id\":\"https:\\\/\\\/www.racingmotorsportparts.com\\\/#website\",\"url\":\"https:\\\/\\\/www.racingmotorsportparts.com\\\/\",\"name\":\"Racing Motorsport Parts\",\"description\":\"Reprogrammateur et distributeur de pi\u00e8ces\",\"publisher\":{\"@id\":\"https:\\\/\\\/www.racingmotorsportparts.com\\\/#organization\"},\"potentialAction\":[{\"@type\":\"SearchAction\",\"target\":{\"@type\":\"EntryPoint\",\"urlTemplate\":\"https:\\\/\\\/www.racingmotorsportparts.com\\\/?s={search_term_string}\"},\"query-input\":{\"@type\":\"PropertyValueSpecification\",\"valueRequired\":true,\"valueName\":\"search_term_string\"}}],\"inLanguage\":\"fr-FR\"},{\"@type\":\"Organization\",\"@id\":\"https:\\\/\\\/www.racingmotorsportparts.com\\\/#organization\",\"name\":\"Racing Motorsport Parts\",\"url\":\"https:\\\/\\\/www.racingmotorsportparts.com\\\/\",\"logo\":{\"@type\":\"ImageObject\",\"inLanguage\":\"fr-FR\",\"@id\":\"https:\\\/\\\/www.racingmotorsportparts.com\\\/#\\\/schema\\\/logo\\\/image\\\/\",\"url\":\"https:\\\/\\\/www.racingmotorsportparts.com\\\/wp-content\\\/uploads\\\/2022\\\/09\\\/cropped-RMP.png\",\"contentUrl\":\"https:\\\/\\\/www.racingmotorsportparts.com\\\/wp-content\\\/uploads\\\/2022\\\/09\\\/cropped-RMP.png\",\"width\":1624,\"height\":542,\"caption\":\"Racing Motorsport Parts\"},\"image\":{\"@id\":\"https:\\\/\\\/www.racingmotorsportparts.com\\\/#\\\/schema\\\/logo\\\/image\\\/\"},\"sameAs\":[\"https:\\\/\\\/www.facebook.com\\\/RacingMotorsportParts\",\"https:\\\/\\\/www.instagram.com\\\/RacingMotorsportParts\"]}]}<\/script>\n<!-- \/ Yoast SEO plugin. -->","yoast_head_json":{"title":"Motul 300V 10W60 Le Mans 2L - Racing Motorsport Parts","robots":{"index":"index","follow":"follow","max-snippet":"max-snippet:-1","max-image-preview":"max-image-preview:large","max-video-preview":"max-video-preview:-1"},"canonical":"https:\/\/www.racingmotorsportparts.com\/index.php\/boutique\/oiling\/fluid-oiling\/motul\/motul-300v-10w60-le-mans-2l\/","og_locale":"fr_FR","og_type":"article","og_title":"Motul 300V 10W60 Le Mans 2L - Racing Motorsport Parts","og_description":"Sp\u00e9cifications de l&rsquo;Huile Motul 300V 10W60 le mans UTILISATIONS: Tous moteurs essence ou Diesel de comp\u00e9tition, atmosph\u00e9riques, turbocompress\u00e9s ou suraliment\u00e9s \u00e9quip\u00e9s de syst\u00e8mes d&rsquo;injection (directe\/indirecte) [...]","og_url":"https:\/\/www.racingmotorsportparts.com\/index.php\/boutique\/oiling\/fluid-oiling\/motul\/motul-300v-10w60-le-mans-2l\/","og_site_name":"Racing Motorsport Parts","article_publisher":"https:\/\/www.facebook.com\/RacingMotorsportParts","article_modified_time":"2022-12-30T09:12:29+00:00","twitter_card":"summary_large_image","twitter_misc":{"Dur\u00e9e de lecture estim\u00e9e":"1 minute"},"schema":{"@context":"https:\/\/schema.org","@graph":[{"@type":"WebPage","@id":"https:\/\/www.racingmotorsportparts.com\/index.php\/boutique\/oiling\/fluid-oiling\/motul\/motul-300v-10w60-le-mans-2l\/","url":"https:\/\/www.racingmotorsportparts.com\/index.php\/boutique\/oiling\/fluid-oiling\/motul\/motul-300v-10w60-le-mans-2l\/","name":"Motul 300V 10W60 Le Mans 2L - Racing Motorsport Parts","isPartOf":{"@id":"https:\/\/www.racingmotorsportparts.com\/#website"},"datePublished":"2022-12-30T09:11:30+00:00","dateModified":"2022-12-30T09:12:29+00:00","breadcrumb":{"@id":"https:\/\/www.racingmotorsportparts.com\/index.php\/boutique\/oiling\/fluid-oiling\/motul\/motul-300v-10w60-le-mans-2l\/#breadcrumb"},"inLanguage":"fr-FR","potentialAction":[{"@type":"ReadAction","target":["https:\/\/www.racingmotorsportparts.com\/index.php\/boutique\/oiling\/fluid-oiling\/motul\/motul-300v-10w60-le-mans-2l\/"]}]},{"@type":"BreadcrumbList","@id":"https:\/\/www.racingmotorsportparts.com\/index.php\/boutique\/oiling\/fluid-oiling\/motul\/motul-300v-10w60-le-mans-2l\/#breadcrumb","itemListElement":[{"@type":"ListItem","position":1,"name":"Accueil","item":"https:\/\/www.racingmotorsportparts.com\/"},{"@type":"ListItem","position":2,"name":"Boutique","item":"https:\/\/www.racingmotorsportparts.com\/index.php\/boutique\/"},{"@type":"ListItem","position":3,"name":"Motul 300V 10W60 Le Mans 2L"}]},{"@type":"WebSite","@id":"https:\/\/www.racingmotorsportparts.com\/#website","url":"https:\/\/www.racingmotorsportparts.com\/","name":"Racing Motorsport Parts","description":"Reprogrammateur et distributeur de pi\u00e8ces","publisher":{"@id":"https:\/\/www.racingmotorsportparts.com\/#organization"},"potentialAction":[{"@type":"SearchAction","target":{"@type":"EntryPoint","urlTemplate":"https:\/\/www.racingmotorsportparts.com\/?s={search_term_string}"},"query-input":{"@type":"PropertyValueSpecification","valueRequired":true,"valueName":"search_term_string"}}],"inLanguage":"fr-FR"},{"@type":"Organization","@id":"https:\/\/www.racingmotorsportparts.com\/#organization","name":"Racing Motorsport Parts","url":"https:\/\/www.racingmotorsportparts.com\/","logo":{"@type":"ImageObject","inLanguage":"fr-FR","@id":"https:\/\/www.racingmotorsportparts.com\/#\/schema\/logo\/image\/","url":"https:\/\/www.racingmotorsportparts.com\/wp-content\/uploads\/2022\/09\/cropped-RMP.png","contentUrl":"https:\/\/www.racingmotorsportparts.com\/wp-content\/uploads\/2022\/09\/cropped-RMP.png","width":1624,"height":542,"caption":"Racing Motorsport Parts"},"image":{"@id":"https:\/\/www.racingmotorsportparts.com\/#\/schema\/logo\/image\/"},"sameAs":["https:\/\/www.facebook.com\/RacingMotorsportParts","https:\/\/www.instagram.com\/RacingMotorsportParts"]}]}},"_links":{"self":[{"href":"https:\/\/www.racingmotorsportparts.com\/index.php\/wp-json\/wp\/v2\/product\/2319","targetHints":{"allow":["GET"]}}],"collection":[{"href":"https:\/\/www.racingmotorsportparts.com\/index.php\/wp-json\/wp\/v2\/product"}],"about":[{"href":"https:\/\/www.racingmotorsportparts.com\/index.php\/wp-json\/wp\/v2\/types\/product"}],"replies":[{"embeddable":true,"href":"https:\/\/www.racingmotorsportparts.com\/index.php\/wp-json\/wp\/v2\/comments?post=2319"}],"wp:attachment":[{"href":"https:\/\/www.racingmotorsportparts.com\/index.php\/wp-json\/wp\/v2\/media?parent=2319"}],"wp:term":[{"taxonomy":"product_brand","embeddable":true,"href":"https:\/\/www.racingmotorsportparts.com\/index.php\/wp-json\/wp\/v2\/product_brand?post=2319"},{"taxonomy":"product_cat","embeddable":true,"href":"https:\/\/www.racingmotorsportparts.com\/index.php\/wp-json\/wp\/v2\/product_cat?post=2319"},{"taxonomy":"product_tag","embeddable":true,"href":"https:\/\/www.racingmotorsportparts.com\/index.php\/wp-json\/wp\/v2\/product_tag?post=2319"}],"curies":[{"name":"wp","href":"https:\/\/api.w.org\/{rel}","templated":true}]}}