{"id":1970,"date":"2020-06-14T13:21:18","date_gmt":"2020-06-14T11:21:18","guid":{"rendered":"https:\/\/www.racingmotorsportparts.com\/?post_type=product&#038;p=1970"},"modified":"2023-07-21T16:53:51","modified_gmt":"2023-07-21T14:53:51","slug":"kit-distribution-subaru-impreza-gt-99-00-et-wrx-sti-01-02","status":"publish","type":"product","link":"https:\/\/www.racingmotorsportparts.com\/indexphp\/boutique\/engine\/timing_belt\/kit-distribution-subaru-impreza-gt-99-00-et-wrx-sti-01-02\/","title":{"rendered":"Kit distribution &#8211; Subaru Impreza GT 99-00 et WRX\/STI 01-02"},"content":{"rendered":"<p>-Kit courroie de distribution  pour subaru impreza GT de 1999 \u00e0 2000<\/p>\n<p>-WRX et STI de 2001 \u00e0 2002<\/p>\n<p>-Nous avons s\u00e9lectionn\u00e9 les meilleurs galets pour la composition de notre kit courroie de distribution <\/p>\n<p>&#8211; contrairement au kit que vous trouverez dans le commerce, chez votre grossiste, ou fabricant    <\/p>\n<p>avec des  probl\u00e8mes comme les courroies sans marquage,ou marquage de la courroie a l&rsquo;envers , roulement de galet pas assez large avec un jeu excessif dans le futur, ou encore le petit galet qui ne correspond pas a l&rsquo;ann\u00e9e du v\u00e9hicule  ect ect<\/p>\n<p>-Nous avons choisi les meilleurs galets pour la composition de notre  kit  courroie de distribution (NSK identique au constructeur ,NTN, KOYO), ainsi que l&rsquo;affectation exact pour chaque ann\u00e9e de fabrication<\/p>\n<p>&#8211; Nous proposons aussi le kit avec une variante de courroie renforc\u00e9e pour les impreza  avec de grosses puissances <\/p>\n<p>&#8211; Livr\u00e9 dans un emballage sp\u00e9cifique.<\/p>\n","protected":false},"excerpt":{"rendered":"<div class=\"mh-excerpt\"><p>-Kit courroie de distribution pour subaru impreza GT de 1999 \u00e0 2000 -WRX et STI de 2001 \u00e0 2002 -Nous avons s\u00e9lectionn\u00e9 les meilleurs galets <a class=\"mh-excerpt-more\" href=\"https:\/\/www.racingmotorsportparts.com\/indexphp\/boutique\/engine\/timing_belt\/kit-distribution-subaru-impreza-gt-99-00-et-wrx-sti-01-02\/\" title=\"Kit distribution &#8211; Subaru Impreza GT 99-00 et WRX\/STI 01-02\">[&#8230;]<\/a><\/p>\n<\/div>","protected":false},"featured_media":1971,"comment_status":"open","ping_status":"closed","template":"","meta":[],"product_brand":[],"product_cat":[149,412],"product_tag":[315],"class_list":{"0":"post-1970","1":"product","2":"type-product","3":"status-publish","4":"has-post-thumbnail","6":"product_cat-timing_belt","7":"product_cat-brand-sd","8":"product_tag-subaru","10":"first","11":"onbackorder","12":"taxable","13":"shipping-taxable","14":"purchasable","15":"product-type-simple"},"yoast_head":"<!-- This site is optimized with the Yoast SEO plugin v27.4 - https:\/\/yoast.com\/product\/yoast-seo-wordpress\/ -->\n<title>Kit distribution - Subaru Impreza GT 99-00 et WRX\/STI 01-02 - Racing Motorsport Parts<\/title>\n<meta name=\"robots\" content=\"index, follow, max-snippet:-1, max-image-preview:large, max-video-preview:-1\" \/>\n<link rel=\"canonical\" href=\"https:\/\/www.racingmotorsportparts.com\/indexphp\/boutique\/engine\/timing_belt\/kit-distribution-subaru-impreza-gt-99-00-et-wrx-sti-01-02\/\" \/>\n<meta property=\"og:locale\" content=\"fr_FR\" \/>\n<meta property=\"og:type\" content=\"article\" \/>\n<meta property=\"og:title\" content=\"Kit distribution - Subaru Impreza GT 99-00 et WRX\/STI 01-02 - Racing Motorsport Parts\" \/>\n<meta property=\"og:description\" content=\"-Kit courroie de distribution pour subaru impreza GT de 1999 \u00e0 2000 -WRX et STI de 2001 \u00e0 2002 -Nous avons s\u00e9lectionn\u00e9 les meilleurs galets [...]\" \/>\n<meta property=\"og:url\" content=\"https:\/\/www.racingmotorsportparts.com\/indexphp\/boutique\/engine\/timing_belt\/kit-distribution-subaru-impreza-gt-99-00-et-wrx-sti-01-02\/\" \/>\n<meta property=\"og:site_name\" content=\"Racing Motorsport Parts\" \/>\n<meta property=\"article:publisher\" content=\"https:\/\/www.facebook.com\/RacingMotorsportParts\" \/>\n<meta property=\"article:modified_time\" content=\"2023-07-21T14:53:51+00:00\" \/>\n<meta property=\"og:image\" content=\"https:\/\/www.racingmotorsportparts.com\/wp-content\/uploads\/2020\/06\/kit-distribution-pour-subaru-impreza-gt-99-00-et-wrxsti-01-02.png\" \/>\n\t<meta property=\"og:image:width\" content=\"660\" \/>\n\t<meta property=\"og:image:height\" content=\"520\" \/>\n\t<meta property=\"og:image:type\" content=\"image\/png\" \/>\n<meta name=\"twitter:card\" content=\"summary_large_image\" \/>\n<meta name=\"twitter:label1\" content=\"Dur\u00e9e de lecture estim\u00e9e\" \/>\n\t<meta name=\"twitter:data1\" content=\"1 minute\" \/>\n<script type=\"application\/ld+json\" class=\"yoast-schema-graph\">{\"@context\":\"https:\\\/\\\/schema.org\",\"@graph\":[{\"@type\":\"WebPage\",\"@id\":\"https:\\\/\\\/www.racingmotorsportparts.com\\\/indexphp\\\/boutique\\\/engine\\\/timing_belt\\\/kit-distribution-subaru-impreza-gt-99-00-et-wrx-sti-01-02\\\/\",\"url\":\"https:\\\/\\\/www.racingmotorsportparts.com\\\/indexphp\\\/boutique\\\/engine\\\/timing_belt\\\/kit-distribution-subaru-impreza-gt-99-00-et-wrx-sti-01-02\\\/\",\"name\":\"Kit distribution - Subaru Impreza GT 99-00 et WRX\\\/STI 01-02 - Racing Motorsport Parts\",\"isPartOf\":{\"@id\":\"https:\\\/\\\/www.racingmotorsportparts.com\\\/#website\"},\"primaryImageOfPage\":{\"@id\":\"https:\\\/\\\/www.racingmotorsportparts.com\\\/indexphp\\\/boutique\\\/engine\\\/timing_belt\\\/kit-distribution-subaru-impreza-gt-99-00-et-wrx-sti-01-02\\\/#primaryimage\"},\"image\":{\"@id\":\"https:\\\/\\\/www.racingmotorsportparts.com\\\/indexphp\\\/boutique\\\/engine\\\/timing_belt\\\/kit-distribution-subaru-impreza-gt-99-00-et-wrx-sti-01-02\\\/#primaryimage\"},\"thumbnailUrl\":\"https:\\\/\\\/www.racingmotorsportparts.com\\\/wp-content\\\/uploads\\\/2020\\\/06\\\/kit-distribution-pour-subaru-impreza-gt-99-00-et-wrxsti-01-02.png\",\"datePublished\":\"2020-06-14T11:21:18+00:00\",\"dateModified\":\"2023-07-21T14:53:51+00:00\",\"breadcrumb\":{\"@id\":\"https:\\\/\\\/www.racingmotorsportparts.com\\\/indexphp\\\/boutique\\\/engine\\\/timing_belt\\\/kit-distribution-subaru-impreza-gt-99-00-et-wrx-sti-01-02\\\/#breadcrumb\"},\"inLanguage\":\"fr-FR\",\"potentialAction\":[{\"@type\":\"ReadAction\",\"target\":[\"https:\\\/\\\/www.racingmotorsportparts.com\\\/indexphp\\\/boutique\\\/engine\\\/timing_belt\\\/kit-distribution-subaru-impreza-gt-99-00-et-wrx-sti-01-02\\\/\"]}]},{\"@type\":\"ImageObject\",\"inLanguage\":\"fr-FR\",\"@id\":\"https:\\\/\\\/www.racingmotorsportparts.com\\\/indexphp\\\/boutique\\\/engine\\\/timing_belt\\\/kit-distribution-subaru-impreza-gt-99-00-et-wrx-sti-01-02\\\/#primaryimage\",\"url\":\"https:\\\/\\\/www.racingmotorsportparts.com\\\/wp-content\\\/uploads\\\/2020\\\/06\\\/kit-distribution-pour-subaru-impreza-gt-99-00-et-wrxsti-01-02.png\",\"contentUrl\":\"https:\\\/\\\/www.racingmotorsportparts.com\\\/wp-content\\\/uploads\\\/2020\\\/06\\\/kit-distribution-pour-subaru-impreza-gt-99-00-et-wrxsti-01-02.png\",\"width\":660,\"height\":520},{\"@type\":\"BreadcrumbList\",\"@id\":\"https:\\\/\\\/www.racingmotorsportparts.com\\\/indexphp\\\/boutique\\\/engine\\\/timing_belt\\\/kit-distribution-subaru-impreza-gt-99-00-et-wrx-sti-01-02\\\/#breadcrumb\",\"itemListElement\":[{\"@type\":\"ListItem\",\"position\":1,\"name\":\"Accueil\",\"item\":\"https:\\\/\\\/www.racingmotorsportparts.com\\\/\"},{\"@type\":\"ListItem\",\"position\":2,\"name\":\"Boutique\",\"item\":\"https:\\\/\\\/www.racingmotorsportparts.com\\\/index.php\\\/boutique\\\/\"},{\"@type\":\"ListItem\",\"position\":3,\"name\":\"Kit distribution &#8211; Subaru Impreza GT 99-00 et WRX\\\/STI 01-02\"}]},{\"@type\":\"WebSite\",\"@id\":\"https:\\\/\\\/www.racingmotorsportparts.com\\\/#website\",\"url\":\"https:\\\/\\\/www.racingmotorsportparts.com\\\/\",\"name\":\"Racing Motorsport Parts\",\"description\":\"Reprogrammateur et distributeur de pi\u00e8ces\",\"publisher\":{\"@id\":\"https:\\\/\\\/www.racingmotorsportparts.com\\\/#organization\"},\"potentialAction\":[{\"@type\":\"SearchAction\",\"target\":{\"@type\":\"EntryPoint\",\"urlTemplate\":\"https:\\\/\\\/www.racingmotorsportparts.com\\\/?s={search_term_string}\"},\"query-input\":{\"@type\":\"PropertyValueSpecification\",\"valueRequired\":true,\"valueName\":\"search_term_string\"}}],\"inLanguage\":\"fr-FR\"},{\"@type\":\"Organization\",\"@id\":\"https:\\\/\\\/www.racingmotorsportparts.com\\\/#organization\",\"name\":\"Racing Motorsport Parts\",\"url\":\"https:\\\/\\\/www.racingmotorsportparts.com\\\/\",\"logo\":{\"@type\":\"ImageObject\",\"inLanguage\":\"fr-FR\",\"@id\":\"https:\\\/\\\/www.racingmotorsportparts.com\\\/#\\\/schema\\\/logo\\\/image\\\/\",\"url\":\"https:\\\/\\\/www.racingmotorsportparts.com\\\/wp-content\\\/uploads\\\/2022\\\/09\\\/cropped-RMP.png\",\"contentUrl\":\"https:\\\/\\\/www.racingmotorsportparts.com\\\/wp-content\\\/uploads\\\/2022\\\/09\\\/cropped-RMP.png\",\"width\":1624,\"height\":542,\"caption\":\"Racing Motorsport Parts\"},\"image\":{\"@id\":\"https:\\\/\\\/www.racingmotorsportparts.com\\\/#\\\/schema\\\/logo\\\/image\\\/\"},\"sameAs\":[\"https:\\\/\\\/www.facebook.com\\\/RacingMotorsportParts\",\"https:\\\/\\\/www.instagram.com\\\/RacingMotorsportParts\"]}]}<\/script>\n<!-- \/ Yoast SEO plugin. -->","yoast_head_json":{"title":"Kit distribution - Subaru Impreza GT 99-00 et WRX\/STI 01-02 - Racing Motorsport Parts","robots":{"index":"index","follow":"follow","max-snippet":"max-snippet:-1","max-image-preview":"max-image-preview:large","max-video-preview":"max-video-preview:-1"},"canonical":"https:\/\/www.racingmotorsportparts.com\/indexphp\/boutique\/engine\/timing_belt\/kit-distribution-subaru-impreza-gt-99-00-et-wrx-sti-01-02\/","og_locale":"fr_FR","og_type":"article","og_title":"Kit distribution - Subaru Impreza GT 99-00 et WRX\/STI 01-02 - Racing Motorsport Parts","og_description":"-Kit courroie de distribution pour subaru impreza GT de 1999 \u00e0 2000 -WRX et STI de 2001 \u00e0 2002 -Nous avons s\u00e9lectionn\u00e9 les meilleurs galets [...]","og_url":"https:\/\/www.racingmotorsportparts.com\/indexphp\/boutique\/engine\/timing_belt\/kit-distribution-subaru-impreza-gt-99-00-et-wrx-sti-01-02\/","og_site_name":"Racing Motorsport Parts","article_publisher":"https:\/\/www.facebook.com\/RacingMotorsportParts","article_modified_time":"2023-07-21T14:53:51+00:00","og_image":[{"width":660,"height":520,"url":"https:\/\/www.racingmotorsportparts.com\/wp-content\/uploads\/2020\/06\/kit-distribution-pour-subaru-impreza-gt-99-00-et-wrxsti-01-02.png","type":"image\/png"}],"twitter_card":"summary_large_image","twitter_misc":{"Dur\u00e9e de lecture estim\u00e9e":"1 minute"},"schema":{"@context":"https:\/\/schema.org","@graph":[{"@type":"WebPage","@id":"https:\/\/www.racingmotorsportparts.com\/indexphp\/boutique\/engine\/timing_belt\/kit-distribution-subaru-impreza-gt-99-00-et-wrx-sti-01-02\/","url":"https:\/\/www.racingmotorsportparts.com\/indexphp\/boutique\/engine\/timing_belt\/kit-distribution-subaru-impreza-gt-99-00-et-wrx-sti-01-02\/","name":"Kit distribution - Subaru Impreza GT 99-00 et WRX\/STI 01-02 - Racing Motorsport Parts","isPartOf":{"@id":"https:\/\/www.racingmotorsportparts.com\/#website"},"primaryImageOfPage":{"@id":"https:\/\/www.racingmotorsportparts.com\/indexphp\/boutique\/engine\/timing_belt\/kit-distribution-subaru-impreza-gt-99-00-et-wrx-sti-01-02\/#primaryimage"},"image":{"@id":"https:\/\/www.racingmotorsportparts.com\/indexphp\/boutique\/engine\/timing_belt\/kit-distribution-subaru-impreza-gt-99-00-et-wrx-sti-01-02\/#primaryimage"},"thumbnailUrl":"https:\/\/www.racingmotorsportparts.com\/wp-content\/uploads\/2020\/06\/kit-distribution-pour-subaru-impreza-gt-99-00-et-wrxsti-01-02.png","datePublished":"2020-06-14T11:21:18+00:00","dateModified":"2023-07-21T14:53:51+00:00","breadcrumb":{"@id":"https:\/\/www.racingmotorsportparts.com\/indexphp\/boutique\/engine\/timing_belt\/kit-distribution-subaru-impreza-gt-99-00-et-wrx-sti-01-02\/#breadcrumb"},"inLanguage":"fr-FR","potentialAction":[{"@type":"ReadAction","target":["https:\/\/www.racingmotorsportparts.com\/indexphp\/boutique\/engine\/timing_belt\/kit-distribution-subaru-impreza-gt-99-00-et-wrx-sti-01-02\/"]}]},{"@type":"ImageObject","inLanguage":"fr-FR","@id":"https:\/\/www.racingmotorsportparts.com\/indexphp\/boutique\/engine\/timing_belt\/kit-distribution-subaru-impreza-gt-99-00-et-wrx-sti-01-02\/#primaryimage","url":"https:\/\/www.racingmotorsportparts.com\/wp-content\/uploads\/2020\/06\/kit-distribution-pour-subaru-impreza-gt-99-00-et-wrxsti-01-02.png","contentUrl":"https:\/\/www.racingmotorsportparts.com\/wp-content\/uploads\/2020\/06\/kit-distribution-pour-subaru-impreza-gt-99-00-et-wrxsti-01-02.png","width":660,"height":520},{"@type":"BreadcrumbList","@id":"https:\/\/www.racingmotorsportparts.com\/indexphp\/boutique\/engine\/timing_belt\/kit-distribution-subaru-impreza-gt-99-00-et-wrx-sti-01-02\/#breadcrumb","itemListElement":[{"@type":"ListItem","position":1,"name":"Accueil","item":"https:\/\/www.racingmotorsportparts.com\/"},{"@type":"ListItem","position":2,"name":"Boutique","item":"https:\/\/www.racingmotorsportparts.com\/index.php\/boutique\/"},{"@type":"ListItem","position":3,"name":"Kit distribution &#8211; Subaru Impreza GT 99-00 et WRX\/STI 01-02"}]},{"@type":"WebSite","@id":"https:\/\/www.racingmotorsportparts.com\/#website","url":"https:\/\/www.racingmotorsportparts.com\/","name":"Racing Motorsport Parts","description":"Reprogrammateur et distributeur de pi\u00e8ces","publisher":{"@id":"https:\/\/www.racingmotorsportparts.com\/#organization"},"potentialAction":[{"@type":"SearchAction","target":{"@type":"EntryPoint","urlTemplate":"https:\/\/www.racingmotorsportparts.com\/?s={search_term_string}"},"query-input":{"@type":"PropertyValueSpecification","valueRequired":true,"valueName":"search_term_string"}}],"inLanguage":"fr-FR"},{"@type":"Organization","@id":"https:\/\/www.racingmotorsportparts.com\/#organization","name":"Racing Motorsport Parts","url":"https:\/\/www.racingmotorsportparts.com\/","logo":{"@type":"ImageObject","inLanguage":"fr-FR","@id":"https:\/\/www.racingmotorsportparts.com\/#\/schema\/logo\/image\/","url":"https:\/\/www.racingmotorsportparts.com\/wp-content\/uploads\/2022\/09\/cropped-RMP.png","contentUrl":"https:\/\/www.racingmotorsportparts.com\/wp-content\/uploads\/2022\/09\/cropped-RMP.png","width":1624,"height":542,"caption":"Racing Motorsport Parts"},"image":{"@id":"https:\/\/www.racingmotorsportparts.com\/#\/schema\/logo\/image\/"},"sameAs":["https:\/\/www.facebook.com\/RacingMotorsportParts","https:\/\/www.instagram.com\/RacingMotorsportParts"]}]}},"_links":{"self":[{"href":"https:\/\/www.racingmotorsportparts.com\/index.php\/wp-json\/wp\/v2\/product\/1970","targetHints":{"allow":["GET"]}}],"collection":[{"href":"https:\/\/www.racingmotorsportparts.com\/index.php\/wp-json\/wp\/v2\/product"}],"about":[{"href":"https:\/\/www.racingmotorsportparts.com\/index.php\/wp-json\/wp\/v2\/types\/product"}],"replies":[{"embeddable":true,"href":"https:\/\/www.racingmotorsportparts.com\/index.php\/wp-json\/wp\/v2\/comments?post=1970"}],"wp:featuredmedia":[{"embeddable":true,"href":"https:\/\/www.racingmotorsportparts.com\/index.php\/wp-json\/wp\/v2\/media\/1971"}],"wp:attachment":[{"href":"https:\/\/www.racingmotorsportparts.com\/index.php\/wp-json\/wp\/v2\/media?parent=1970"}],"wp:term":[{"taxonomy":"product_brand","embeddable":true,"href":"https:\/\/www.racingmotorsportparts.com\/index.php\/wp-json\/wp\/v2\/product_brand?post=1970"},{"taxonomy":"product_cat","embeddable":true,"href":"https:\/\/www.racingmotorsportparts.com\/index.php\/wp-json\/wp\/v2\/product_cat?post=1970"},{"taxonomy":"product_tag","embeddable":true,"href":"https:\/\/www.racingmotorsportparts.com\/index.php\/wp-json\/wp\/v2\/product_tag?post=1970"}],"curies":[{"name":"wp","href":"https:\/\/api.w.org\/{rel}","templated":true}]}}