{"id":1438,"date":"2019-04-04T16:29:48","date_gmt":"2019-04-04T15:29:48","guid":{"rendered":"https:\/\/www.racingmotorsportparts.com\/?post_type=product&#038;p=1438"},"modified":"2023-04-15T14:32:16","modified_gmt":"2023-04-15T12:32:16","slug":"coussinets-de-vilebrequin-acl-trimetal-cote-standard-subaru-impreza-ej20-ej25","status":"publish","type":"product","link":"https:\/\/www.racingmotorsportparts.com\/indexphp\/boutique\/brand\/subaru-brand\/coussinets-de-vilebrequin-acl-trimetal-cote-standard-subaru-impreza-ej20-ej25\/","title":{"rendered":"Coussinets de vilebrequin ACL trim\u00e9tal c\u00f4te standard &#8211; Subaru Impreza EJ20\/EJ25"},"content":{"rendered":"<p>&#8211; Coussinets  ACL Con\u00e7us pour r\u00e9sister \u00e0 des temp\u00e9ratures \u00e9lev\u00e9es et des efforts sup\u00e9rieur<\/p>\n<p>&#8211; 3 \u00e9paisseurs d&rsquo;acier tremp\u00e9, cuivre et nickel dite \u00ab\u00a0trim\u00e9tal\u00a0\u00bb permet de r\u00e9duire <\/p>\n<p>&#8211; Nettement les frottements, et diminue ainsi les temp\u00e9ratures de fonctionnement<\/p>\n<p>&#8211;  Les coussinets sont vendus en lots complets, pour toutes les bielles <\/p>\n<p>&#8211;  Palier en 5\u00e8me position<\/p>\n","protected":false},"excerpt":{"rendered":"<div class=\"mh-excerpt\"><p>&#8211; Coussinets ACL Con\u00e7us pour r\u00e9sister \u00e0 des temp\u00e9ratures \u00e9lev\u00e9es et des efforts sup\u00e9rieur &#8211; 3 \u00e9paisseurs d&rsquo;acier tremp\u00e9, cuivre et nickel dite \u00ab\u00a0trim\u00e9tal\u00a0\u00bb permet <a class=\"mh-excerpt-more\" href=\"https:\/\/www.racingmotorsportparts.com\/indexphp\/boutique\/brand\/subaru-brand\/coussinets-de-vilebrequin-acl-trimetal-cote-standard-subaru-impreza-ej20-ej25\/\" title=\"Coussinets de vilebrequin ACL trim\u00e9tal c\u00f4te standard &#8211; Subaru Impreza EJ20\/EJ25\">[&#8230;]<\/a><\/p>\n<\/div>","protected":false},"featured_media":1440,"comment_status":"open","ping_status":"closed","template":"","meta":[],"product_brand":[],"product_cat":[327,412],"product_tag":[421],"class_list":{"0":"post-1438","1":"product","2":"type-product","3":"status-publish","4":"has-post-thumbnail","6":"product_cat-acl","7":"product_cat-brand-sd","8":"product_tag-acl","10":"first","11":"onbackorder","12":"taxable","13":"shipping-taxable","14":"purchasable","15":"product-type-simple"},"yoast_head":"<!-- This site is optimized with the Yoast SEO plugin v27.1.1 - https:\/\/yoast.com\/product\/yoast-seo-wordpress\/ -->\n<title>Coussinets de vilebrequin ACL trim\u00e9tal c\u00f4te standard - Subaru Impreza EJ20\/EJ25 - Racing Motorsport Parts<\/title>\n<meta name=\"robots\" content=\"index, follow, max-snippet:-1, max-image-preview:large, max-video-preview:-1\" \/>\n<link rel=\"canonical\" href=\"https:\/\/www.racingmotorsportparts.com\/indexphp\/boutique\/brand\/subaru-brand\/coussinets-de-vilebrequin-acl-trimetal-cote-standard-subaru-impreza-ej20-ej25\/\" \/>\n<meta property=\"og:locale\" content=\"fr_FR\" \/>\n<meta property=\"og:type\" content=\"article\" \/>\n<meta property=\"og:title\" content=\"Coussinets de vilebrequin ACL trim\u00e9tal c\u00f4te standard - Subaru Impreza EJ20\/EJ25 - Racing Motorsport Parts\" \/>\n<meta property=\"og:description\" content=\"&#8211; Coussinets ACL Con\u00e7us pour r\u00e9sister \u00e0 des temp\u00e9ratures \u00e9lev\u00e9es et des efforts sup\u00e9rieur &#8211; 3 \u00e9paisseurs d&rsquo;acier tremp\u00e9, cuivre et nickel dite \u00ab\u00a0trim\u00e9tal\u00a0\u00bb permet [...]\" \/>\n<meta property=\"og:url\" content=\"https:\/\/www.racingmotorsportparts.com\/indexphp\/boutique\/brand\/subaru-brand\/coussinets-de-vilebrequin-acl-trimetal-cote-standard-subaru-impreza-ej20-ej25\/\" \/>\n<meta property=\"og:site_name\" content=\"Racing Motorsport Parts\" \/>\n<meta property=\"article:publisher\" content=\"https:\/\/www.facebook.com\/RacingMotorsportParts\" \/>\n<meta property=\"article:modified_time\" content=\"2023-04-15T12:32:16+00:00\" \/>\n<meta property=\"og:image\" content=\"https:\/\/www.racingmotorsportparts.com\/wp-content\/uploads\/2019\/04\/coussinet-vilebrequin-acl-trimetal-cote-standard-ej20-ej25.png\" \/>\n\t<meta property=\"og:image:width\" content=\"660\" \/>\n\t<meta property=\"og:image:height\" content=\"520\" \/>\n\t<meta property=\"og:image:type\" content=\"image\/png\" \/>\n<meta name=\"twitter:card\" content=\"summary_large_image\" \/>\n<meta name=\"twitter:label1\" content=\"Dur\u00e9e de lecture estim\u00e9e\" \/>\n\t<meta name=\"twitter:data1\" content=\"1 minute\" \/>\n<script type=\"application\/ld+json\" class=\"yoast-schema-graph\">{\"@context\":\"https:\/\/schema.org\",\"@graph\":[{\"@type\":\"WebPage\",\"@id\":\"https:\/\/www.racingmotorsportparts.com\/indexphp\/boutique\/brand\/subaru-brand\/coussinets-de-vilebrequin-acl-trimetal-cote-standard-subaru-impreza-ej20-ej25\/\",\"url\":\"https:\/\/www.racingmotorsportparts.com\/indexphp\/boutique\/brand\/subaru-brand\/coussinets-de-vilebrequin-acl-trimetal-cote-standard-subaru-impreza-ej20-ej25\/\",\"name\":\"Coussinets de vilebrequin ACL trim\u00e9tal c\u00f4te standard - Subaru Impreza EJ20\/EJ25 - Racing Motorsport Parts\",\"isPartOf\":{\"@id\":\"https:\/\/www.racingmotorsportparts.com\/#website\"},\"primaryImageOfPage\":{\"@id\":\"https:\/\/www.racingmotorsportparts.com\/indexphp\/boutique\/brand\/subaru-brand\/coussinets-de-vilebrequin-acl-trimetal-cote-standard-subaru-impreza-ej20-ej25\/#primaryimage\"},\"image\":{\"@id\":\"https:\/\/www.racingmotorsportparts.com\/indexphp\/boutique\/brand\/subaru-brand\/coussinets-de-vilebrequin-acl-trimetal-cote-standard-subaru-impreza-ej20-ej25\/#primaryimage\"},\"thumbnailUrl\":\"https:\/\/www.racingmotorsportparts.com\/wp-content\/uploads\/2019\/04\/coussinet-vilebrequin-acl-trimetal-cote-standard-ej20-ej25.png\",\"datePublished\":\"2019-04-04T15:29:48+00:00\",\"dateModified\":\"2023-04-15T12:32:16+00:00\",\"breadcrumb\":{\"@id\":\"https:\/\/www.racingmotorsportparts.com\/indexphp\/boutique\/brand\/subaru-brand\/coussinets-de-vilebrequin-acl-trimetal-cote-standard-subaru-impreza-ej20-ej25\/#breadcrumb\"},\"inLanguage\":\"fr-FR\",\"potentialAction\":[{\"@type\":\"ReadAction\",\"target\":[\"https:\/\/www.racingmotorsportparts.com\/indexphp\/boutique\/brand\/subaru-brand\/coussinets-de-vilebrequin-acl-trimetal-cote-standard-subaru-impreza-ej20-ej25\/\"]}]},{\"@type\":\"ImageObject\",\"inLanguage\":\"fr-FR\",\"@id\":\"https:\/\/www.racingmotorsportparts.com\/indexphp\/boutique\/brand\/subaru-brand\/coussinets-de-vilebrequin-acl-trimetal-cote-standard-subaru-impreza-ej20-ej25\/#primaryimage\",\"url\":\"https:\/\/www.racingmotorsportparts.com\/wp-content\/uploads\/2019\/04\/coussinet-vilebrequin-acl-trimetal-cote-standard-ej20-ej25.png\",\"contentUrl\":\"https:\/\/www.racingmotorsportparts.com\/wp-content\/uploads\/2019\/04\/coussinet-vilebrequin-acl-trimetal-cote-standard-ej20-ej25.png\",\"width\":660,\"height\":520},{\"@type\":\"BreadcrumbList\",\"@id\":\"https:\/\/www.racingmotorsportparts.com\/indexphp\/boutique\/brand\/subaru-brand\/coussinets-de-vilebrequin-acl-trimetal-cote-standard-subaru-impreza-ej20-ej25\/#breadcrumb\",\"itemListElement\":[{\"@type\":\"ListItem\",\"position\":1,\"name\":\"Accueil\",\"item\":\"https:\/\/www.racingmotorsportparts.com\/\"},{\"@type\":\"ListItem\",\"position\":2,\"name\":\"Boutique\",\"item\":\"https:\/\/www.racingmotorsportparts.com\/index.php\/boutique\/\"},{\"@type\":\"ListItem\",\"position\":3,\"name\":\"Coussinets de vilebrequin ACL trim\u00e9tal c\u00f4te standard &#8211; Subaru Impreza EJ20\/EJ25\"}]},{\"@type\":\"WebSite\",\"@id\":\"https:\/\/www.racingmotorsportparts.com\/#website\",\"url\":\"https:\/\/www.racingmotorsportparts.com\/\",\"name\":\"Racing Motorsport Parts\",\"description\":\"Reprogrammateur et distributeur de pi\u00e8ces\",\"publisher\":{\"@id\":\"https:\/\/www.racingmotorsportparts.com\/#organization\"},\"potentialAction\":[{\"@type\":\"SearchAction\",\"target\":{\"@type\":\"EntryPoint\",\"urlTemplate\":\"https:\/\/www.racingmotorsportparts.com\/?s={search_term_string}\"},\"query-input\":{\"@type\":\"PropertyValueSpecification\",\"valueRequired\":true,\"valueName\":\"search_term_string\"}}],\"inLanguage\":\"fr-FR\"},{\"@type\":\"Organization\",\"@id\":\"https:\/\/www.racingmotorsportparts.com\/#organization\",\"name\":\"Racing Motorsport Parts\",\"url\":\"https:\/\/www.racingmotorsportparts.com\/\",\"logo\":{\"@type\":\"ImageObject\",\"inLanguage\":\"fr-FR\",\"@id\":\"https:\/\/www.racingmotorsportparts.com\/#\/schema\/logo\/image\/\",\"url\":\"https:\/\/www.racingmotorsportparts.com\/wp-content\/uploads\/2022\/09\/cropped-RMP.png\",\"contentUrl\":\"https:\/\/www.racingmotorsportparts.com\/wp-content\/uploads\/2022\/09\/cropped-RMP.png\",\"width\":1624,\"height\":542,\"caption\":\"Racing Motorsport Parts\"},\"image\":{\"@id\":\"https:\/\/www.racingmotorsportparts.com\/#\/schema\/logo\/image\/\"},\"sameAs\":[\"https:\/\/www.facebook.com\/RacingMotorsportParts\",\"https:\/\/www.instagram.com\/RacingMotorsportParts\"]}]}<\/script>\n<!-- \/ Yoast SEO plugin. -->","yoast_head_json":{"title":"Coussinets de vilebrequin ACL trim\u00e9tal c\u00f4te standard - Subaru Impreza EJ20\/EJ25 - Racing Motorsport Parts","robots":{"index":"index","follow":"follow","max-snippet":"max-snippet:-1","max-image-preview":"max-image-preview:large","max-video-preview":"max-video-preview:-1"},"canonical":"https:\/\/www.racingmotorsportparts.com\/indexphp\/boutique\/brand\/subaru-brand\/coussinets-de-vilebrequin-acl-trimetal-cote-standard-subaru-impreza-ej20-ej25\/","og_locale":"fr_FR","og_type":"article","og_title":"Coussinets de vilebrequin ACL trim\u00e9tal c\u00f4te standard - Subaru Impreza EJ20\/EJ25 - Racing Motorsport Parts","og_description":"&#8211; Coussinets ACL Con\u00e7us pour r\u00e9sister \u00e0 des temp\u00e9ratures \u00e9lev\u00e9es et des efforts sup\u00e9rieur &#8211; 3 \u00e9paisseurs d&rsquo;acier tremp\u00e9, cuivre et nickel dite \u00ab\u00a0trim\u00e9tal\u00a0\u00bb permet [...]","og_url":"https:\/\/www.racingmotorsportparts.com\/indexphp\/boutique\/brand\/subaru-brand\/coussinets-de-vilebrequin-acl-trimetal-cote-standard-subaru-impreza-ej20-ej25\/","og_site_name":"Racing Motorsport Parts","article_publisher":"https:\/\/www.facebook.com\/RacingMotorsportParts","article_modified_time":"2023-04-15T12:32:16+00:00","og_image":[{"width":660,"height":520,"url":"https:\/\/www.racingmotorsportparts.com\/wp-content\/uploads\/2019\/04\/coussinet-vilebrequin-acl-trimetal-cote-standard-ej20-ej25.png","type":"image\/png"}],"twitter_card":"summary_large_image","twitter_misc":{"Dur\u00e9e de lecture estim\u00e9e":"1 minute"},"schema":{"@context":"https:\/\/schema.org","@graph":[{"@type":"WebPage","@id":"https:\/\/www.racingmotorsportparts.com\/indexphp\/boutique\/brand\/subaru-brand\/coussinets-de-vilebrequin-acl-trimetal-cote-standard-subaru-impreza-ej20-ej25\/","url":"https:\/\/www.racingmotorsportparts.com\/indexphp\/boutique\/brand\/subaru-brand\/coussinets-de-vilebrequin-acl-trimetal-cote-standard-subaru-impreza-ej20-ej25\/","name":"Coussinets de vilebrequin ACL trim\u00e9tal c\u00f4te standard - Subaru Impreza EJ20\/EJ25 - Racing Motorsport Parts","isPartOf":{"@id":"https:\/\/www.racingmotorsportparts.com\/#website"},"primaryImageOfPage":{"@id":"https:\/\/www.racingmotorsportparts.com\/indexphp\/boutique\/brand\/subaru-brand\/coussinets-de-vilebrequin-acl-trimetal-cote-standard-subaru-impreza-ej20-ej25\/#primaryimage"},"image":{"@id":"https:\/\/www.racingmotorsportparts.com\/indexphp\/boutique\/brand\/subaru-brand\/coussinets-de-vilebrequin-acl-trimetal-cote-standard-subaru-impreza-ej20-ej25\/#primaryimage"},"thumbnailUrl":"https:\/\/www.racingmotorsportparts.com\/wp-content\/uploads\/2019\/04\/coussinet-vilebrequin-acl-trimetal-cote-standard-ej20-ej25.png","datePublished":"2019-04-04T15:29:48+00:00","dateModified":"2023-04-15T12:32:16+00:00","breadcrumb":{"@id":"https:\/\/www.racingmotorsportparts.com\/indexphp\/boutique\/brand\/subaru-brand\/coussinets-de-vilebrequin-acl-trimetal-cote-standard-subaru-impreza-ej20-ej25\/#breadcrumb"},"inLanguage":"fr-FR","potentialAction":[{"@type":"ReadAction","target":["https:\/\/www.racingmotorsportparts.com\/indexphp\/boutique\/brand\/subaru-brand\/coussinets-de-vilebrequin-acl-trimetal-cote-standard-subaru-impreza-ej20-ej25\/"]}]},{"@type":"ImageObject","inLanguage":"fr-FR","@id":"https:\/\/www.racingmotorsportparts.com\/indexphp\/boutique\/brand\/subaru-brand\/coussinets-de-vilebrequin-acl-trimetal-cote-standard-subaru-impreza-ej20-ej25\/#primaryimage","url":"https:\/\/www.racingmotorsportparts.com\/wp-content\/uploads\/2019\/04\/coussinet-vilebrequin-acl-trimetal-cote-standard-ej20-ej25.png","contentUrl":"https:\/\/www.racingmotorsportparts.com\/wp-content\/uploads\/2019\/04\/coussinet-vilebrequin-acl-trimetal-cote-standard-ej20-ej25.png","width":660,"height":520},{"@type":"BreadcrumbList","@id":"https:\/\/www.racingmotorsportparts.com\/indexphp\/boutique\/brand\/subaru-brand\/coussinets-de-vilebrequin-acl-trimetal-cote-standard-subaru-impreza-ej20-ej25\/#breadcrumb","itemListElement":[{"@type":"ListItem","position":1,"name":"Accueil","item":"https:\/\/www.racingmotorsportparts.com\/"},{"@type":"ListItem","position":2,"name":"Boutique","item":"https:\/\/www.racingmotorsportparts.com\/index.php\/boutique\/"},{"@type":"ListItem","position":3,"name":"Coussinets de vilebrequin ACL trim\u00e9tal c\u00f4te standard &#8211; Subaru Impreza EJ20\/EJ25"}]},{"@type":"WebSite","@id":"https:\/\/www.racingmotorsportparts.com\/#website","url":"https:\/\/www.racingmotorsportparts.com\/","name":"Racing Motorsport Parts","description":"Reprogrammateur et distributeur de pi\u00e8ces","publisher":{"@id":"https:\/\/www.racingmotorsportparts.com\/#organization"},"potentialAction":[{"@type":"SearchAction","target":{"@type":"EntryPoint","urlTemplate":"https:\/\/www.racingmotorsportparts.com\/?s={search_term_string}"},"query-input":{"@type":"PropertyValueSpecification","valueRequired":true,"valueName":"search_term_string"}}],"inLanguage":"fr-FR"},{"@type":"Organization","@id":"https:\/\/www.racingmotorsportparts.com\/#organization","name":"Racing Motorsport Parts","url":"https:\/\/www.racingmotorsportparts.com\/","logo":{"@type":"ImageObject","inLanguage":"fr-FR","@id":"https:\/\/www.racingmotorsportparts.com\/#\/schema\/logo\/image\/","url":"https:\/\/www.racingmotorsportparts.com\/wp-content\/uploads\/2022\/09\/cropped-RMP.png","contentUrl":"https:\/\/www.racingmotorsportparts.com\/wp-content\/uploads\/2022\/09\/cropped-RMP.png","width":1624,"height":542,"caption":"Racing Motorsport Parts"},"image":{"@id":"https:\/\/www.racingmotorsportparts.com\/#\/schema\/logo\/image\/"},"sameAs":["https:\/\/www.facebook.com\/RacingMotorsportParts","https:\/\/www.instagram.com\/RacingMotorsportParts"]}]}},"_links":{"self":[{"href":"https:\/\/www.racingmotorsportparts.com\/index.php\/wp-json\/wp\/v2\/product\/1438","targetHints":{"allow":["GET"]}}],"collection":[{"href":"https:\/\/www.racingmotorsportparts.com\/index.php\/wp-json\/wp\/v2\/product"}],"about":[{"href":"https:\/\/www.racingmotorsportparts.com\/index.php\/wp-json\/wp\/v2\/types\/product"}],"replies":[{"embeddable":true,"href":"https:\/\/www.racingmotorsportparts.com\/index.php\/wp-json\/wp\/v2\/comments?post=1438"}],"wp:featuredmedia":[{"embeddable":true,"href":"https:\/\/www.racingmotorsportparts.com\/index.php\/wp-json\/wp\/v2\/media\/1440"}],"wp:attachment":[{"href":"https:\/\/www.racingmotorsportparts.com\/index.php\/wp-json\/wp\/v2\/media?parent=1438"}],"wp:term":[{"taxonomy":"product_brand","embeddable":true,"href":"https:\/\/www.racingmotorsportparts.com\/index.php\/wp-json\/wp\/v2\/product_brand?post=1438"},{"taxonomy":"product_cat","embeddable":true,"href":"https:\/\/www.racingmotorsportparts.com\/index.php\/wp-json\/wp\/v2\/product_cat?post=1438"},{"taxonomy":"product_tag","embeddable":true,"href":"https:\/\/www.racingmotorsportparts.com\/index.php\/wp-json\/wp\/v2\/product_tag?post=1438"}],"curies":[{"name":"wp","href":"https:\/\/api.w.org\/{rel}","templated":true}]}}