{"id":2,"date":"2015-10-01T20:09:51","date_gmt":"2015-10-01T19:09:51","guid":{"rendered":"https:\/\/www.racingmotorsportparts.com\/?page_id=2"},"modified":"2020-03-22T18:50:09","modified_gmt":"2020-03-22T17:50:09","slug":"reprog-moteur","status":"publish","type":"page","link":"https:\/\/www.racingmotorsportparts.com\/index.php\/reprog-moteur\/","title":{"rendered":"Reprogrammation Ecutek"},"content":{"rendered":"<p>Nous mettons \u00e0 votre disposition nos comp\u00e9tences sur les reprogrammations moteur avec le logiciel Ecutek, en vous proposant diff\u00e9rents \u00ab\u00a0stage\u00a0\u00bb.<\/p>\n<p>Nous sommes \u00ab\u00a0dealer officiel Ecutek\u00a0\u00bb, en collaboration avec Charles de chez Monstaka qui est une r\u00e9f\u00e9rence sur les Nissan GTR ou encore les Toyota GT86.<\/p>\n<p>Voici les mod\u00e8les de v\u00e9hicule sur lesquels nous travaillons avec lui :<\/p>\n<p><a href=\"https:\/\/www.racingmotorsportparts.com\/wp-content\/uploads\/2019\/10\/ecutek_pub.jpg\"><img loading=\"lazy\" decoding=\"async\" class=\"aligncenter wp-image-1785 size-full\" src=\"https:\/\/www.racingmotorsportparts.com\/wp-content\/uploads\/2019\/10\/ecutek_pub.jpg\" alt=\"\" width=\"649\" height=\"584\" srcset=\"https:\/\/www.racingmotorsportparts.com\/wp-content\/uploads\/2019\/10\/ecutek_pub.jpg 649w, https:\/\/www.racingmotorsportparts.com\/wp-content\/uploads\/2019\/10\/ecutek_pub-600x540.jpg 600w, https:\/\/www.racingmotorsportparts.com\/wp-content\/uploads\/2019\/10\/ecutek_pub-300x270.jpg 300w\" sizes=\"auto, (max-width: 649px) 100vw, 649px\" \/><\/a><\/p>\n<p>Nous nous occupons aussi des blocs moteur :<\/p>\n<p><a href=\"https:\/\/www.racingmotorsportparts.com\/wp-content\/uploads\/2019\/10\/bloc_moteur_1.jpg\"><img loading=\"lazy\" decoding=\"async\" class=\"wp-image-1787 size-full aligncenter\" src=\"https:\/\/www.racingmotorsportparts.com\/wp-content\/uploads\/2019\/10\/bloc_moteur_1.jpg\" alt=\"\" width=\"601\" height=\"443\" srcset=\"https:\/\/www.racingmotorsportparts.com\/wp-content\/uploads\/2019\/10\/bloc_moteur_1.jpg 601w, https:\/\/www.racingmotorsportparts.com\/wp-content\/uploads\/2019\/10\/bloc_moteur_1-300x221.jpg 300w, https:\/\/www.racingmotorsportparts.com\/wp-content\/uploads\/2019\/10\/bloc_moteur_1-80x60.jpg 80w\" sizes=\"auto, (max-width: 601px) 100vw, 601px\" \/><\/a><\/p>\n<p><a href=\"https:\/\/www.racingmotorsportparts.com\/wp-content\/uploads\/2019\/10\/blocs_moteur.jpg\"><img loading=\"lazy\" decoding=\"async\" class=\"wp-image-1789 size-full aligncenter\" src=\"https:\/\/www.racingmotorsportparts.com\/wp-content\/uploads\/2019\/10\/blocs_moteur.jpg\" alt=\"\" width=\"601\" height=\"629\" srcset=\"https:\/\/www.racingmotorsportparts.com\/wp-content\/uploads\/2019\/10\/blocs_moteur.jpg 601w, https:\/\/www.racingmotorsportparts.com\/wp-content\/uploads\/2019\/10\/blocs_moteur-287x300.jpg 287w\" sizes=\"auto, (max-width: 601px) 100vw, 601px\" \/><\/a><\/p>\n<p>Par cons\u00e9quent, fini les trajets jusqu&rsquo;\u00e0 chez Monstaka pour le montage de vos pi\u00e8ces ou pour la reprog. de votre auto&#8230;&#8230;nous nous chargeons de faire le travail \u00e0 distance avec Charles depuis nos locaux !<\/p>\n","protected":false},"excerpt":{"rendered":"<div class=\"mh-excerpt\"><p>Nous mettons \u00e0 votre disposition nos comp\u00e9tences sur les reprogrammations moteur avec le logiciel Ecutek, en vous proposant diff\u00e9rents \u00ab\u00a0stage\u00a0\u00bb. Nous sommes \u00ab\u00a0dealer officiel Ecutek\u00a0\u00bb, <a class=\"mh-excerpt-more\" href=\"https:\/\/www.racingmotorsportparts.com\/index.php\/reprog-moteur\/\" title=\"Reprogrammation Ecutek\">[&#8230;]<\/a><\/p>\n<\/div>","protected":false},"author":1,"featured_media":0,"parent":0,"menu_order":0,"comment_status":"closed","ping_status":"closed","template":"","meta":{"footnotes":""},"class_list":["post-2","page","type-page","status-publish","hentry"],"yoast_head":"<!-- This site is optimized with the Yoast SEO plugin v27.1.1 - https:\/\/yoast.com\/product\/yoast-seo-wordpress\/ -->\n<title>Reprogrammation Ecutek - Racing Motorsport Parts<\/title>\n<meta name=\"robots\" content=\"index, follow, max-snippet:-1, max-image-preview:large, max-video-preview:-1\" \/>\n<link rel=\"canonical\" href=\"https:\/\/www.racingmotorsportparts.com\/index.php\/reprog-moteur\/\" \/>\n<meta property=\"og:locale\" content=\"fr_FR\" \/>\n<meta property=\"og:type\" content=\"article\" \/>\n<meta property=\"og:title\" content=\"Reprogrammation Ecutek - Racing Motorsport Parts\" \/>\n<meta property=\"og:description\" content=\"Nous mettons \u00e0 votre disposition nos comp\u00e9tences sur les reprogrammations moteur avec le logiciel Ecutek, en vous proposant diff\u00e9rents \u00ab\u00a0stage\u00a0\u00bb. Nous sommes \u00ab\u00a0dealer officiel Ecutek\u00a0\u00bb, [...]\" \/>\n<meta property=\"og:url\" content=\"https:\/\/www.racingmotorsportparts.com\/index.php\/reprog-moteur\/\" \/>\n<meta property=\"og:site_name\" content=\"Racing Motorsport Parts\" \/>\n<meta property=\"article:publisher\" content=\"https:\/\/www.facebook.com\/RacingMotorsportParts\" \/>\n<meta property=\"article:modified_time\" content=\"2020-03-22T17:50:09+00:00\" \/>\n<meta property=\"og:image\" content=\"https:\/\/www.racingmotorsportparts.com\/wp-content\/uploads\/2019\/10\/ecutek_pub.jpg\" \/>\n<meta name=\"twitter:card\" content=\"summary_large_image\" \/>\n<meta name=\"twitter:label1\" content=\"Dur\u00e9e de lecture estim\u00e9e\" \/>\n\t<meta name=\"twitter:data1\" content=\"1 minute\" \/>\n<script type=\"application\/ld+json\" class=\"yoast-schema-graph\">{\"@context\":\"https:\/\/schema.org\",\"@graph\":[{\"@type\":\"WebPage\",\"@id\":\"https:\/\/www.racingmotorsportparts.com\/index.php\/reprog-moteur\/\",\"url\":\"https:\/\/www.racingmotorsportparts.com\/index.php\/reprog-moteur\/\",\"name\":\"Reprogrammation Ecutek - Racing Motorsport Parts\",\"isPartOf\":{\"@id\":\"https:\/\/www.racingmotorsportparts.com\/#website\"},\"primaryImageOfPage\":{\"@id\":\"https:\/\/www.racingmotorsportparts.com\/index.php\/reprog-moteur\/#primaryimage\"},\"image\":{\"@id\":\"https:\/\/www.racingmotorsportparts.com\/index.php\/reprog-moteur\/#primaryimage\"},\"thumbnailUrl\":\"https:\/\/www.racingmotorsportparts.com\/wp-content\/uploads\/2019\/10\/ecutek_pub.jpg\",\"datePublished\":\"2015-10-01T19:09:51+00:00\",\"dateModified\":\"2020-03-22T17:50:09+00:00\",\"breadcrumb\":{\"@id\":\"https:\/\/www.racingmotorsportparts.com\/index.php\/reprog-moteur\/#breadcrumb\"},\"inLanguage\":\"fr-FR\",\"potentialAction\":[{\"@type\":\"ReadAction\",\"target\":[\"https:\/\/www.racingmotorsportparts.com\/index.php\/reprog-moteur\/\"]}]},{\"@type\":\"ImageObject\",\"inLanguage\":\"fr-FR\",\"@id\":\"https:\/\/www.racingmotorsportparts.com\/index.php\/reprog-moteur\/#primaryimage\",\"url\":\"https:\/\/www.racingmotorsportparts.com\/wp-content\/uploads\/2019\/10\/ecutek_pub.jpg\",\"contentUrl\":\"https:\/\/www.racingmotorsportparts.com\/wp-content\/uploads\/2019\/10\/ecutek_pub.jpg\",\"width\":649,\"height\":584},{\"@type\":\"BreadcrumbList\",\"@id\":\"https:\/\/www.racingmotorsportparts.com\/index.php\/reprog-moteur\/#breadcrumb\",\"itemListElement\":[{\"@type\":\"ListItem\",\"position\":1,\"name\":\"Accueil\",\"item\":\"https:\/\/www.racingmotorsportparts.com\/\"},{\"@type\":\"ListItem\",\"position\":2,\"name\":\"Reprogrammation Ecutek\"}]},{\"@type\":\"WebSite\",\"@id\":\"https:\/\/www.racingmotorsportparts.com\/#website\",\"url\":\"https:\/\/www.racingmotorsportparts.com\/\",\"name\":\"Racing Motorsport Parts\",\"description\":\"Reprogrammateur et distributeur de pi\u00e8ces\",\"publisher\":{\"@id\":\"https:\/\/www.racingmotorsportparts.com\/#organization\"},\"potentialAction\":[{\"@type\":\"SearchAction\",\"target\":{\"@type\":\"EntryPoint\",\"urlTemplate\":\"https:\/\/www.racingmotorsportparts.com\/?s={search_term_string}\"},\"query-input\":{\"@type\":\"PropertyValueSpecification\",\"valueRequired\":true,\"valueName\":\"search_term_string\"}}],\"inLanguage\":\"fr-FR\"},{\"@type\":\"Organization\",\"@id\":\"https:\/\/www.racingmotorsportparts.com\/#organization\",\"name\":\"Racing Motorsport Parts\",\"url\":\"https:\/\/www.racingmotorsportparts.com\/\",\"logo\":{\"@type\":\"ImageObject\",\"inLanguage\":\"fr-FR\",\"@id\":\"https:\/\/www.racingmotorsportparts.com\/#\/schema\/logo\/image\/\",\"url\":\"https:\/\/www.racingmotorsportparts.com\/wp-content\/uploads\/2022\/09\/cropped-RMP.png\",\"contentUrl\":\"https:\/\/www.racingmotorsportparts.com\/wp-content\/uploads\/2022\/09\/cropped-RMP.png\",\"width\":1624,\"height\":542,\"caption\":\"Racing Motorsport Parts\"},\"image\":{\"@id\":\"https:\/\/www.racingmotorsportparts.com\/#\/schema\/logo\/image\/\"},\"sameAs\":[\"https:\/\/www.facebook.com\/RacingMotorsportParts\",\"https:\/\/www.instagram.com\/RacingMotorsportParts\"]}]}<\/script>\n<!-- \/ Yoast SEO plugin. -->","yoast_head_json":{"title":"Reprogrammation Ecutek - Racing Motorsport Parts","robots":{"index":"index","follow":"follow","max-snippet":"max-snippet:-1","max-image-preview":"max-image-preview:large","max-video-preview":"max-video-preview:-1"},"canonical":"https:\/\/www.racingmotorsportparts.com\/index.php\/reprog-moteur\/","og_locale":"fr_FR","og_type":"article","og_title":"Reprogrammation Ecutek - Racing Motorsport Parts","og_description":"Nous mettons \u00e0 votre disposition nos comp\u00e9tences sur les reprogrammations moteur avec le logiciel Ecutek, en vous proposant diff\u00e9rents \u00ab\u00a0stage\u00a0\u00bb. Nous sommes \u00ab\u00a0dealer officiel Ecutek\u00a0\u00bb, [...]","og_url":"https:\/\/www.racingmotorsportparts.com\/index.php\/reprog-moteur\/","og_site_name":"Racing Motorsport Parts","article_publisher":"https:\/\/www.facebook.com\/RacingMotorsportParts","article_modified_time":"2020-03-22T17:50:09+00:00","og_image":[{"url":"https:\/\/www.racingmotorsportparts.com\/wp-content\/uploads\/2019\/10\/ecutek_pub.jpg","type":"","width":"","height":""}],"twitter_card":"summary_large_image","twitter_misc":{"Dur\u00e9e de lecture estim\u00e9e":"1 minute"},"schema":{"@context":"https:\/\/schema.org","@graph":[{"@type":"WebPage","@id":"https:\/\/www.racingmotorsportparts.com\/index.php\/reprog-moteur\/","url":"https:\/\/www.racingmotorsportparts.com\/index.php\/reprog-moteur\/","name":"Reprogrammation Ecutek - Racing Motorsport Parts","isPartOf":{"@id":"https:\/\/www.racingmotorsportparts.com\/#website"},"primaryImageOfPage":{"@id":"https:\/\/www.racingmotorsportparts.com\/index.php\/reprog-moteur\/#primaryimage"},"image":{"@id":"https:\/\/www.racingmotorsportparts.com\/index.php\/reprog-moteur\/#primaryimage"},"thumbnailUrl":"https:\/\/www.racingmotorsportparts.com\/wp-content\/uploads\/2019\/10\/ecutek_pub.jpg","datePublished":"2015-10-01T19:09:51+00:00","dateModified":"2020-03-22T17:50:09+00:00","breadcrumb":{"@id":"https:\/\/www.racingmotorsportparts.com\/index.php\/reprog-moteur\/#breadcrumb"},"inLanguage":"fr-FR","potentialAction":[{"@type":"ReadAction","target":["https:\/\/www.racingmotorsportparts.com\/index.php\/reprog-moteur\/"]}]},{"@type":"ImageObject","inLanguage":"fr-FR","@id":"https:\/\/www.racingmotorsportparts.com\/index.php\/reprog-moteur\/#primaryimage","url":"https:\/\/www.racingmotorsportparts.com\/wp-content\/uploads\/2019\/10\/ecutek_pub.jpg","contentUrl":"https:\/\/www.racingmotorsportparts.com\/wp-content\/uploads\/2019\/10\/ecutek_pub.jpg","width":649,"height":584},{"@type":"BreadcrumbList","@id":"https:\/\/www.racingmotorsportparts.com\/index.php\/reprog-moteur\/#breadcrumb","itemListElement":[{"@type":"ListItem","position":1,"name":"Accueil","item":"https:\/\/www.racingmotorsportparts.com\/"},{"@type":"ListItem","position":2,"name":"Reprogrammation Ecutek"}]},{"@type":"WebSite","@id":"https:\/\/www.racingmotorsportparts.com\/#website","url":"https:\/\/www.racingmotorsportparts.com\/","name":"Racing Motorsport Parts","description":"Reprogrammateur et distributeur de pi\u00e8ces","publisher":{"@id":"https:\/\/www.racingmotorsportparts.com\/#organization"},"potentialAction":[{"@type":"SearchAction","target":{"@type":"EntryPoint","urlTemplate":"https:\/\/www.racingmotorsportparts.com\/?s={search_term_string}"},"query-input":{"@type":"PropertyValueSpecification","valueRequired":true,"valueName":"search_term_string"}}],"inLanguage":"fr-FR"},{"@type":"Organization","@id":"https:\/\/www.racingmotorsportparts.com\/#organization","name":"Racing Motorsport Parts","url":"https:\/\/www.racingmotorsportparts.com\/","logo":{"@type":"ImageObject","inLanguage":"fr-FR","@id":"https:\/\/www.racingmotorsportparts.com\/#\/schema\/logo\/image\/","url":"https:\/\/www.racingmotorsportparts.com\/wp-content\/uploads\/2022\/09\/cropped-RMP.png","contentUrl":"https:\/\/www.racingmotorsportparts.com\/wp-content\/uploads\/2022\/09\/cropped-RMP.png","width":1624,"height":542,"caption":"Racing Motorsport Parts"},"image":{"@id":"https:\/\/www.racingmotorsportparts.com\/#\/schema\/logo\/image\/"},"sameAs":["https:\/\/www.facebook.com\/RacingMotorsportParts","https:\/\/www.instagram.com\/RacingMotorsportParts"]}]}},"_links":{"self":[{"href":"https:\/\/www.racingmotorsportparts.com\/index.php\/wp-json\/wp\/v2\/pages\/2","targetHints":{"allow":["GET"]}}],"collection":[{"href":"https:\/\/www.racingmotorsportparts.com\/index.php\/wp-json\/wp\/v2\/pages"}],"about":[{"href":"https:\/\/www.racingmotorsportparts.com\/index.php\/wp-json\/wp\/v2\/types\/page"}],"author":[{"embeddable":true,"href":"https:\/\/www.racingmotorsportparts.com\/index.php\/wp-json\/wp\/v2\/users\/1"}],"replies":[{"embeddable":true,"href":"https:\/\/www.racingmotorsportparts.com\/index.php\/wp-json\/wp\/v2\/comments?post=2"}],"version-history":[{"count":16,"href":"https:\/\/www.racingmotorsportparts.com\/index.php\/wp-json\/wp\/v2\/pages\/2\/revisions"}],"predecessor-version":[{"id":1826,"href":"https:\/\/www.racingmotorsportparts.com\/index.php\/wp-json\/wp\/v2\/pages\/2\/revisions\/1826"}],"wp:attachment":[{"href":"https:\/\/www.racingmotorsportparts.com\/index.php\/wp-json\/wp\/v2\/media?parent=2"}],"curies":[{"name":"wp","href":"https:\/\/api.w.org\/{rel}","templated":true}]}}