{"id":1905,"date":"2020-05-17T17:17:40","date_gmt":"2020-05-17T15:17:40","guid":{"rendered":"https:\/\/www.racingmotorsportparts.com\/?page_id=1905"},"modified":"2020-05-17T18:14:41","modified_gmt":"2020-05-17T16:14:41","slug":"contactez-nous-par-skype","status":"publish","type":"page","link":"https:\/\/www.racingmotorsportparts.com\/index.php\/contactez-nous-par-skype\/","title":{"rendered":"Contactez-nous par Skype"},"content":{"rendered":"\n<p>Pour ceux qui le souhaitent, vous pouvez nous contacter via Skype au :<\/p>\n\n\n\n<figure class=\"wp-block-image size-large is-resized\"><img loading=\"lazy\" decoding=\"async\" src=\"https:\/\/www.racingmotorsportparts.com\/wp-content\/uploads\/2020\/05\/skype_id.png\" alt=\"\" class=\"wp-image-1913\" width=\"265\" height=\"23\" srcset=\"https:\/\/www.racingmotorsportparts.com\/wp-content\/uploads\/2020\/05\/skype_id.png 768w, https:\/\/www.racingmotorsportparts.com\/wp-content\/uploads\/2020\/05\/skype_id-600x53.png 600w, https:\/\/www.racingmotorsportparts.com\/wp-content\/uploads\/2020\/05\/skype_id-300x27.png 300w\" sizes=\"auto, (max-width: 265px) 100vw, 265px\" \/><\/figure>\n\n\n\n<p>Cela permettra d&rsquo;historiser et de tracer vos \u00e9changes en fonction de la disponibilit\u00e9 de personnes pr\u00e9sentes au si\u00e8ge social.<br><br>Les suisses\/suissesses (et autres \u00e9trangers) appr\u00e9cieront \u00e9galement la gratuit\u00e9 des appels et des messages. <br><br><u>Attention<\/u> : le si\u00e8ge social n&rsquo;est pas une hotline, ne soyez pas surpris des \u00e9ventuelles non-r\u00e9ponses \u00e0 vos appels (meeting, business trip, etc&#8230;).<br>Laissez-nous un message sur Skype afin que nous puissions vous recontacter d\u00e8s que possible. <\/p>\n","protected":false},"excerpt":{"rendered":"<div class=\"mh-excerpt\"><p>Pour ceux qui le souhaitent, vous pouvez nous contacter via Skype au : Cela permettra d&rsquo;historiser et de tracer vos \u00e9changes en fonction de la <a class=\"mh-excerpt-more\" href=\"https:\/\/www.racingmotorsportparts.com\/index.php\/contactez-nous-par-skype\/\" title=\"Contactez-nous par Skype\">[&#8230;]<\/a><\/p>\n<\/div>","protected":false},"author":1,"featured_media":0,"parent":0,"menu_order":0,"comment_status":"closed","ping_status":"closed","template":"","meta":{"footnotes":""},"class_list":["post-1905","page","type-page","status-publish","hentry"],"yoast_head":"<!-- This site is optimized with the Yoast SEO plugin v27.4 - https:\/\/yoast.com\/product\/yoast-seo-wordpress\/ -->\n<title>Contactez-nous par Skype - Racing Motorsport Parts<\/title>\n<meta name=\"robots\" content=\"index, follow, max-snippet:-1, max-image-preview:large, max-video-preview:-1\" \/>\n<link rel=\"canonical\" href=\"https:\/\/www.racingmotorsportparts.com\/index.php\/contactez-nous-par-skype\/\" \/>\n<meta property=\"og:locale\" content=\"fr_FR\" \/>\n<meta property=\"og:type\" content=\"article\" \/>\n<meta property=\"og:title\" content=\"Contactez-nous par Skype - Racing Motorsport Parts\" \/>\n<meta property=\"og:description\" content=\"Pour ceux qui le souhaitent, vous pouvez nous contacter via Skype au : Cela permettra d&rsquo;historiser et de tracer vos \u00e9changes en fonction de la [...]\" \/>\n<meta property=\"og:url\" content=\"https:\/\/www.racingmotorsportparts.com\/index.php\/contactez-nous-par-skype\/\" \/>\n<meta property=\"og:site_name\" content=\"Racing Motorsport Parts\" \/>\n<meta property=\"article:publisher\" content=\"https:\/\/www.facebook.com\/RacingMotorsportParts\" \/>\n<meta property=\"article:modified_time\" content=\"2020-05-17T16:14:41+00:00\" \/>\n<meta property=\"og:image\" content=\"https:\/\/www.racingmotorsportparts.com\/wp-content\/uploads\/2020\/05\/skype_id.png\" \/>\n<meta name=\"twitter:card\" content=\"summary_large_image\" \/>\n<script type=\"application\/ld+json\" class=\"yoast-schema-graph\">{\"@context\":\"https:\\\/\\\/schema.org\",\"@graph\":[{\"@type\":\"WebPage\",\"@id\":\"https:\\\/\\\/www.racingmotorsportparts.com\\\/index.php\\\/contactez-nous-par-skype\\\/\",\"url\":\"https:\\\/\\\/www.racingmotorsportparts.com\\\/index.php\\\/contactez-nous-par-skype\\\/\",\"name\":\"Contactez-nous par Skype - Racing Motorsport Parts\",\"isPartOf\":{\"@id\":\"https:\\\/\\\/www.racingmotorsportparts.com\\\/#website\"},\"primaryImageOfPage\":{\"@id\":\"https:\\\/\\\/www.racingmotorsportparts.com\\\/index.php\\\/contactez-nous-par-skype\\\/#primaryimage\"},\"image\":{\"@id\":\"https:\\\/\\\/www.racingmotorsportparts.com\\\/index.php\\\/contactez-nous-par-skype\\\/#primaryimage\"},\"thumbnailUrl\":\"https:\\\/\\\/www.racingmotorsportparts.com\\\/wp-content\\\/uploads\\\/2020\\\/05\\\/skype_id.png\",\"datePublished\":\"2020-05-17T15:17:40+00:00\",\"dateModified\":\"2020-05-17T16:14:41+00:00\",\"breadcrumb\":{\"@id\":\"https:\\\/\\\/www.racingmotorsportparts.com\\\/index.php\\\/contactez-nous-par-skype\\\/#breadcrumb\"},\"inLanguage\":\"fr-FR\",\"potentialAction\":[{\"@type\":\"ReadAction\",\"target\":[\"https:\\\/\\\/www.racingmotorsportparts.com\\\/index.php\\\/contactez-nous-par-skype\\\/\"]}]},{\"@type\":\"ImageObject\",\"inLanguage\":\"fr-FR\",\"@id\":\"https:\\\/\\\/www.racingmotorsportparts.com\\\/index.php\\\/contactez-nous-par-skype\\\/#primaryimage\",\"url\":\"https:\\\/\\\/www.racingmotorsportparts.com\\\/wp-content\\\/uploads\\\/2020\\\/05\\\/skype_id.png\",\"contentUrl\":\"https:\\\/\\\/www.racingmotorsportparts.com\\\/wp-content\\\/uploads\\\/2020\\\/05\\\/skype_id.png\",\"width\":768,\"height\":68},{\"@type\":\"BreadcrumbList\",\"@id\":\"https:\\\/\\\/www.racingmotorsportparts.com\\\/index.php\\\/contactez-nous-par-skype\\\/#breadcrumb\",\"itemListElement\":[{\"@type\":\"ListItem\",\"position\":1,\"name\":\"Accueil\",\"item\":\"https:\\\/\\\/www.racingmotorsportparts.com\\\/\"},{\"@type\":\"ListItem\",\"position\":2,\"name\":\"Contactez-nous par Skype\"}]},{\"@type\":\"WebSite\",\"@id\":\"https:\\\/\\\/www.racingmotorsportparts.com\\\/#website\",\"url\":\"https:\\\/\\\/www.racingmotorsportparts.com\\\/\",\"name\":\"Racing Motorsport Parts\",\"description\":\"Reprogrammateur et distributeur de pi\u00e8ces\",\"publisher\":{\"@id\":\"https:\\\/\\\/www.racingmotorsportparts.com\\\/#organization\"},\"potentialAction\":[{\"@type\":\"SearchAction\",\"target\":{\"@type\":\"EntryPoint\",\"urlTemplate\":\"https:\\\/\\\/www.racingmotorsportparts.com\\\/?s={search_term_string}\"},\"query-input\":{\"@type\":\"PropertyValueSpecification\",\"valueRequired\":true,\"valueName\":\"search_term_string\"}}],\"inLanguage\":\"fr-FR\"},{\"@type\":\"Organization\",\"@id\":\"https:\\\/\\\/www.racingmotorsportparts.com\\\/#organization\",\"name\":\"Racing Motorsport Parts\",\"url\":\"https:\\\/\\\/www.racingmotorsportparts.com\\\/\",\"logo\":{\"@type\":\"ImageObject\",\"inLanguage\":\"fr-FR\",\"@id\":\"https:\\\/\\\/www.racingmotorsportparts.com\\\/#\\\/schema\\\/logo\\\/image\\\/\",\"url\":\"https:\\\/\\\/www.racingmotorsportparts.com\\\/wp-content\\\/uploads\\\/2022\\\/09\\\/cropped-RMP.png\",\"contentUrl\":\"https:\\\/\\\/www.racingmotorsportparts.com\\\/wp-content\\\/uploads\\\/2022\\\/09\\\/cropped-RMP.png\",\"width\":1624,\"height\":542,\"caption\":\"Racing Motorsport Parts\"},\"image\":{\"@id\":\"https:\\\/\\\/www.racingmotorsportparts.com\\\/#\\\/schema\\\/logo\\\/image\\\/\"},\"sameAs\":[\"https:\\\/\\\/www.facebook.com\\\/RacingMotorsportParts\",\"https:\\\/\\\/www.instagram.com\\\/RacingMotorsportParts\"]}]}<\/script>\n<!-- \/ Yoast SEO plugin. -->","yoast_head_json":{"title":"Contactez-nous par Skype - Racing Motorsport Parts","robots":{"index":"index","follow":"follow","max-snippet":"max-snippet:-1","max-image-preview":"max-image-preview:large","max-video-preview":"max-video-preview:-1"},"canonical":"https:\/\/www.racingmotorsportparts.com\/index.php\/contactez-nous-par-skype\/","og_locale":"fr_FR","og_type":"article","og_title":"Contactez-nous par Skype - Racing Motorsport Parts","og_description":"Pour ceux qui le souhaitent, vous pouvez nous contacter via Skype au : Cela permettra d&rsquo;historiser et de tracer vos \u00e9changes en fonction de la [...]","og_url":"https:\/\/www.racingmotorsportparts.com\/index.php\/contactez-nous-par-skype\/","og_site_name":"Racing Motorsport Parts","article_publisher":"https:\/\/www.facebook.com\/RacingMotorsportParts","article_modified_time":"2020-05-17T16:14:41+00:00","og_image":[{"url":"https:\/\/www.racingmotorsportparts.com\/wp-content\/uploads\/2020\/05\/skype_id.png","type":"","width":"","height":""}],"twitter_card":"summary_large_image","schema":{"@context":"https:\/\/schema.org","@graph":[{"@type":"WebPage","@id":"https:\/\/www.racingmotorsportparts.com\/index.php\/contactez-nous-par-skype\/","url":"https:\/\/www.racingmotorsportparts.com\/index.php\/contactez-nous-par-skype\/","name":"Contactez-nous par Skype - Racing Motorsport Parts","isPartOf":{"@id":"https:\/\/www.racingmotorsportparts.com\/#website"},"primaryImageOfPage":{"@id":"https:\/\/www.racingmotorsportparts.com\/index.php\/contactez-nous-par-skype\/#primaryimage"},"image":{"@id":"https:\/\/www.racingmotorsportparts.com\/index.php\/contactez-nous-par-skype\/#primaryimage"},"thumbnailUrl":"https:\/\/www.racingmotorsportparts.com\/wp-content\/uploads\/2020\/05\/skype_id.png","datePublished":"2020-05-17T15:17:40+00:00","dateModified":"2020-05-17T16:14:41+00:00","breadcrumb":{"@id":"https:\/\/www.racingmotorsportparts.com\/index.php\/contactez-nous-par-skype\/#breadcrumb"},"inLanguage":"fr-FR","potentialAction":[{"@type":"ReadAction","target":["https:\/\/www.racingmotorsportparts.com\/index.php\/contactez-nous-par-skype\/"]}]},{"@type":"ImageObject","inLanguage":"fr-FR","@id":"https:\/\/www.racingmotorsportparts.com\/index.php\/contactez-nous-par-skype\/#primaryimage","url":"https:\/\/www.racingmotorsportparts.com\/wp-content\/uploads\/2020\/05\/skype_id.png","contentUrl":"https:\/\/www.racingmotorsportparts.com\/wp-content\/uploads\/2020\/05\/skype_id.png","width":768,"height":68},{"@type":"BreadcrumbList","@id":"https:\/\/www.racingmotorsportparts.com\/index.php\/contactez-nous-par-skype\/#breadcrumb","itemListElement":[{"@type":"ListItem","position":1,"name":"Accueil","item":"https:\/\/www.racingmotorsportparts.com\/"},{"@type":"ListItem","position":2,"name":"Contactez-nous par Skype"}]},{"@type":"WebSite","@id":"https:\/\/www.racingmotorsportparts.com\/#website","url":"https:\/\/www.racingmotorsportparts.com\/","name":"Racing Motorsport Parts","description":"Reprogrammateur et distributeur de pi\u00e8ces","publisher":{"@id":"https:\/\/www.racingmotorsportparts.com\/#organization"},"potentialAction":[{"@type":"SearchAction","target":{"@type":"EntryPoint","urlTemplate":"https:\/\/www.racingmotorsportparts.com\/?s={search_term_string}"},"query-input":{"@type":"PropertyValueSpecification","valueRequired":true,"valueName":"search_term_string"}}],"inLanguage":"fr-FR"},{"@type":"Organization","@id":"https:\/\/www.racingmotorsportparts.com\/#organization","name":"Racing Motorsport Parts","url":"https:\/\/www.racingmotorsportparts.com\/","logo":{"@type":"ImageObject","inLanguage":"fr-FR","@id":"https:\/\/www.racingmotorsportparts.com\/#\/schema\/logo\/image\/","url":"https:\/\/www.racingmotorsportparts.com\/wp-content\/uploads\/2022\/09\/cropped-RMP.png","contentUrl":"https:\/\/www.racingmotorsportparts.com\/wp-content\/uploads\/2022\/09\/cropped-RMP.png","width":1624,"height":542,"caption":"Racing Motorsport Parts"},"image":{"@id":"https:\/\/www.racingmotorsportparts.com\/#\/schema\/logo\/image\/"},"sameAs":["https:\/\/www.facebook.com\/RacingMotorsportParts","https:\/\/www.instagram.com\/RacingMotorsportParts"]}]}},"_links":{"self":[{"href":"https:\/\/www.racingmotorsportparts.com\/index.php\/wp-json\/wp\/v2\/pages\/1905","targetHints":{"allow":["GET"]}}],"collection":[{"href":"https:\/\/www.racingmotorsportparts.com\/index.php\/wp-json\/wp\/v2\/pages"}],"about":[{"href":"https:\/\/www.racingmotorsportparts.com\/index.php\/wp-json\/wp\/v2\/types\/page"}],"author":[{"embeddable":true,"href":"https:\/\/www.racingmotorsportparts.com\/index.php\/wp-json\/wp\/v2\/users\/1"}],"replies":[{"embeddable":true,"href":"https:\/\/www.racingmotorsportparts.com\/index.php\/wp-json\/wp\/v2\/comments?post=1905"}],"version-history":[{"count":3,"href":"https:\/\/www.racingmotorsportparts.com\/index.php\/wp-json\/wp\/v2\/pages\/1905\/revisions"}],"predecessor-version":[{"id":1915,"href":"https:\/\/www.racingmotorsportparts.com\/index.php\/wp-json\/wp\/v2\/pages\/1905\/revisions\/1915"}],"wp:attachment":[{"href":"https:\/\/www.racingmotorsportparts.com\/index.php\/wp-json\/wp\/v2\/media?parent=1905"}],"curies":[{"name":"wp","href":"https:\/\/api.w.org\/{rel}","templated":true}]}}