{"id":1233,"date":"2018-10-08T20:47:45","date_gmt":"2018-10-08T19:47:45","guid":{"rendered":"https:\/\/www.racingmotorsportparts.com\/?page_id=1233"},"modified":"2025-03-25T19:40:23","modified_gmt":"2025-03-25T17:40:23","slug":"contactez-la-boutique-de-st-genis-pouilly","status":"publish","type":"page","link":"https:\/\/www.racingmotorsportparts.com\/","title":{"rendered":"Accueil"},"content":{"rendered":"\n<h2 class=\"has-vivid-red-color has-text-color wp-block-heading\">Reprogrammation de votre v\u00e9hicule<\/h2>\n\n\n\n<p>Si vous souhaitez reprogrammer votre v\u00e9hicule dans le Pays de Gex, rendez-vous sur notre site d\u00e9di\u00e9 aux reprogrammations \u00e0 l&rsquo;adresse <a href=\"https:\/\/www.superchips.fr\">https:\/\/www.superchips.fr<\/a><br>Un espace de 150m2 nous permettra de r\u00e9ceptionner celui-ci dans de bonnes conditions.<br>Nous travaillons avec <strong>Autotuner<\/strong>, <strong>Kess V3<\/strong>, CMD Flash, BDM, Tactrix et <strong>Ecutek<\/strong> en fonction de la marque et du mod\u00e8le de votre v\u00e9hicule.<\/p>\n\n\n\n<h2 class=\"has-vivid-red-color has-text-color wp-block-heading\">Conversion au bio-ethanol E85<\/h2>\n\n\n\n<p>Nous reprogrammons les calculateurs de vos v\u00e9hicules afin que ceux-ci puissent rouler aussi bien \u00e0 l&rsquo;E85 (bio-ethanol) qu&rsquo;au SP98 gr\u00e2ce \u00e0 des reprogrammations de type FlexFuel.<br>Pour certains v\u00e9hicules, nous pouvons faire de la bi-cartographie (comme par exemple sur les Subaru).<\/p>\n\n\n\n<h2 class=\"has-vivid-red-color has-text-color wp-block-heading\">Pop &amp; Bang, crackle map, suppression EGR, etc&#8230;<\/h2>\n\n\n\n<p>Nous pouvons vous augmenter votre crackle map, rajouter du DSG farts, supprimer l&rsquo;ADblue, et bien plus encore. <br>Avec Ecutek, nous avons la possibilit\u00e9 d&rsquo;activer le mode flamme sur vos Nissan GTR, ou bien encore de r\u00e9aliser vos reprogrammations les plus extr\u00eames.<\/p>\n\n\n\n<h2 class=\"has-vivid-red-color has-text-color wp-block-heading\">Diagnostique et recodage<\/h2>\n\n\n\n<p>Nous avons aussi le mat\u00e9riel pour r\u00e9aliser vos diagnostiques afin de trouver la ou les pannes de votre v\u00e9hicule.<br>Nous pouvons aussi r\u00e9aliser le recodage de votre v\u00e9hicule afin de vous activer de nouvelles options ou bien encore de reconfigurer vos injecteurs, pompes d&rsquo;injection (VP44&#8230;), capteurs TPMS et autres.<br>Notre mat\u00e9riel nous permet aussi de <strong>recoder vos cl\u00e9s de voiture<\/strong>.<\/p>\n\n\n\n<h2 class=\"has-vivid-red-color has-text-color wp-block-heading\">Vente de pi\u00e8ces<\/h2>\n\n\n\n<p>Nous revendons tous les produits du catalogue Oreca, du site Driftshop et du site Stef Design. Nos prix sont identiques aux leurs, vous gagnez donc les frais de port.<br>Nous sommes aussi revendeur Yokohama.<br>Nous avons une boutique en ligne <a href=\"https:\/\/www.racingmotorsportparts.com\/index.php\/boutique\">ici<\/a> <\/p>\n\n\n\n<h2 class=\"has-vivid-red-color has-text-color wp-block-heading\">Tags<\/h2>\n\n\n\n<p>Reprogrammation moteur dans le Pays de Gex<br>Reprogrammation bio\u00e9thanol, conversion bio\u00e9thanol dans le pays de Gex<\/p>\n","protected":false},"excerpt":{"rendered":"<div class=\"mh-excerpt\"><p>Reprogrammation de votre v\u00e9hicule Si vous souhaitez reprogrammer votre v\u00e9hicule dans le Pays de Gex, rendez-vous sur notre site d\u00e9di\u00e9 aux reprogrammations \u00e0 l&rsquo;adresse https:\/\/www.superchips.frUn <a class=\"mh-excerpt-more\" href=\"https:\/\/www.racingmotorsportparts.com\/\" title=\"Accueil\">[&#8230;]<\/a><\/p>\n<\/div>","protected":false},"author":1,"featured_media":0,"parent":0,"menu_order":0,"comment_status":"closed","ping_status":"closed","template":"","meta":{"footnotes":""},"class_list":["post-1233","page","type-page","status-publish","hentry"],"yoast_head":"<!-- This site is optimized with the Yoast SEO plugin v27.4 - https:\/\/yoast.com\/product\/yoast-seo-wordpress\/ -->\n<title>Accueil - Racing Motorsport Parts<\/title>\n<meta name=\"robots\" content=\"index, follow, max-snippet:-1, max-image-preview:large, max-video-preview:-1\" \/>\n<link rel=\"canonical\" href=\"https:\/\/www.racingmotorsportparts.com\/\" \/>\n<meta property=\"og:locale\" content=\"fr_FR\" \/>\n<meta property=\"og:type\" content=\"article\" \/>\n<meta property=\"og:title\" content=\"Accueil - Racing Motorsport Parts\" \/>\n<meta property=\"og:description\" content=\"Reprogrammation de votre v\u00e9hicule Si vous souhaitez reprogrammer votre v\u00e9hicule dans le Pays de Gex, rendez-vous sur notre site d\u00e9di\u00e9 aux reprogrammations \u00e0 l&rsquo;adresse https:\/\/www.superchips.frUn [...]\" \/>\n<meta property=\"og:url\" content=\"https:\/\/www.racingmotorsportparts.com\/\" \/>\n<meta property=\"og:site_name\" content=\"Racing Motorsport Parts\" \/>\n<meta property=\"article:publisher\" content=\"https:\/\/www.facebook.com\/RacingMotorsportParts\" \/>\n<meta property=\"article:modified_time\" content=\"2025-03-25T17:40:23+00:00\" \/>\n<meta name=\"twitter:card\" content=\"summary_large_image\" \/>\n<meta name=\"twitter:label1\" content=\"Dur\u00e9e de lecture estim\u00e9e\" \/>\n\t<meta name=\"twitter:data1\" content=\"2 minutes\" \/>\n<script type=\"application\/ld+json\" class=\"yoast-schema-graph\">{\"@context\":\"https:\\\/\\\/schema.org\",\"@graph\":[{\"@type\":\"WebPage\",\"@id\":\"https:\\\/\\\/www.racingmotorsportparts.com\\\/\",\"url\":\"https:\\\/\\\/www.racingmotorsportparts.com\\\/\",\"name\":\"Accueil - Racing Motorsport Parts\",\"isPartOf\":{\"@id\":\"https:\\\/\\\/www.racingmotorsportparts.com\\\/#website\"},\"datePublished\":\"2018-10-08T19:47:45+00:00\",\"dateModified\":\"2025-03-25T17:40:23+00:00\",\"breadcrumb\":{\"@id\":\"https:\\\/\\\/www.racingmotorsportparts.com\\\/#breadcrumb\"},\"inLanguage\":\"fr-FR\",\"potentialAction\":[{\"@type\":\"ReadAction\",\"target\":[\"https:\\\/\\\/www.racingmotorsportparts.com\\\/\"]}]},{\"@type\":\"BreadcrumbList\",\"@id\":\"https:\\\/\\\/www.racingmotorsportparts.com\\\/#breadcrumb\",\"itemListElement\":[{\"@type\":\"ListItem\",\"position\":1,\"name\":\"Accueil\",\"item\":\"https:\\\/\\\/www.racingmotorsportparts.com\\\/\"},{\"@type\":\"ListItem\",\"position\":2,\"name\":\"Accueil\"}]},{\"@type\":\"WebSite\",\"@id\":\"https:\\\/\\\/www.racingmotorsportparts.com\\\/#website\",\"url\":\"https:\\\/\\\/www.racingmotorsportparts.com\\\/\",\"name\":\"Racing Motorsport Parts\",\"description\":\"Reprogrammateur et distributeur de pi\u00e8ces\",\"publisher\":{\"@id\":\"https:\\\/\\\/www.racingmotorsportparts.com\\\/#organization\"},\"potentialAction\":[{\"@type\":\"SearchAction\",\"target\":{\"@type\":\"EntryPoint\",\"urlTemplate\":\"https:\\\/\\\/www.racingmotorsportparts.com\\\/?s={search_term_string}\"},\"query-input\":{\"@type\":\"PropertyValueSpecification\",\"valueRequired\":true,\"valueName\":\"search_term_string\"}}],\"inLanguage\":\"fr-FR\"},{\"@type\":\"Organization\",\"@id\":\"https:\\\/\\\/www.racingmotorsportparts.com\\\/#organization\",\"name\":\"Racing Motorsport Parts\",\"url\":\"https:\\\/\\\/www.racingmotorsportparts.com\\\/\",\"logo\":{\"@type\":\"ImageObject\",\"inLanguage\":\"fr-FR\",\"@id\":\"https:\\\/\\\/www.racingmotorsportparts.com\\\/#\\\/schema\\\/logo\\\/image\\\/\",\"url\":\"https:\\\/\\\/www.racingmotorsportparts.com\\\/wp-content\\\/uploads\\\/2022\\\/09\\\/cropped-RMP.png\",\"contentUrl\":\"https:\\\/\\\/www.racingmotorsportparts.com\\\/wp-content\\\/uploads\\\/2022\\\/09\\\/cropped-RMP.png\",\"width\":1624,\"height\":542,\"caption\":\"Racing Motorsport Parts\"},\"image\":{\"@id\":\"https:\\\/\\\/www.racingmotorsportparts.com\\\/#\\\/schema\\\/logo\\\/image\\\/\"},\"sameAs\":[\"https:\\\/\\\/www.facebook.com\\\/RacingMotorsportParts\",\"https:\\\/\\\/www.instagram.com\\\/RacingMotorsportParts\"]}]}<\/script>\n<!-- \/ Yoast SEO plugin. -->","yoast_head_json":{"title":"Accueil - Racing Motorsport Parts","robots":{"index":"index","follow":"follow","max-snippet":"max-snippet:-1","max-image-preview":"max-image-preview:large","max-video-preview":"max-video-preview:-1"},"canonical":"https:\/\/www.racingmotorsportparts.com\/","og_locale":"fr_FR","og_type":"article","og_title":"Accueil - Racing Motorsport Parts","og_description":"Reprogrammation de votre v\u00e9hicule Si vous souhaitez reprogrammer votre v\u00e9hicule dans le Pays de Gex, rendez-vous sur notre site d\u00e9di\u00e9 aux reprogrammations \u00e0 l&rsquo;adresse https:\/\/www.superchips.frUn [...]","og_url":"https:\/\/www.racingmotorsportparts.com\/","og_site_name":"Racing Motorsport Parts","article_publisher":"https:\/\/www.facebook.com\/RacingMotorsportParts","article_modified_time":"2025-03-25T17:40:23+00:00","twitter_card":"summary_large_image","twitter_misc":{"Dur\u00e9e de lecture estim\u00e9e":"2 minutes"},"schema":{"@context":"https:\/\/schema.org","@graph":[{"@type":"WebPage","@id":"https:\/\/www.racingmotorsportparts.com\/","url":"https:\/\/www.racingmotorsportparts.com\/","name":"Accueil - Racing Motorsport Parts","isPartOf":{"@id":"https:\/\/www.racingmotorsportparts.com\/#website"},"datePublished":"2018-10-08T19:47:45+00:00","dateModified":"2025-03-25T17:40:23+00:00","breadcrumb":{"@id":"https:\/\/www.racingmotorsportparts.com\/#breadcrumb"},"inLanguage":"fr-FR","potentialAction":[{"@type":"ReadAction","target":["https:\/\/www.racingmotorsportparts.com\/"]}]},{"@type":"BreadcrumbList","@id":"https:\/\/www.racingmotorsportparts.com\/#breadcrumb","itemListElement":[{"@type":"ListItem","position":1,"name":"Accueil","item":"https:\/\/www.racingmotorsportparts.com\/"},{"@type":"ListItem","position":2,"name":"Accueil"}]},{"@type":"WebSite","@id":"https:\/\/www.racingmotorsportparts.com\/#website","url":"https:\/\/www.racingmotorsportparts.com\/","name":"Racing Motorsport Parts","description":"Reprogrammateur et distributeur de pi\u00e8ces","publisher":{"@id":"https:\/\/www.racingmotorsportparts.com\/#organization"},"potentialAction":[{"@type":"SearchAction","target":{"@type":"EntryPoint","urlTemplate":"https:\/\/www.racingmotorsportparts.com\/?s={search_term_string}"},"query-input":{"@type":"PropertyValueSpecification","valueRequired":true,"valueName":"search_term_string"}}],"inLanguage":"fr-FR"},{"@type":"Organization","@id":"https:\/\/www.racingmotorsportparts.com\/#organization","name":"Racing Motorsport Parts","url":"https:\/\/www.racingmotorsportparts.com\/","logo":{"@type":"ImageObject","inLanguage":"fr-FR","@id":"https:\/\/www.racingmotorsportparts.com\/#\/schema\/logo\/image\/","url":"https:\/\/www.racingmotorsportparts.com\/wp-content\/uploads\/2022\/09\/cropped-RMP.png","contentUrl":"https:\/\/www.racingmotorsportparts.com\/wp-content\/uploads\/2022\/09\/cropped-RMP.png","width":1624,"height":542,"caption":"Racing Motorsport Parts"},"image":{"@id":"https:\/\/www.racingmotorsportparts.com\/#\/schema\/logo\/image\/"},"sameAs":["https:\/\/www.facebook.com\/RacingMotorsportParts","https:\/\/www.instagram.com\/RacingMotorsportParts"]}]}},"_links":{"self":[{"href":"https:\/\/www.racingmotorsportparts.com\/index.php\/wp-json\/wp\/v2\/pages\/1233","targetHints":{"allow":["GET"]}}],"collection":[{"href":"https:\/\/www.racingmotorsportparts.com\/index.php\/wp-json\/wp\/v2\/pages"}],"about":[{"href":"https:\/\/www.racingmotorsportparts.com\/index.php\/wp-json\/wp\/v2\/types\/page"}],"author":[{"embeddable":true,"href":"https:\/\/www.racingmotorsportparts.com\/index.php\/wp-json\/wp\/v2\/users\/1"}],"replies":[{"embeddable":true,"href":"https:\/\/www.racingmotorsportparts.com\/index.php\/wp-json\/wp\/v2\/comments?post=1233"}],"version-history":[{"count":21,"href":"https:\/\/www.racingmotorsportparts.com\/index.php\/wp-json\/wp\/v2\/pages\/1233\/revisions"}],"predecessor-version":[{"id":2432,"href":"https:\/\/www.racingmotorsportparts.com\/index.php\/wp-json\/wp\/v2\/pages\/1233\/revisions\/2432"}],"wp:attachment":[{"href":"https:\/\/www.racingmotorsportparts.com\/index.php\/wp-json\/wp\/v2\/media?parent=1233"}],"curies":[{"name":"wp","href":"https:\/\/api.w.org\/{rel}","templated":true}]}}